{"id":1000,"date":"2021-10-29T22:38:08","date_gmt":"2021-10-29T22:38:08","guid":{"rendered":"https:\/\/variace.kviff.com\/?page_id=1000"},"modified":"2021-11-02T07:08:00","modified_gmt":"2021-11-02T07:08:00","slug":"bozi-ruka","status":"publish","type":"page","link":"https:\/\/variace.kviff.com\/en\/bozi-ruka\/","title":{"rendered":"The Hand of God"},"content":{"rendered":"<div data-elementor-type=\"wp-page\" data-elementor-id=\"1000\" class=\"elementor elementor-1000\" data-elementor-post-type=\"page\">\n\t\t\t\t\t\t<section class=\"elementor-section elementor-top-section elementor-element elementor-element-0f5b2e3 elementor-section-full_width elementor-hidden-tablet elementor-hidden-mobile elementor-section-height-default elementor-section-height-default\" data-id=\"0f5b2e3\" data-element_type=\"section\" data-e-type=\"section\">\n\t\t\t\t\t\t<div class=\"elementor-container elementor-column-gap-no\">\n\t\t\t\t\t<div class=\"elementor-column elementor-col-100 elementor-top-column elementor-element elementor-element-fe034cc\" data-id=\"fe034cc\" data-element_type=\"column\" data-e-type=\"column\">\n\t\t\t<div class=\"elementor-widget-wrap elementor-element-populated\">\n\t\t\t\t\t\t<div class=\"elementor-element elementor-element-0a0297f elementor-widget elementor-widget-image\" data-id=\"0a0297f\" data-element_type=\"widget\" data-e-type=\"widget\" data-widget_type=\"image.default\">\n\t\t\t\t<div class=\"elementor-widget-container\">\n\t\t\t\t\t\t\t\t\t\t\t\t\t\t\t<img fetchpriority=\"high\" decoding=\"async\" width=\"1920\" height=\"750\" src=\"https:\/\/variace.kviff.com\/wp-content\/uploads\/2021\/10\/variace-kviff-fotky-detail-1920x750-bozi-ruka.jpg\" class=\"attachment-full size-full wp-image-1002\" alt=\"\" srcset=\"https:\/\/variace.kviff.com\/wp-content\/uploads\/2021\/10\/variace-kviff-fotky-detail-1920x750-bozi-ruka.jpg 1920w, https:\/\/variace.kviff.com\/wp-content\/uploads\/2021\/10\/variace-kviff-fotky-detail-1920x750-bozi-ruka-300x117.jpg 300w, https:\/\/variace.kviff.com\/wp-content\/uploads\/2021\/10\/variace-kviff-fotky-detail-1920x750-bozi-ruka-1024x400.jpg 1024w, https:\/\/variace.kviff.com\/wp-content\/uploads\/2021\/10\/variace-kviff-fotky-detail-1920x750-bozi-ruka-768x300.jpg 768w, https:\/\/variace.kviff.com\/wp-content\/uploads\/2021\/10\/variace-kviff-fotky-detail-1920x750-bozi-ruka-1536x600.jpg 1536w\" sizes=\"(max-width: 1920px) 100vw, 1920px\" \/>\t\t\t\t\t\t\t\t\t\t\t\t\t\t\t<\/div>\n\t\t\t\t<\/div>\n\t\t\t\t\t<\/div>\n\t\t<\/div>\n\t\t\t\t\t<\/div>\n\t\t<\/section>\n\t\t\t\t<section class=\"elementor-section elementor-top-section elementor-element elementor-element-bd8c347 elementor-section-full_width elementor-hidden-desktop elementor-section-height-default elementor-section-height-default\" data-id=\"bd8c347\" data-element_type=\"section\" data-e-type=\"section\">\n\t\t\t\t\t\t<div class=\"elementor-container elementor-column-gap-no\">\n\t\t\t\t\t<div class=\"elementor-column elementor-col-100 elementor-top-column elementor-element elementor-element-9bfccd1\" data-id=\"9bfccd1\" data-element_type=\"column\" data-e-type=\"column\">\n\t\t\t<div class=\"elementor-widget-wrap elementor-element-populated\">\n\t\t\t\t\t\t<div class=\"elementor-element elementor-element-7eb5f4b elementor-widget elementor-widget-image\" data-id=\"7eb5f4b\" data-element_type=\"widget\" data-e-type=\"widget\" data-widget_type=\"image.default\">\n\t\t\t\t<div class=\"elementor-widget-container\">\n\t\t\t\t\t\t\t\t\t\t\t\t\t\t\t<img decoding=\"async\" width=\"1920\" height=\"1280\" src=\"https:\/\/variace.kviff.com\/wp-content\/uploads\/2021\/11\/variace-kviff-fotky-detail-1920x1280-bozi-ruka-1.jpg\" class=\"attachment-full size-full wp-image-1827\" alt=\"\" srcset=\"https:\/\/variace.kviff.com\/wp-content\/uploads\/2021\/11\/variace-kviff-fotky-detail-1920x1280-bozi-ruka-1.jpg 1920w, https:\/\/variace.kviff.com\/wp-content\/uploads\/2021\/11\/variace-kviff-fotky-detail-1920x1280-bozi-ruka-1-300x200.jpg 300w, https:\/\/variace.kviff.com\/wp-content\/uploads\/2021\/11\/variace-kviff-fotky-detail-1920x1280-bozi-ruka-1-1024x683.jpg 1024w, https:\/\/variace.kviff.com\/wp-content\/uploads\/2021\/11\/variace-kviff-fotky-detail-1920x1280-bozi-ruka-1-768x512.jpg 768w, https:\/\/variace.kviff.com\/wp-content\/uploads\/2021\/11\/variace-kviff-fotky-detail-1920x1280-bozi-ruka-1-1536x1024.jpg 1536w\" sizes=\"(max-width: 1920px) 100vw, 1920px\" \/>\t\t\t\t\t\t\t\t\t\t\t\t\t\t\t<\/div>\n\t\t\t\t<\/div>\n\t\t\t\t\t<\/div>\n\t\t<\/div>\n\t\t\t\t\t<\/div>\n\t\t<\/section>\n\t\t\t\t<section class=\"elementor-section elementor-top-section elementor-element elementor-element-7976097 elementor-section-boxed elementor-section-height-default elementor-section-height-default\" data-id=\"7976097\" data-element_type=\"section\" data-e-type=\"section\">\n\t\t\t\t\t\t<div class=\"elementor-container elementor-column-gap-default\">\n\t\t\t\t\t<div class=\"elementor-column elementor-col-100 elementor-top-column elementor-element elementor-element-c9f0559\" data-id=\"c9f0559\" data-element_type=\"column\" data-e-type=\"column\">\n\t\t\t<div class=\"elementor-widget-wrap elementor-element-populated\">\n\t\t\t\t\t\t<div class=\"elementor-element elementor-element-f237748 elementor-widget elementor-widget-text-editor\" data-id=\"f237748\" data-element_type=\"widget\" data-e-type=\"widget\" data-widget_type=\"text-editor.default\">\n\t\t\t\t<div class=\"elementor-widget-container\">\n\t\t\t\t\t\t\t\t\t<h1><span style=\"font-weight: 400;\">The Hand of God<\/span><\/h1>\t\t\t\t\t\t\t\t<\/div>\n\t\t\t\t<\/div>\n\t\t\t\t<div class=\"elementor-element elementor-element-c23792d elementor-widget elementor-widget-text-editor\" data-id=\"c23792d\" data-element_type=\"widget\" data-e-type=\"widget\" data-widget_type=\"text-editor.default\">\n\t\t\t\t<div class=\"elementor-widget-container\">\n\t\t\t\t\t\t\t\t\t<p><span style=\"font-weight: 400;\">Fri. 19 Nov. 2021 \/ 7:30 pm \/ Karlovy Vary Municipal Theatre<\/span><br \/><span style=\"font-weight: 400;\">Fri. 19 Nov. 2021 \/ 8 pm \/ \u010cas Cinema<\/span><br \/><span style=\"font-weight: 400;\">Sat. 20 Nov.2021 \/ 8 pm \/ \u010cas Cinema<\/span><\/p>\t\t\t\t\t\t\t\t<\/div>\n\t\t\t\t<\/div>\n\t\t\t\t\t<\/div>\n\t\t<\/div>\n\t\t\t\t\t<\/div>\n\t\t<\/section>\n\t\t\t\t<section class=\"elementor-section elementor-top-section elementor-element elementor-element-9829579 elementor-section-boxed elementor-section-height-default elementor-section-height-default\" data-id=\"9829579\" data-element_type=\"section\" data-e-type=\"section\">\n\t\t\t\t\t\t<div class=\"elementor-container elementor-column-gap-default\">\n\t\t\t\t\t<div class=\"elementor-column elementor-col-100 elementor-top-column elementor-element elementor-element-5eb0a7d\" data-id=\"5eb0a7d\" data-element_type=\"column\" data-e-type=\"column\">\n\t\t\t<div class=\"elementor-widget-wrap elementor-element-populated\">\n\t\t\t\t\t\t<div class=\"elementor-element elementor-element-eabbc5f elementor-widget elementor-widget-text-editor\" data-id=\"eabbc5f\" data-element_type=\"widget\" data-e-type=\"widget\" data-widget_type=\"text-editor.default\">\n\t\t\t\t<div class=\"elementor-widget-container\">\n\t\t\t\t\t\t\t\t\t<span class=\"h3-small\" style=\"font-weight: 400;\">Exclusive pre-premiere of the latest film by Paolo Sorrentino. <\/span>\n<h5><span style=\"font-weight: 400;\">The Oscar-winning director of The Great Beauty and the Karlovy Vary festival hit Youth presents a captivating, autobiographically tinged film set in the pulsating city of Naples in the mid-1980s. The main character of this love letter to Sorrentino\u2019s hometown and its distinctive inhabitants is seventeen-year-old Fabietto, who is approaching adulthood surrounded by his sympathetically madcap family and who is also a devoted fan of the football legend Diego Maradona. <\/span><\/h5>\t\t\t\t\t\t\t\t<\/div>\n\t\t\t\t<\/div>\n\t\t\t\t\t<\/div>\n\t\t<\/div>\n\t\t\t\t\t<\/div>\n\t\t<\/section>\n\t\t\t\t<section class=\"elementor-section elementor-top-section elementor-element elementor-element-c1f38de elementor-section-boxed elementor-section-height-default elementor-section-height-default\" data-id=\"c1f38de\" data-element_type=\"section\" data-e-type=\"section\">\n\t\t\t\t\t\t<div class=\"elementor-container elementor-column-gap-default\">\n\t\t\t\t\t<div class=\"elementor-column elementor-col-100 elementor-top-column elementor-element elementor-element-d9b8fc5\" data-id=\"d9b8fc5\" data-element_type=\"column\" data-e-type=\"column\">\n\t\t\t<div class=\"elementor-widget-wrap elementor-element-populated\">\n\t\t\t\t\t\t<div class=\"elementor-element elementor-element-d5c13d0 elementor-widget elementor-widget-text-editor\" data-id=\"d5c13d0\" data-element_type=\"widget\" data-e-type=\"widget\" data-widget_type=\"text-editor.default\">\n\t\t\t\t<div class=\"elementor-widget-container\">\n\t\t\t\t\t\t\t\t\t<h6>Technical details:<\/h6>\n<h5>USA \/ ITALY, 2021, 129 MIN., 15 + <\/h5>\n<h6>Language:<\/h6>\n<h5>ITALIAN, ENGLISH AND CZECH SUBTITLES<\/h5>\n<h6>Directed by:<\/h6>\n<h5>Paolo Sorrentino<\/h5>\n<h6>With:<\/h6>\n<h5>Toni Servillo, Filippo Scotti, Teresa Saponangelo, Lino Musella, Alfonso Perugini, Luisa Ranieri<\/h5>\t\t\t\t\t\t\t\t<\/div>\n\t\t\t\t<\/div>\n\t\t\t\t\t<\/div>\n\t\t<\/div>\n\t\t\t\t\t<\/div>\n\t\t<\/section>\n\t\t\t\t<section class=\"elementor-section elementor-top-section elementor-element elementor-element-65c6d37 elementor-section-boxed elementor-section-height-default elementor-section-height-default\" data-id=\"65c6d37\" data-element_type=\"section\" data-e-type=\"section\">\n\t\t\t\t\t\t<div class=\"elementor-container elementor-column-gap-default\">\n\t\t\t\t\t<div class=\"elementor-column elementor-col-100 elementor-top-column elementor-element elementor-element-8263b14\" data-id=\"8263b14\" data-element_type=\"column\" data-e-type=\"column\">\n\t\t\t<div class=\"elementor-widget-wrap elementor-element-populated\">\n\t\t\t\t\t\t<div class=\"elementor-element elementor-element-fd14483 elementor-widget elementor-widget-text-editor\" data-id=\"fd14483\" data-element_type=\"widget\" data-e-type=\"widget\" data-widget_type=\"text-editor.default\">\n\t\t\t\t<div class=\"elementor-widget-container\">\n\t\t\t\t\t\t\t\t\t<span class=\"h2-small\" style=\"font-weight: 400;\">Karel Och\u2019s comment<\/span>\n<h5><span style=\"font-weight: 400;\">This collaborative effort between the Karlovy Vary IFF and the Czech Philharmonic is based on the emotional experience that both leading institutions have long sought to impart on their audiences, meaning the captivating emotions offered by a masterfully performed musical composition or an amazingly shot film. And The Hand of God, a Netflix production by the greatly admired master Paolo Sorrentino, which is being presented exclusively on the big screen as part of Variations 2021, certainly fits the bill.\n<\/span><\/h5>\t\t\t\t\t\t\t\t<\/div>\n\t\t\t\t<\/div>\n\t\t\t\t\t<\/div>\n\t\t<\/div>\n\t\t\t\t\t<\/div>\n\t\t<\/section>\n\t\t\t\t<section class=\"elementor-section elementor-top-section elementor-element elementor-element-dd5712c elementor-section-boxed elementor-section-height-default elementor-section-height-default\" data-id=\"dd5712c\" data-element_type=\"section\" data-e-type=\"section\">\n\t\t\t\t\t\t<div class=\"elementor-container elementor-column-gap-default\">\n\t\t\t\t\t<div class=\"elementor-column elementor-col-100 elementor-top-column elementor-element elementor-element-b5f4952\" data-id=\"b5f4952\" data-element_type=\"column\" data-e-type=\"column\">\n\t\t\t<div class=\"elementor-widget-wrap elementor-element-populated\">\n\t\t\t\t\t\t<div class=\"elementor-element elementor-element-96f3b61 elementor-widget elementor-widget-image\" data-id=\"96f3b61\" data-element_type=\"widget\" data-e-type=\"widget\" data-widget_type=\"image.default\">\n\t\t\t\t<div class=\"elementor-widget-container\">\n\t\t\t\t\t\t\t\t\t\t\t\t\t\t\t<img decoding=\"async\" width=\"1600\" height=\"900\" src=\"https:\/\/variace.kviff.com\/wp-content\/uploads\/2021\/10\/variace-kviff-fotky-detail-1600x900-sorrentino.jpg\" class=\"attachment-full size-full wp-image-1023\" alt=\"\" srcset=\"https:\/\/variace.kviff.com\/wp-content\/uploads\/2021\/10\/variace-kviff-fotky-detail-1600x900-sorrentino.jpg 1600w, https:\/\/variace.kviff.com\/wp-content\/uploads\/2021\/10\/variace-kviff-fotky-detail-1600x900-sorrentino-300x169.jpg 300w, https:\/\/variace.kviff.com\/wp-content\/uploads\/2021\/10\/variace-kviff-fotky-detail-1600x900-sorrentino-1024x576.jpg 1024w, https:\/\/variace.kviff.com\/wp-content\/uploads\/2021\/10\/variace-kviff-fotky-detail-1600x900-sorrentino-768x432.jpg 768w, https:\/\/variace.kviff.com\/wp-content\/uploads\/2021\/10\/variace-kviff-fotky-detail-1600x900-sorrentino-1536x864.jpg 1536w\" sizes=\"(max-width: 1600px) 100vw, 1600px\" \/>\t\t\t\t\t\t\t\t\t\t\t\t\t\t\t<\/div>\n\t\t\t\t<\/div>\n\t\t\t\t<div class=\"elementor-element elementor-element-bfc73ba elementor-widget elementor-widget-text-editor\" data-id=\"bfc73ba\" data-element_type=\"widget\" data-e-type=\"widget\" data-widget_type=\"text-editor.default\">\n\t\t\t\t<div class=\"elementor-widget-container\">\n\t\t\t\t\t\t\t\t\t<span class=\"h2-small\" style=\"font-weight: 400;\">Paolo Sorrentino <\/span>\n<h5><span style=\"font-weight: 400;\">Paolo Sorrentino (1970, Naples, Italy) began his career as a script writer for Neapolitan theater and film directors. In 1998, he shot the short film L\u2019amore non ha confini (Love Has No Boundaries), which earned him numerous awards. His feature film debut One Man Up was shown in competition in Venice in 2001 and at KVIFF the following year. Since 2004, when he showed The Consequences of Love at Cannes, his films have been a regular feature in competition at the world\u2019s most prestigious film festival: The Family Friend (2006), Il Divo (2008; jury prize), This Must Be the Place (2011), The Great Beauty (2013, Oscar for Best Foreign Language Film), and Youth (2015). He was also behind the successful television miniseries The Young Pope (2016) and The New Pope (2020).<\/span><\/h5>\t\t\t\t\t\t\t\t<\/div>\n\t\t\t\t<\/div>\n\t\t\t\t\t<\/div>\n\t\t<\/div>\n\t\t\t\t\t<\/div>\n\t\t<\/section>\n\t\t\t\t<section class=\"elementor-section elementor-top-section elementor-element elementor-element-8401f75 elementor-section-boxed elementor-section-height-default elementor-section-height-default\" data-id=\"8401f75\" data-element_type=\"section\" data-e-type=\"section\">\n\t\t\t\t\t\t<div class=\"elementor-container elementor-column-gap-default\">\n\t\t\t\t\t<div class=\"elementor-column elementor-col-100 elementor-top-column elementor-element elementor-element-6c7a76f\" data-id=\"6c7a76f\" data-element_type=\"column\" data-e-type=\"column\">\n\t\t\t<div class=\"elementor-widget-wrap elementor-element-populated\">\n\t\t\t\t\t\t<div class=\"elementor-element elementor-element-fa29e53 elementor-widget elementor-widget-button\" data-id=\"fa29e53\" data-element_type=\"widget\" data-e-type=\"widget\" data-widget_type=\"button.default\">\n\t\t\t\t<div class=\"elementor-widget-container\">\n\t\t\t\t\t\t\t\t\t<div class=\"elementor-button-wrapper\">\n\t\t\t\t\t<a class=\"elementor-button elementor-button-link elementor-size-md\" href=\"https:\/\/variace.kviff.com\/en\/#program\">\n\t\t\t\t\t\t<span class=\"elementor-button-content-wrapper\">\n\t\t\t\t\t\t\t\t\t<span class=\"elementor-button-text\">Back to program<\/span>\n\t\t\t\t\t<\/span>\n\t\t\t\t\t<\/a>\n\t\t\t\t<\/div>\n\t\t\t\t\t\t\t\t<\/div>\n\t\t\t\t<\/div>\n\t\t\t\t\t<\/div>\n\t\t<\/div>\n\t\t\t\t\t<\/div>\n\t\t<\/section>\n\t\t\t\t<\/div>","protected":false},"excerpt":{"rendered":"<p>Bo\u017e\u00ed ruka P\u00e1 19. 11. 2021 \/ 19:30 \/ Karlovarsk\u00e9 m\u011bstsk\u00e9 divadloP\u00e1 19. 11. 2021 \/ 20:00 \/ Kino \u010casSo 20. 11. 2021 \/ 20:00 \/ Kino \u010cas Exkluzivn\u00ed p\u0159edpremi\u00e9ra nov\u00e9ho filmu Paola Sorrentina. Oscarov\u00fd tv\u016frce Velk\u00e9 n\u00e1dhery a hitu karlovarsk\u00e9ho festivalu Ml\u00e1d\u00ed je autorem podmaniv\u00e9ho, autobiograficky lad\u011bn\u00e9ho sn\u00edmku zasazen\u00e9ho do pulsuj\u00edc\u00ed Neapole poloviny osmdes\u00e1t\u00fdch [&hellip;]<\/p>\n","protected":false},"author":1,"featured_media":174,"parent":0,"menu_order":0,"comment_status":"closed","ping_status":"closed","template":"","meta":{"_seopress_robots_primary_cat":"","_seopress_titles_title":"","_seopress_titles_desc":"Exkluzivn\u00ed p\u0159edpremi\u00e9ra nov\u00e9ho filmu Paola Sorrentina. Oscarov\u00fd tv\u016frce Velk\u00e9 n\u00e1dhery a hitu karlovarsk\u00e9ho festivalu Ml\u00e1d\u00ed je autorem podmaniv\u00e9ho, autobiograficky lad\u011bn\u00e9ho sn\u00edmku zasazen\u00e9ho do pulsuj\u00edc\u00ed\u2026","_seopress_robots_index":"","footnotes":""},"class_list":["post-1000","page","type-page","status-publish","has-post-thumbnail","hentry"],"_links":{"self":[{"href":"https:\/\/variace.kviff.com\/en\/wp-json\/wp\/v2\/pages\/1000","targetHints":{"allow":["GET"]}}],"collection":[{"href":"https:\/\/variace.kviff.com\/en\/wp-json\/wp\/v2\/pages"}],"about":[{"href":"https:\/\/variace.kviff.com\/en\/wp-json\/wp\/v2\/types\/page"}],"author":[{"embeddable":true,"href":"https:\/\/variace.kviff.com\/en\/wp-json\/wp\/v2\/users\/1"}],"replies":[{"embeddable":true,"href":"https:\/\/variace.kviff.com\/en\/wp-json\/wp\/v2\/comments?post=1000"}],"version-history":[{"count":45,"href":"https:\/\/variace.kviff.com\/en\/wp-json\/wp\/v2\/pages\/1000\/revisions"}],"predecessor-version":[{"id":1831,"href":"https:\/\/variace.kviff.com\/en\/wp-json\/wp\/v2\/pages\/1000\/revisions\/1831"}],"wp:featuredmedia":[{"embeddable":true,"href":"https:\/\/variace.kviff.com\/en\/wp-json\/wp\/v2\/media\/174"}],"wp:attachment":[{"href":"https:\/\/variace.kviff.com\/en\/wp-json\/wp\/v2\/media?parent=1000"}],"curies":[{"name":"wp","href":"https:\/\/api.w.org\/{rel}","templated":true}]}}