{"id":1060,"date":"2021-10-29T23:13:53","date_gmt":"2021-10-29T23:13:53","guid":{"rendered":"https:\/\/variace.kviff.com\/?page_id=1060"},"modified":"2021-11-15T21:40:16","modified_gmt":"2021-11-15T21:40:16","slug":"jak-si-nevzit-princeznu","status":"publish","type":"page","link":"https:\/\/variace.kviff.com\/en\/jak-si-nevzit-princeznu\/","title":{"rendered":"How Not to Marry a Princess"},"content":{"rendered":"<div data-elementor-type=\"wp-page\" data-elementor-id=\"1060\" class=\"elementor elementor-1060\" data-elementor-post-type=\"page\">\n\t\t\t\t\t\t<section class=\"elementor-section elementor-top-section elementor-element elementor-element-0f5b2e3 elementor-section-full_width elementor-hidden-tablet elementor-hidden-mobile elementor-section-height-default elementor-section-height-default\" data-id=\"0f5b2e3\" data-element_type=\"section\" data-e-type=\"section\">\n\t\t\t\t\t\t<div class=\"elementor-container elementor-column-gap-no\">\n\t\t\t\t\t<div class=\"elementor-column elementor-col-100 elementor-top-column elementor-element elementor-element-fe034cc\" data-id=\"fe034cc\" data-element_type=\"column\" data-e-type=\"column\">\n\t\t\t<div class=\"elementor-widget-wrap elementor-element-populated\">\n\t\t\t\t\t\t<div class=\"elementor-element elementor-element-0a0297f elementor-widget elementor-widget-image\" data-id=\"0a0297f\" data-element_type=\"widget\" data-e-type=\"widget\" data-widget_type=\"image.default\">\n\t\t\t\t<div class=\"elementor-widget-container\">\n\t\t\t\t\t\t\t\t\t\t\t\t\t\t\t<img fetchpriority=\"high\" decoding=\"async\" width=\"1920\" height=\"750\" src=\"https:\/\/variace.kviff.com\/wp-content\/uploads\/2021\/10\/variace-kviff-fotky-detail-1920x750-jak-si-nevzit-princeznu.jpg\" class=\"attachment-full size-full wp-image-1074\" alt=\"\" srcset=\"https:\/\/variace.kviff.com\/wp-content\/uploads\/2021\/10\/variace-kviff-fotky-detail-1920x750-jak-si-nevzit-princeznu.jpg 1920w, https:\/\/variace.kviff.com\/wp-content\/uploads\/2021\/10\/variace-kviff-fotky-detail-1920x750-jak-si-nevzit-princeznu-300x117.jpg 300w, https:\/\/variace.kviff.com\/wp-content\/uploads\/2021\/10\/variace-kviff-fotky-detail-1920x750-jak-si-nevzit-princeznu-1024x400.jpg 1024w, https:\/\/variace.kviff.com\/wp-content\/uploads\/2021\/10\/variace-kviff-fotky-detail-1920x750-jak-si-nevzit-princeznu-768x300.jpg 768w, https:\/\/variace.kviff.com\/wp-content\/uploads\/2021\/10\/variace-kviff-fotky-detail-1920x750-jak-si-nevzit-princeznu-1536x600.jpg 1536w\" sizes=\"(max-width: 1920px) 100vw, 1920px\" \/>\t\t\t\t\t\t\t\t\t\t\t\t\t\t\t<\/div>\n\t\t\t\t<\/div>\n\t\t\t\t\t<\/div>\n\t\t<\/div>\n\t\t\t\t\t<\/div>\n\t\t<\/section>\n\t\t\t\t<section class=\"elementor-section elementor-top-section elementor-element elementor-element-bd8c347 elementor-section-full_width elementor-hidden-desktop elementor-section-height-default elementor-section-height-default\" data-id=\"bd8c347\" data-element_type=\"section\" data-e-type=\"section\">\n\t\t\t\t\t\t<div class=\"elementor-container elementor-column-gap-no\">\n\t\t\t\t\t<div class=\"elementor-column elementor-col-100 elementor-top-column elementor-element elementor-element-9bfccd1\" data-id=\"9bfccd1\" data-element_type=\"column\" data-e-type=\"column\">\n\t\t\t<div class=\"elementor-widget-wrap elementor-element-populated\">\n\t\t\t\t\t\t<div class=\"elementor-element elementor-element-7eb5f4b elementor-widget elementor-widget-image\" data-id=\"7eb5f4b\" data-element_type=\"widget\" data-e-type=\"widget\" data-widget_type=\"image.default\">\n\t\t\t\t<div class=\"elementor-widget-container\">\n\t\t\t\t\t\t\t\t\t\t\t\t\t\t\t<img decoding=\"async\" width=\"1920\" height=\"1280\" src=\"https:\/\/variace.kviff.com\/wp-content\/uploads\/2021\/10\/variace-kviff-fotky-detail-1920x1280-jak-si-nevzit-princeznu.jpg\" class=\"attachment-full size-full wp-image-1075\" alt=\"\" srcset=\"https:\/\/variace.kviff.com\/wp-content\/uploads\/2021\/10\/variace-kviff-fotky-detail-1920x1280-jak-si-nevzit-princeznu.jpg 1920w, https:\/\/variace.kviff.com\/wp-content\/uploads\/2021\/10\/variace-kviff-fotky-detail-1920x1280-jak-si-nevzit-princeznu-300x200.jpg 300w, https:\/\/variace.kviff.com\/wp-content\/uploads\/2021\/10\/variace-kviff-fotky-detail-1920x1280-jak-si-nevzit-princeznu-1024x683.jpg 1024w, https:\/\/variace.kviff.com\/wp-content\/uploads\/2021\/10\/variace-kviff-fotky-detail-1920x1280-jak-si-nevzit-princeznu-768x512.jpg 768w, https:\/\/variace.kviff.com\/wp-content\/uploads\/2021\/10\/variace-kviff-fotky-detail-1920x1280-jak-si-nevzit-princeznu-1536x1024.jpg 1536w\" sizes=\"(max-width: 1920px) 100vw, 1920px\" \/>\t\t\t\t\t\t\t\t\t\t\t\t\t\t\t<\/div>\n\t\t\t\t<\/div>\n\t\t\t\t\t<\/div>\n\t\t<\/div>\n\t\t\t\t\t<\/div>\n\t\t<\/section>\n\t\t\t\t<section class=\"elementor-section elementor-top-section elementor-element elementor-element-7976097 elementor-section-boxed elementor-section-height-default elementor-section-height-default\" data-id=\"7976097\" data-element_type=\"section\" data-e-type=\"section\">\n\t\t\t\t\t\t<div class=\"elementor-container elementor-column-gap-default\">\n\t\t\t\t\t<div class=\"elementor-column elementor-col-100 elementor-top-column elementor-element elementor-element-c9f0559\" data-id=\"c9f0559\" data-element_type=\"column\" data-e-type=\"column\">\n\t\t\t<div class=\"elementor-widget-wrap elementor-element-populated\">\n\t\t\t\t\t\t<div class=\"elementor-element elementor-element-f237748 elementor-widget elementor-widget-text-editor\" data-id=\"f237748\" data-element_type=\"widget\" data-e-type=\"widget\" data-widget_type=\"text-editor.default\">\n\t\t\t\t<div class=\"elementor-widget-container\">\n\t\t\t\t\t\t\t\t\t<h1><span style=\"font-weight: 400;\">How Not to Marry a Princess<\/span><\/h1>\t\t\t\t\t\t\t\t<\/div>\n\t\t\t\t<\/div>\n\t\t\t\t<div class=\"elementor-element elementor-element-c23792d elementor-widget elementor-widget-text-editor\" data-id=\"c23792d\" data-element_type=\"widget\" data-e-type=\"widget\" data-widget_type=\"text-editor.default\">\n\t\t\t\t<div class=\"elementor-widget-container\">\n\t\t\t\t\t\t\t\t\t\n<span style=\"font-weight: 400;\">Sat. 20 Nov. 2021 \/ 5 pm \/ \u010cas Cinema<\/span>\t\t\t\t\t\t\t\t<\/div>\n\t\t\t\t<\/div>\n\t\t\t\t\t<\/div>\n\t\t<\/div>\n\t\t\t\t\t<\/div>\n\t\t<\/section>\n\t\t\t\t<section class=\"elementor-section elementor-top-section elementor-element elementor-element-9829579 elementor-section-boxed elementor-section-height-default elementor-section-height-default\" data-id=\"9829579\" data-element_type=\"section\" data-e-type=\"section\">\n\t\t\t\t\t\t<div class=\"elementor-container elementor-column-gap-default\">\n\t\t\t\t\t<div class=\"elementor-column elementor-col-100 elementor-top-column elementor-element elementor-element-5eb0a7d\" data-id=\"5eb0a7d\" data-element_type=\"column\" data-e-type=\"column\">\n\t\t\t<div class=\"elementor-widget-wrap elementor-element-populated\">\n\t\t\t\t\t\t<div class=\"elementor-element elementor-element-eabbc5f elementor-widget elementor-widget-text-editor\" data-id=\"eabbc5f\" data-element_type=\"widget\" data-e-type=\"widget\" data-widget_type=\"text-editor.default\">\n\t\t\t\t<div class=\"elementor-widget-container\">\n\t\t\t\t\t\t\t\t\t<span class=\"h3-small\" style=\"font-weight: 400;\">Pre-premiere of Czech Television Christmas fairytale. <\/span>\n<h5><span style=\"font-weight: 400;\">Could you imagine that a soothsayer predicts that you will marry someone you can\u2019t stand? That is exactly what happens to Prince Leopold and Princess Josef\u00edna. The only thing these two have in common is their desire to break free from this prophecy. With the help of a magic watch, they go back in time to when the prince was born in order to prevent the soothsayers from making their prediction. But they have no idea what kind of a mess this will cause!\n<\/span><\/h5>\n<h5><span style=\"font-weight: 400;\">Czech Television is donating the proceeds from admission to charity.\n<\/span><\/h5>\t\t\t\t\t\t\t\t<\/div>\n\t\t\t\t<\/div>\n\t\t\t\t\t<\/div>\n\t\t<\/div>\n\t\t\t\t\t<\/div>\n\t\t<\/section>\n\t\t\t\t<section class=\"elementor-section elementor-top-section elementor-element elementor-element-c1f38de elementor-section-boxed elementor-section-height-default elementor-section-height-default\" data-id=\"c1f38de\" data-element_type=\"section\" data-e-type=\"section\">\n\t\t\t\t\t\t<div class=\"elementor-container elementor-column-gap-default\">\n\t\t\t\t\t<div class=\"elementor-column elementor-col-100 elementor-top-column elementor-element elementor-element-d9b8fc5\" data-id=\"d9b8fc5\" data-element_type=\"column\" data-e-type=\"column\">\n\t\t\t<div class=\"elementor-widget-wrap elementor-element-populated\">\n\t\t\t\t\t\t<div class=\"elementor-element elementor-element-d5c13d0 elementor-widget elementor-widget-text-editor\" data-id=\"d5c13d0\" data-element_type=\"widget\" data-e-type=\"widget\" data-widget_type=\"text-editor.default\">\n\t\t\t\t<div class=\"elementor-widget-container\">\n\t\t\t\t\t\t\t\t\t<h6>Technical details:<\/h6>\n<h5>CZECH REPUBLIC, 2021, 91 MIN.<\/h5>\n<h6>Language:<\/h6>\n<h5>CZECH, NO SUBTITLES<\/h5>\n<h6>Directed by:<\/h6>\n<h5>Karel Jan\u00e1k<\/h5>\n<h6>WRITER:<\/h6>\n<h5>Petr Hudsk\u00fd<\/h5>\n<h6>CINEMATOGRAPHY:<\/h6>\n<h5>Martin \u0160\u00e1cha<\/h5>\n<h6>EXECUTIVE PRODUCER:<\/h6>\n<h5>Veronika Tr\u010dkov\u00e1<\/h5>\n<h6>CREATIVE PRODUCER:<\/h6>\n<h5>Barbara Johnsonov\u00e1<\/h5>\n<h6>With:<\/h6>\n<h5>Marek Adamczyk, Anna Fialov\u00e1, Na\u010fa Konvalinkov\u00e1, Dana Kol\u00e1\u0159ov\u00e1, Iva Jan\u017eurov\u00e1, Ady Hajdu, Patrik D\u011brgel a dal\u0161\u00ed<\/h5>\t\t\t\t\t\t\t\t<\/div>\n\t\t\t\t<\/div>\n\t\t\t\t\t<\/div>\n\t\t<\/div>\n\t\t\t\t\t<\/div>\n\t\t<\/section>\n\t\t\t\t<section class=\"elementor-section elementor-top-section elementor-element elementor-element-dd5712c elementor-section-boxed elementor-section-height-default elementor-section-height-default\" data-id=\"dd5712c\" data-element_type=\"section\" data-e-type=\"section\">\n\t\t\t\t\t\t<div class=\"elementor-container elementor-column-gap-default\">\n\t\t\t\t\t<div class=\"elementor-column elementor-col-100 elementor-top-column elementor-element elementor-element-b5f4952\" data-id=\"b5f4952\" data-element_type=\"column\" data-e-type=\"column\">\n\t\t\t<div class=\"elementor-widget-wrap elementor-element-populated\">\n\t\t\t\t\t\t<div class=\"elementor-element elementor-element-27eb4c3 elementor-widget elementor-widget-button\" data-id=\"27eb4c3\" data-element_type=\"widget\" data-e-type=\"widget\" data-widget_type=\"button.default\">\n\t\t\t\t<div class=\"elementor-widget-container\">\n\t\t\t\t\t\t\t\t\t<div class=\"elementor-button-wrapper\">\n\t\t\t\t\t<a class=\"elementor-button elementor-button-link elementor-size-md\" href=\"https:\/\/variace.kviff.com\/en\/#program\">\n\t\t\t\t\t\t<span class=\"elementor-button-content-wrapper\">\n\t\t\t\t\t\t\t\t\t<span class=\"elementor-button-text\">Back to program<\/span>\n\t\t\t\t\t<\/span>\n\t\t\t\t\t<\/a>\n\t\t\t\t<\/div>\n\t\t\t\t\t\t\t\t<\/div>\n\t\t\t\t<\/div>\n\t\t\t\t\t<\/div>\n\t\t<\/div>\n\t\t\t\t\t<\/div>\n\t\t<\/section>\n\t\t\t\t<\/div>","protected":false},"excerpt":{"rendered":"<p>Jak si nevz\u00edt princeznu So 20. 11. 2021 \/ 17:00 \/ Kino \u010casP\u0159edpremi\u00e9ra \u0161t\u011bdrove\u010dern\u00ed poh\u00e1dky \u010cesk\u00e9 televize. Um\u00edte si p\u0159edstavit, \u017ee v\u00e1m sudi\u010dky p\u0159edpov\u00ed svatbu s n\u011bk\u00fdm, koho nem\u016f\u017eete vyst\u00e1t? P\u0159esn\u011b to se stalo princi Leopoldovi a princezn\u011b Josef\u00edn\u011b. Jedin\u00e9, co ty dva spojuje, je p\u0159\u00e1n\u00ed zbavit se t\u00e9hle sudby. A tak se pomoc\u00ed ukraden\u00fdch [&hellip;]<\/p>\n","protected":false},"author":1,"featured_media":1075,"parent":0,"menu_order":0,"comment_status":"closed","ping_status":"closed","template":"","meta":{"_seopress_robots_primary_cat":"","_seopress_titles_title":"","_seopress_titles_desc":"P\u0159edpremi\u00e9ra \u0161t\u011bdrove\u010dern\u00ed poh\u00e1dky \u010cesk\u00e9 televize. Um\u00edte si p\u0159edstavit, \u017ee v\u00e1m sudi\u010dky p\u0159edpov\u00ed svatbu s n\u011bk\u00fdm, koho nem\u016f\u017eete vyst\u00e1t? P\u0159esn\u011b to se stalo princi Leopoldovi a princezn\u011b Josef\u00edn\u011b. Jedin\u00e9, co ty dva spojuje, je p\u0159\u00e1n\u00ed zbavit se t\u00e9hle sudby.\u2026","_seopress_robots_index":"","footnotes":""},"class_list":["post-1060","page","type-page","status-publish","has-post-thumbnail","hentry"],"_links":{"self":[{"href":"https:\/\/variace.kviff.com\/en\/wp-json\/wp\/v2\/pages\/1060","targetHints":{"allow":["GET"]}}],"collection":[{"href":"https:\/\/variace.kviff.com\/en\/wp-json\/wp\/v2\/pages"}],"about":[{"href":"https:\/\/variace.kviff.com\/en\/wp-json\/wp\/v2\/types\/page"}],"author":[{"embeddable":true,"href":"https:\/\/variace.kviff.com\/en\/wp-json\/wp\/v2\/users\/1"}],"replies":[{"embeddable":true,"href":"https:\/\/variace.kviff.com\/en\/wp-json\/wp\/v2\/comments?post=1060"}],"version-history":[{"count":53,"href":"https:\/\/variace.kviff.com\/en\/wp-json\/wp\/v2\/pages\/1060\/revisions"}],"predecessor-version":[{"id":1868,"href":"https:\/\/variace.kviff.com\/en\/wp-json\/wp\/v2\/pages\/1060\/revisions\/1868"}],"wp:featuredmedia":[{"embeddable":true,"href":"https:\/\/variace.kviff.com\/en\/wp-json\/wp\/v2\/media\/1075"}],"wp:attachment":[{"href":"https:\/\/variace.kviff.com\/en\/wp-json\/wp\/v2\/media?parent=1060"}],"curies":[{"name":"wp","href":"https:\/\/api.w.org\/{rel}","templated":true}]}}