{"id":2184,"date":"2022-10-11T09:29:43","date_gmt":"2022-10-11T09:29:43","guid":{"rendered":"https:\/\/variace.kviff.com\/?page_id=2184"},"modified":"2022-10-17T18:36:53","modified_gmt":"2022-10-17T18:36:53","slug":"koncert-pro-verejnost-2022","status":"publish","type":"page","link":"https:\/\/variace.kviff.com\/en\/koncert-pro-verejnost-2022\/","title":{"rendered":"Concert for the public"},"content":{"rendered":"<div data-elementor-type=\"wp-page\" data-elementor-id=\"2184\" class=\"elementor elementor-2184\" data-elementor-post-type=\"page\">\n\t\t\t\t\t\t<section class=\"elementor-section elementor-top-section elementor-element elementor-element-0f5b2e3 elementor-section-full_width elementor-hidden-tablet elementor-hidden-mobile elementor-section-height-default elementor-section-height-default\" data-id=\"0f5b2e3\" data-element_type=\"section\" data-e-type=\"section\">\n\t\t\t\t\t\t<div class=\"elementor-container elementor-column-gap-no\">\n\t\t\t\t\t<div class=\"elementor-column elementor-col-100 elementor-top-column elementor-element elementor-element-fe034cc\" data-id=\"fe034cc\" data-element_type=\"column\" data-e-type=\"column\">\n\t\t\t<div class=\"elementor-widget-wrap elementor-element-populated\">\n\t\t\t\t\t\t<div class=\"elementor-element elementor-element-0a0297f elementor-widget elementor-widget-image\" data-id=\"0a0297f\" data-element_type=\"widget\" data-e-type=\"widget\" data-widget_type=\"image.default\">\n\t\t\t\t<div class=\"elementor-widget-container\">\n\t\t\t\t\t\t\t\t\t\t\t\t\t\t\t<img fetchpriority=\"high\" decoding=\"async\" width=\"1920\" height=\"750\" src=\"https:\/\/variace.kviff.com\/wp-content\/uploads\/2022\/10\/variace-kviff-fotky-detail-1920x750-koncert-verejnost-2022.jpg\" class=\"attachment-full size-full wp-image-2328\" alt=\"\" srcset=\"https:\/\/variace.kviff.com\/wp-content\/uploads\/2022\/10\/variace-kviff-fotky-detail-1920x750-koncert-verejnost-2022.jpg 1920w, https:\/\/variace.kviff.com\/wp-content\/uploads\/2022\/10\/variace-kviff-fotky-detail-1920x750-koncert-verejnost-2022-300x117.jpg 300w, https:\/\/variace.kviff.com\/wp-content\/uploads\/2022\/10\/variace-kviff-fotky-detail-1920x750-koncert-verejnost-2022-1024x400.jpg 1024w, https:\/\/variace.kviff.com\/wp-content\/uploads\/2022\/10\/variace-kviff-fotky-detail-1920x750-koncert-verejnost-2022-768x300.jpg 768w, https:\/\/variace.kviff.com\/wp-content\/uploads\/2022\/10\/variace-kviff-fotky-detail-1920x750-koncert-verejnost-2022-1536x600.jpg 1536w\" sizes=\"(max-width: 1920px) 100vw, 1920px\" \/>\t\t\t\t\t\t\t\t\t\t\t\t\t\t\t<\/div>\n\t\t\t\t<\/div>\n\t\t\t\t\t<\/div>\n\t\t<\/div>\n\t\t\t\t\t<\/div>\n\t\t<\/section>\n\t\t\t\t<section class=\"elementor-section elementor-top-section elementor-element elementor-element-bd8c347 elementor-section-full_width elementor-hidden-desktop elementor-section-height-default elementor-section-height-default\" data-id=\"bd8c347\" data-element_type=\"section\" data-e-type=\"section\">\n\t\t\t\t\t\t<div class=\"elementor-container elementor-column-gap-no\">\n\t\t\t\t\t<div class=\"elementor-column elementor-col-100 elementor-top-column elementor-element elementor-element-9bfccd1\" data-id=\"9bfccd1\" data-element_type=\"column\" data-e-type=\"column\">\n\t\t\t<div class=\"elementor-widget-wrap elementor-element-populated\">\n\t\t\t\t\t\t<div class=\"elementor-element elementor-element-7eb5f4b elementor-widget elementor-widget-image\" data-id=\"7eb5f4b\" data-element_type=\"widget\" data-e-type=\"widget\" data-widget_type=\"image.default\">\n\t\t\t\t<div class=\"elementor-widget-container\">\n\t\t\t\t\t\t\t\t\t\t\t\t\t\t\t<img decoding=\"async\" width=\"1920\" height=\"1080\" src=\"https:\/\/variace.kviff.com\/wp-content\/uploads\/2022\/10\/variace-kviff-fotky-detail-1920x1080-koncert-verejnost-2022.jpg\" class=\"attachment-full size-full wp-image-2326\" alt=\"\" srcset=\"https:\/\/variace.kviff.com\/wp-content\/uploads\/2022\/10\/variace-kviff-fotky-detail-1920x1080-koncert-verejnost-2022.jpg 1920w, https:\/\/variace.kviff.com\/wp-content\/uploads\/2022\/10\/variace-kviff-fotky-detail-1920x1080-koncert-verejnost-2022-300x169.jpg 300w, https:\/\/variace.kviff.com\/wp-content\/uploads\/2022\/10\/variace-kviff-fotky-detail-1920x1080-koncert-verejnost-2022-1024x576.jpg 1024w, https:\/\/variace.kviff.com\/wp-content\/uploads\/2022\/10\/variace-kviff-fotky-detail-1920x1080-koncert-verejnost-2022-768x432.jpg 768w, https:\/\/variace.kviff.com\/wp-content\/uploads\/2022\/10\/variace-kviff-fotky-detail-1920x1080-koncert-verejnost-2022-1536x864.jpg 1536w\" sizes=\"(max-width: 1920px) 100vw, 1920px\" \/>\t\t\t\t\t\t\t\t\t\t\t\t\t\t\t<\/div>\n\t\t\t\t<\/div>\n\t\t\t\t\t<\/div>\n\t\t<\/div>\n\t\t\t\t\t<\/div>\n\t\t<\/section>\n\t\t\t\t<section class=\"elementor-section elementor-top-section elementor-element elementor-element-7976097 elementor-section-boxed elementor-section-height-default elementor-section-height-default\" data-id=\"7976097\" data-element_type=\"section\" data-e-type=\"section\">\n\t\t\t\t\t\t<div class=\"elementor-container elementor-column-gap-default\">\n\t\t\t\t\t<div class=\"elementor-column elementor-col-100 elementor-top-column elementor-element elementor-element-c9f0559\" data-id=\"c9f0559\" data-element_type=\"column\" data-e-type=\"column\">\n\t\t\t<div class=\"elementor-widget-wrap elementor-element-populated\">\n\t\t\t\t\t\t<div class=\"elementor-element elementor-element-f237748 elementor-widget elementor-widget-text-editor\" data-id=\"f237748\" data-element_type=\"widget\" data-e-type=\"widget\" data-widget_type=\"text-editor.default\">\n\t\t\t\t<div class=\"elementor-widget-container\">\n\t\t\t\t\t\t\t\t\t<h1><span style=\"font-weight: 400;\">Concert for the public<\/span><\/h1>\t\t\t\t\t\t\t\t<\/div>\n\t\t\t\t<\/div>\n\t\t\t\t<div class=\"elementor-element elementor-element-c23792d elementor-widget elementor-widget-text-editor\" data-id=\"c23792d\" data-element_type=\"widget\" data-e-type=\"widget\" data-widget_type=\"text-editor.default\">\n\t\t\t\t<div class=\"elementor-widget-container\">\n\t\t\t\t\t\t\t\t\t<p><span style=\"font-weight: 400;\">Friday, 11 November 2022 \/ 5pm \/ Former savings bank (Divadeln\u00ed n\u00e1m\u011bst\u00ed) \/ Admission free<br \/><\/span><\/p>\t\t\t\t\t\t\t\t<\/div>\n\t\t\t\t<\/div>\n\t\t\t\t\t<\/div>\n\t\t<\/div>\n\t\t\t\t\t<\/div>\n\t\t<\/section>\n\t\t\t\t<section class=\"elementor-section elementor-top-section elementor-element elementor-element-9829579 elementor-section-boxed elementor-section-height-default elementor-section-height-default\" data-id=\"9829579\" data-element_type=\"section\" data-e-type=\"section\">\n\t\t\t\t\t\t<div class=\"elementor-container elementor-column-gap-default\">\n\t\t\t\t\t<div class=\"elementor-column elementor-col-100 elementor-top-column elementor-element elementor-element-5eb0a7d\" data-id=\"5eb0a7d\" data-element_type=\"column\" data-e-type=\"column\">\n\t\t\t<div class=\"elementor-widget-wrap elementor-element-populated\">\n\t\t\t\t\t\t<div class=\"elementor-element elementor-element-eabbc5f elementor-widget elementor-widget-text-editor\" data-id=\"eabbc5f\" data-element_type=\"widget\" data-e-type=\"widget\" data-widget_type=\"text-editor.default\">\n\t\t\t\t<div class=\"elementor-widget-container\">\n\t\t\t\t\t\t\t\t\t<span class=\"h3-small\" style=\"font-weight: 400;\">Martin Petr\u00e1k conducts an ensemble consisting of members of the Czech Philharmonic and the Karlovy Vary Symphony Orchestra assembled especially for this occasion. The chamber brass ensemble will perform works by two Czech composers, Franti\u0161ek Kram\u00e1\u0159 and Ji\u0159\u00ed Dru\u017eeck\u00fd. \n <\/span>\t\t\t\t\t\t\t\t<\/div>\n\t\t\t\t<\/div>\n\t\t\t\t\t<\/div>\n\t\t<\/div>\n\t\t\t\t\t<\/div>\n\t\t<\/section>\n\t\t\t\t<section class=\"elementor-section elementor-top-section elementor-element elementor-element-c1f38de elementor-section-boxed elementor-section-height-default elementor-section-height-default\" data-id=\"c1f38de\" data-element_type=\"section\" data-e-type=\"section\">\n\t\t\t\t\t\t<div class=\"elementor-container elementor-column-gap-default\">\n\t\t\t\t\t<div class=\"elementor-column elementor-col-100 elementor-top-column elementor-element elementor-element-d9b8fc5\" data-id=\"d9b8fc5\" data-element_type=\"column\" data-e-type=\"column\">\n\t\t\t<div class=\"elementor-widget-wrap elementor-element-populated\">\n\t\t\t\t\t\t<div class=\"elementor-element elementor-element-d5c13d0 elementor-widget elementor-widget-text-editor\" data-id=\"d5c13d0\" data-element_type=\"widget\" data-e-type=\"widget\" data-widget_type=\"text-editor.default\">\n\t\t\t\t<div class=\"elementor-widget-container\">\n\t\t\t\t\t\t\t\t\t<h6>Program:<\/h6>\n<h5 class=\"translation-block\">Franti\u0161ek Kram\u00e1\u0159: Partita in E-flat major, op. 79, <br>\nJi\u0159\u00ed Dru\u017eeck\u00fd: Partita in E-flat major, no. 6, <br>\nFranti\u0161ek Kram\u00e1\u0159: Partita in F major, op. 57<\/h5>\n<h6>Performed by:<\/h6>\n<h5>A brass ensemble composed of members of the Czech Philharmonic and the Karlovy Vary Symphony Orchestra\n<\/h5>\n<h6>Artistic director and conductor:<\/h6>\n<h5>Martin Petr\u00e1k<\/h5>\t\t\t\t\t\t\t\t<\/div>\n\t\t\t\t<\/div>\n\t\t\t\t\t<\/div>\n\t\t<\/div>\n\t\t\t\t\t<\/div>\n\t\t<\/section>\n\t\t\t\t<section class=\"elementor-section elementor-top-section elementor-element elementor-element-65c6d37 elementor-section-boxed elementor-section-height-default elementor-section-height-default\" data-id=\"65c6d37\" data-element_type=\"section\" data-e-type=\"section\">\n\t\t\t\t\t\t<div class=\"elementor-container elementor-column-gap-default\">\n\t\t\t\t\t<div class=\"elementor-column elementor-col-100 elementor-top-column elementor-element elementor-element-8263b14\" data-id=\"8263b14\" data-element_type=\"column\" data-e-type=\"column\">\n\t\t\t<div class=\"elementor-widget-wrap elementor-element-populated\">\n\t\t\t\t\t\t<div class=\"elementor-element elementor-element-fd14483 elementor-widget elementor-widget-text-editor\" data-id=\"fd14483\" data-element_type=\"widget\" data-e-type=\"widget\" data-widget_type=\"text-editor.default\">\n\t\t\t\t<div class=\"elementor-widget-container\">\n\t\t\t\t\t\t\t\t\t<span class=\"h2-small\" style=\"font-weight: 400;\">About program\n<\/span>\n<h5><span style=\"font-weight: 400;\">Franti\u0161ek Vincenc Kram\u00e1\u0159 (1759\u20131831) was born in the town of Kamenice near Jihlava, but his professional achievements are mainly associated with Vienna, where he succeeded his countryman Leopold Ko\u017eeluh as court composer and Kapellmeister of chamber music in 1818. Kram\u00e1\u0159\u2019s oeuvre includes more than three hundred compositions, dominated by works for various chamber ensembles, including brass ensembles. Besides his work as a composer, Ji\u0159\u00ed Dru\u017eeck\u00fd (1745\u20131819) also played the oboe and timpani. His first musical engagement was with the Imperial Austrian Army. After leaving the army in 1777, his life journey brought him from Linz via Vienna and Bratislava to Budapest, where he was Kapellmeister of a brass ensemble for Archduke Joseph Anton Johann of Austria. Compositions for brass instruments form the backbone of Dru\u017eeck\u00fd\u2019s oeuvre and in their time enjoyed great popularity throughout Europe.\n\n<\/span><\/h5>\t\t\t\t\t\t\t\t<\/div>\n\t\t\t\t<\/div>\n\t\t\t\t\t<\/div>\n\t\t<\/div>\n\t\t\t\t\t<\/div>\n\t\t<\/section>\n\t\t\t\t<section class=\"elementor-section elementor-top-section elementor-element elementor-element-dd5712c elementor-section-boxed elementor-section-height-default elementor-section-height-default\" data-id=\"dd5712c\" data-element_type=\"section\" data-e-type=\"section\">\n\t\t\t\t\t\t<div class=\"elementor-container elementor-column-gap-default\">\n\t\t\t\t\t<div class=\"elementor-column elementor-col-100 elementor-top-column elementor-element elementor-element-b5f4952\" data-id=\"b5f4952\" data-element_type=\"column\" data-e-type=\"column\">\n\t\t\t<div class=\"elementor-widget-wrap elementor-element-populated\">\n\t\t\t\t\t\t<div class=\"elementor-element elementor-element-4474e1f elementor-widget elementor-widget-image\" data-id=\"4474e1f\" data-element_type=\"widget\" data-e-type=\"widget\" data-widget_type=\"image.default\">\n\t\t\t\t<div class=\"elementor-widget-container\">\n\t\t\t\t\t\t\t\t\t\t\t\t\t\t\t<img decoding=\"async\" width=\"1600\" height=\"900\" src=\"https:\/\/variace.kviff.com\/wp-content\/uploads\/2022\/10\/variace-kviff-fotky-detail-1600x900-petrak_martin_c_petrahajska.jpg\" class=\"attachment-full size-full wp-image-2198\" alt=\"\" srcset=\"https:\/\/variace.kviff.com\/wp-content\/uploads\/2022\/10\/variace-kviff-fotky-detail-1600x900-petrak_martin_c_petrahajska.jpg 1600w, https:\/\/variace.kviff.com\/wp-content\/uploads\/2022\/10\/variace-kviff-fotky-detail-1600x900-petrak_martin_c_petrahajska-300x169.jpg 300w, https:\/\/variace.kviff.com\/wp-content\/uploads\/2022\/10\/variace-kviff-fotky-detail-1600x900-petrak_martin_c_petrahajska-1024x576.jpg 1024w, https:\/\/variace.kviff.com\/wp-content\/uploads\/2022\/10\/variace-kviff-fotky-detail-1600x900-petrak_martin_c_petrahajska-768x432.jpg 768w, https:\/\/variace.kviff.com\/wp-content\/uploads\/2022\/10\/variace-kviff-fotky-detail-1600x900-petrak_martin_c_petrahajska-1536x864.jpg 1536w\" sizes=\"(max-width: 1600px) 100vw, 1600px\" \/>\t\t\t\t\t\t\t\t\t\t\t\t\t\t\t<\/div>\n\t\t\t\t<\/div>\n\t\t\t\t<div class=\"elementor-element elementor-element-bfc73ba elementor-widget elementor-widget-text-editor\" data-id=\"bfc73ba\" data-element_type=\"widget\" data-e-type=\"widget\" data-widget_type=\"text-editor.default\">\n\t\t\t\t<div class=\"elementor-widget-container\">\n\t\t\t\t\t\t\t\t\t<span class=\"h2-small\">Martin Petr\u00e1k<\/span>\n<h5><span style=\"text-transform: uppercase;\">ARTISTIC DIRECTOR AND CONDUCTOR:<\/span><\/h5>\n<h5><span style=\"font-weight: 400;\">Bassoonist, artistic director, and conductor Martin Petr\u00e1k has a wide range of experience in the interpretation of historical and modern music. He began performing chamber and solo music at age nine, and later developed his skills at the Prague Conservatory and the Academy of Performing Arts. After graduation, he joined the Czech Philharmonic in 2005. Petr\u00e1k is active in several chamber ensembles with which he has performed at numerous Czech and foreign festivals, including L\u00edpa Musica, the St. Wenceslas Music Festival, and Ars Antiqua Europae in Via Gothica. He has contributed to a number of projects dedicated to the interpretation of baroque and classical music and has also recorded works by Georg Philipp Telemann and Franti\u0161ek Xaver Thuri.\n<\/span><\/h5>\t\t\t\t\t\t\t\t<\/div>\n\t\t\t\t<\/div>\n\t\t\t\t\t<\/div>\n\t\t<\/div>\n\t\t\t\t\t<\/div>\n\t\t<\/section>\n\t\t\t\t<section class=\"elementor-section elementor-top-section elementor-element elementor-element-bf1a853 elementor-section-boxed elementor-section-height-default elementor-section-height-default\" data-id=\"bf1a853\" data-element_type=\"section\" data-e-type=\"section\">\n\t\t\t\t\t\t<div class=\"elementor-container elementor-column-gap-default\">\n\t\t\t\t\t<div class=\"elementor-column elementor-col-100 elementor-top-column elementor-element elementor-element-88f70f9\" data-id=\"88f70f9\" data-element_type=\"column\" data-e-type=\"column\">\n\t\t\t<div class=\"elementor-widget-wrap elementor-element-populated\">\n\t\t\t\t\t\t<div class=\"elementor-element elementor-element-446e1f4 elementor-widget elementor-widget-button\" data-id=\"446e1f4\" data-element_type=\"widget\" data-e-type=\"widget\" data-widget_type=\"button.default\">\n\t\t\t\t<div class=\"elementor-widget-container\">\n\t\t\t\t\t\t\t\t\t<div class=\"elementor-button-wrapper\">\n\t\t\t\t\t<a class=\"elementor-button elementor-button-link elementor-size-md\" href=\"https:\/\/variace.kviff.com\/en\/#program\">\n\t\t\t\t\t\t<span class=\"elementor-button-content-wrapper\">\n\t\t\t\t\t\t\t\t\t<span class=\"elementor-button-text\">Back to program<\/span>\n\t\t\t\t\t<\/span>\n\t\t\t\t\t<\/a>\n\t\t\t\t<\/div>\n\t\t\t\t\t\t\t\t<\/div>\n\t\t\t\t<\/div>\n\t\t\t\t\t<\/div>\n\t\t<\/div>\n\t\t\t\t\t<\/div>\n\t\t<\/section>\n\t\t\t\t<\/div>","protected":false},"excerpt":{"rendered":"<p>Koncert pro ve\u0159ejnost P\u00e1tek 11. listopadu \/ 17:00 \/ Budova b\u00fdval\u00e9 spo\u0159itelny (Divadeln\u00ed n\u00e1m\u011bst\u00ed) \/ Vstup zdarma Pod veden\u00edm dirigenta Martina Petr\u00e1ka vystoup\u00ed t\u011bleso sestaven\u00e9 jen pro tuto p\u0159\u00edle\u017eitost z \u010dlen\u016f \u010cesk\u00e9 filharmonie a Karlovarsk\u00e9ho symfonick\u00e9ho orchestru. Komorn\u00ed dechov\u00fd soubor zahraje skladby dvou \u010desk\u00fdch tv\u016frc\u016f, Franti\u0161ka Kram\u00e1\u0159e a Ji\u0159\u00edho Dru\u017eeck\u00e9ho. Program: Franti\u0161ek Kram\u00e1\u0159 &#8211; Partita [&hellip;]<\/p>\n","protected":false},"author":1,"featured_media":2326,"parent":0,"menu_order":0,"comment_status":"closed","ping_status":"closed","template":"","meta":{"_seopress_robots_primary_cat":"","_seopress_titles_title":"Koncert pro ve\u0159ejnost \/ Variace 2022 \/ Karlovy Vary","_seopress_titles_desc":"P\u00e1tek 11. listopadu \/ 17:00 \/ Budova b\u00fdval\u00e9 spo\u0159itelny (Divadeln\u00ed n\u00e1m\u011bst\u00ed) \/ Vstup zdarma. Pod veden\u00edm dirigenta Martina Petr\u00e1ka vystoup\u00ed t\u011bleso sestaven\u00e9 jen pro tuto p\u0159\u00edle\u017eitost z \u010dlen\u016f \u010cesk\u00e9 filharmonie a Karlovarsk\u00e9ho symfonick\u00e9ho orchestru.","_seopress_robots_index":"","footnotes":""},"class_list":["post-2184","page","type-page","status-publish","has-post-thumbnail","hentry"],"_links":{"self":[{"href":"https:\/\/variace.kviff.com\/en\/wp-json\/wp\/v2\/pages\/2184","targetHints":{"allow":["GET"]}}],"collection":[{"href":"https:\/\/variace.kviff.com\/en\/wp-json\/wp\/v2\/pages"}],"about":[{"href":"https:\/\/variace.kviff.com\/en\/wp-json\/wp\/v2\/types\/page"}],"author":[{"embeddable":true,"href":"https:\/\/variace.kviff.com\/en\/wp-json\/wp\/v2\/users\/1"}],"replies":[{"embeddable":true,"href":"https:\/\/variace.kviff.com\/en\/wp-json\/wp\/v2\/comments?post=2184"}],"version-history":[{"count":38,"href":"https:\/\/variace.kviff.com\/en\/wp-json\/wp\/v2\/pages\/2184\/revisions"}],"predecessor-version":[{"id":2774,"href":"https:\/\/variace.kviff.com\/en\/wp-json\/wp\/v2\/pages\/2184\/revisions\/2774"}],"wp:featuredmedia":[{"embeddable":true,"href":"https:\/\/variace.kviff.com\/en\/wp-json\/wp\/v2\/media\/2326"}],"wp:attachment":[{"href":"https:\/\/variace.kviff.com\/en\/wp-json\/wp\/v2\/media?parent=2184"}],"curies":[{"name":"wp","href":"https:\/\/api.w.org\/{rel}","templated":true}]}}