{"id":2228,"date":"2022-10-11T10:49:49","date_gmt":"2022-10-11T10:49:49","guid":{"rendered":"https:\/\/variace.kviff.com\/?page_id=2228"},"modified":"2025-10-30T08:38:46","modified_gmt":"2025-10-30T08:38:46","slug":"armageddon-time-2022","status":"publish","type":"page","link":"https:\/\/variace.kviff.com\/en\/armageddon-time-2022\/","title":{"rendered":"Armageddon Time"},"content":{"rendered":"<div data-elementor-type=\"wp-page\" data-elementor-id=\"2228\" class=\"elementor elementor-2228\" data-elementor-post-type=\"page\">\n\t\t\t\t\t\t<section class=\"elementor-section elementor-top-section elementor-element elementor-element-0f5b2e3 elementor-section-full_width elementor-hidden-tablet elementor-hidden-mobile elementor-section-height-default elementor-section-height-default\" data-id=\"0f5b2e3\" data-element_type=\"section\" data-e-type=\"section\">\n\t\t\t\t\t\t<div class=\"elementor-container elementor-column-gap-no\">\n\t\t\t\t\t<div class=\"elementor-column elementor-col-100 elementor-top-column elementor-element elementor-element-fe034cc\" data-id=\"fe034cc\" data-element_type=\"column\" data-e-type=\"column\">\n\t\t\t<div class=\"elementor-widget-wrap elementor-element-populated\">\n\t\t\t\t\t\t<div class=\"elementor-element elementor-element-0a0297f elementor-widget elementor-widget-image\" data-id=\"0a0297f\" data-element_type=\"widget\" data-e-type=\"widget\" data-widget_type=\"image.default\">\n\t\t\t\t<div class=\"elementor-widget-container\">\n\t\t\t\t\t\t\t\t\t\t\t\t\t\t\t<img fetchpriority=\"high\" decoding=\"async\" width=\"1920\" height=\"750\" src=\"https:\/\/variace.kviff.com\/wp-content\/uploads\/2022\/10\/variace-kviff-fotky-detail-1920x750-armageddon-time.jpg\" class=\"attachment-full size-full wp-image-2240\" alt=\"\" srcset=\"https:\/\/variace.kviff.com\/wp-content\/uploads\/2022\/10\/variace-kviff-fotky-detail-1920x750-armageddon-time.jpg 1920w, https:\/\/variace.kviff.com\/wp-content\/uploads\/2022\/10\/variace-kviff-fotky-detail-1920x750-armageddon-time-300x117.jpg 300w, https:\/\/variace.kviff.com\/wp-content\/uploads\/2022\/10\/variace-kviff-fotky-detail-1920x750-armageddon-time-1024x400.jpg 1024w, https:\/\/variace.kviff.com\/wp-content\/uploads\/2022\/10\/variace-kviff-fotky-detail-1920x750-armageddon-time-768x300.jpg 768w, https:\/\/variace.kviff.com\/wp-content\/uploads\/2022\/10\/variace-kviff-fotky-detail-1920x750-armageddon-time-1536x600.jpg 1536w\" sizes=\"(max-width: 1920px) 100vw, 1920px\" \/>\t\t\t\t\t\t\t\t\t\t\t\t\t\t\t<\/div>\n\t\t\t\t<\/div>\n\t\t\t\t\t<\/div>\n\t\t<\/div>\n\t\t\t\t\t<\/div>\n\t\t<\/section>\n\t\t\t\t<section class=\"elementor-section elementor-top-section elementor-element elementor-element-bd8c347 elementor-section-full_width elementor-hidden-desktop elementor-section-height-default elementor-section-height-default\" data-id=\"bd8c347\" data-element_type=\"section\" data-e-type=\"section\">\n\t\t\t\t\t\t<div class=\"elementor-container elementor-column-gap-no\">\n\t\t\t\t\t<div class=\"elementor-column elementor-col-100 elementor-top-column elementor-element elementor-element-9bfccd1\" data-id=\"9bfccd1\" data-element_type=\"column\" data-e-type=\"column\">\n\t\t\t<div class=\"elementor-widget-wrap elementor-element-populated\">\n\t\t\t\t\t\t<div class=\"elementor-element elementor-element-7eb5f4b elementor-widget elementor-widget-image\" data-id=\"7eb5f4b\" data-element_type=\"widget\" data-e-type=\"widget\" data-widget_type=\"image.default\">\n\t\t\t\t<div class=\"elementor-widget-container\">\n\t\t\t\t\t\t\t\t\t\t\t\t\t\t\t<img decoding=\"async\" width=\"1920\" height=\"1080\" src=\"https:\/\/variace.kviff.com\/wp-content\/uploads\/2022\/10\/variace-kviff-fotky-detail-1920x1080-armageddon-time.jpg\" class=\"attachment-full size-full wp-image-2241\" alt=\"\" srcset=\"https:\/\/variace.kviff.com\/wp-content\/uploads\/2022\/10\/variace-kviff-fotky-detail-1920x1080-armageddon-time.jpg 1920w, https:\/\/variace.kviff.com\/wp-content\/uploads\/2022\/10\/variace-kviff-fotky-detail-1920x1080-armageddon-time-300x169.jpg 300w, https:\/\/variace.kviff.com\/wp-content\/uploads\/2022\/10\/variace-kviff-fotky-detail-1920x1080-armageddon-time-1024x576.jpg 1024w, https:\/\/variace.kviff.com\/wp-content\/uploads\/2022\/10\/variace-kviff-fotky-detail-1920x1080-armageddon-time-768x432.jpg 768w, https:\/\/variace.kviff.com\/wp-content\/uploads\/2022\/10\/variace-kviff-fotky-detail-1920x1080-armageddon-time-1536x864.jpg 1536w\" sizes=\"(max-width: 1920px) 100vw, 1920px\" \/>\t\t\t\t\t\t\t\t\t\t\t\t\t\t\t<\/div>\n\t\t\t\t<\/div>\n\t\t\t\t\t<\/div>\n\t\t<\/div>\n\t\t\t\t\t<\/div>\n\t\t<\/section>\n\t\t\t\t<section class=\"elementor-section elementor-top-section elementor-element elementor-element-7976097 elementor-section-boxed elementor-section-height-default elementor-section-height-default\" data-id=\"7976097\" data-element_type=\"section\" data-e-type=\"section\">\n\t\t\t\t\t\t<div class=\"elementor-container elementor-column-gap-default\">\n\t\t\t\t\t<div class=\"elementor-column elementor-col-100 elementor-top-column elementor-element elementor-element-c9f0559\" data-id=\"c9f0559\" data-element_type=\"column\" data-e-type=\"column\">\n\t\t\t<div class=\"elementor-widget-wrap elementor-element-populated\">\n\t\t\t\t\t\t<div class=\"elementor-element elementor-element-f237748 elementor-widget elementor-widget-text-editor\" data-id=\"f237748\" data-element_type=\"widget\" data-e-type=\"widget\" data-widget_type=\"text-editor.default\">\n\t\t\t\t<div class=\"elementor-widget-container\">\n\t\t\t\t\t\t\t\t\t<h1><span style=\"font-weight: 400;\">Armageddon Time<\/span><\/h1>\t\t\t\t\t\t\t\t<\/div>\n\t\t\t\t<\/div>\n\t\t\t\t<div class=\"elementor-element elementor-element-c23792d elementor-widget elementor-widget-text-editor\" data-id=\"c23792d\" data-element_type=\"widget\" data-e-type=\"widget\" data-widget_type=\"text-editor.default\">\n\t\t\t\t<div class=\"elementor-widget-container\">\n\t\t\t\t\t\t\t\t\t<span style=\"font-weight: 400;\">Saturday, 12 November 2022 \/ 3 pm \/ Kino \u010cas\n<\/span>\t\t\t\t\t\t\t\t<\/div>\n\t\t\t\t<\/div>\n\t\t\t\t<div class=\"elementor-element elementor-element-24aad89 elementor-hidden-desktop elementor-hidden-tablet elementor-hidden-mobile elementor-widget elementor-widget-button\" data-id=\"24aad89\" data-element_type=\"widget\" data-e-type=\"widget\" data-widget_type=\"button.default\">\n\t\t\t\t<div class=\"elementor-widget-container\">\n\t\t\t\t\t\t\t\t\t<div class=\"elementor-button-wrapper\">\n\t\t\t\t\t<a class=\"elementor-button elementor-button-link elementor-size-md\" href=\"https:\/\/avelzo.colosseum.eu\/av-elzo\/standard\/Hall\/Index\/213017\/DBpEkCaZcymoSed6xKdRlw_rov__rov__xcodex_AGA1gFbU4wjZiAPbfBvYB9LU0dhZkSaptGa4Jg__?\" target=\"_blank\">\n\t\t\t\t\t\t<span class=\"elementor-button-content-wrapper\">\n\t\t\t\t\t\t\t\t\t<span class=\"elementor-button-text\">Tickets<\/span>\n\t\t\t\t\t<\/span>\n\t\t\t\t\t<\/a>\n\t\t\t\t<\/div>\n\t\t\t\t\t\t\t\t<\/div>\n\t\t\t\t<\/div>\n\t\t\t\t\t<\/div>\n\t\t<\/div>\n\t\t\t\t\t<\/div>\n\t\t<\/section>\n\t\t\t\t<section class=\"elementor-section elementor-top-section elementor-element elementor-element-9829579 elementor-section-boxed elementor-section-height-default elementor-section-height-default\" data-id=\"9829579\" data-element_type=\"section\" data-e-type=\"section\">\n\t\t\t\t\t\t<div class=\"elementor-container elementor-column-gap-default\">\n\t\t\t\t\t<div class=\"elementor-column elementor-col-100 elementor-top-column elementor-element elementor-element-5eb0a7d\" data-id=\"5eb0a7d\" data-element_type=\"column\" data-e-type=\"column\">\n\t\t\t<div class=\"elementor-widget-wrap elementor-element-populated\">\n\t\t\t\t\t\t<div class=\"elementor-element elementor-element-eabbc5f elementor-widget elementor-widget-text-editor\" data-id=\"eabbc5f\" data-element_type=\"widget\" data-e-type=\"widget\" data-widget_type=\"text-editor.default\">\n\t\t\t\t<div class=\"elementor-widget-container\">\n\t\t\t\t\t\t\t\t\t<!--<span class=\"h3-small\" style=\"font-weight: 400;\">Exkluzivn\u00ed p\u0159edpremi\u00e9ra nov\u00e9ho filmu Paola Sorrentina. <\/span>\n-->\n<h5><span style=\"font-weight: 400;\">This bittersweet drama about coming of age in New York in the 1980s and about the loving, if often intense, bonds of a charmingly distinctive yet traditional Jewish family was first screened in the main competition at this year\u2019s Cannes Film Festival. In his most autobiographical film, director James Gray focuses his attention on twelve-year-old Paul as he explores the complicated world around him with the help of his wise grandfather, who promotes his burgeoning artistic ambitions. The charismatic and a thoroughly sympathetic patriarch is energetically portrayed by the legendary Anthony Hopkins, with excellent support from Anne Hathaway and Jeremy Strong, the latter of whom recently gained fame as Kendall in the well-received series Succession.\n\n<\/span><\/h5>\t\t\t\t\t\t\t\t<\/div>\n\t\t\t\t<\/div>\n\t\t\t\t\t<\/div>\n\t\t<\/div>\n\t\t\t\t\t<\/div>\n\t\t<\/section>\n\t\t\t\t<section class=\"elementor-section elementor-top-section elementor-element elementor-element-e99a1df elementor-section-boxed elementor-section-height-default elementor-section-height-default\" data-id=\"e99a1df\" data-element_type=\"section\" data-e-type=\"section\">\n\t\t\t\t\t\t<div class=\"elementor-container elementor-column-gap-default\">\n\t\t\t\t\t<div class=\"elementor-column elementor-col-100 elementor-top-column elementor-element elementor-element-d47f81d\" data-id=\"d47f81d\" data-element_type=\"column\" data-e-type=\"column\">\n\t\t\t<div class=\"elementor-widget-wrap elementor-element-populated\">\n\t\t\t\t\t\t<div class=\"elementor-element elementor-element-62b9904 elementor-widget elementor-widget-text-editor\" data-id=\"62b9904\" data-element_type=\"widget\" data-e-type=\"widget\" data-widget_type=\"text-editor.default\">\n\t\t\t\t<div class=\"elementor-widget-container\">\n\t\t\t\t\t\t\t\t\t<span class=\"h2-small\" style=\"font-weight: 400;\">Trailer <\/span>\t\t\t\t\t\t\t\t<\/div>\n\t\t\t\t<\/div>\n\t\t\t\t<div class=\"elementor-element elementor-element-d0c6a5d elementor-widget elementor-widget-text-editor\" data-id=\"d0c6a5d\" data-element_type=\"widget\" data-e-type=\"widget\" data-widget_type=\"text-editor.default\">\n\t\t\t\t<div class=\"elementor-widget-container\">\n\t\t\t\t\t\t\t\t\t<div style=\"height:0;display:block;overflow:hidden;position:relative;padding-bottom:56.25%\"><iframe frameborder=\"0\" allowfullscreen style=\"top:0;left:0;border:0;bottom:0;width:100%;height:100%;position:absolute\" src=\"https:\/\/kviff.tv\/embed\/video\/1718-armageddon-time-trailer\/cs\"><\/iframe><\/div>\t\t\t\t\t\t\t\t<\/div>\n\t\t\t\t<\/div>\n\t\t\t\t\t<\/div>\n\t\t<\/div>\n\t\t\t\t\t<\/div>\n\t\t<\/section>\n\t\t\t\t<section class=\"elementor-section elementor-top-section elementor-element elementor-element-c1f38de elementor-section-boxed elementor-section-height-default elementor-section-height-default\" data-id=\"c1f38de\" data-element_type=\"section\" data-e-type=\"section\">\n\t\t\t\t\t\t<div class=\"elementor-container elementor-column-gap-default\">\n\t\t\t\t\t<div class=\"elementor-column elementor-col-100 elementor-top-column elementor-element elementor-element-d9b8fc5\" data-id=\"d9b8fc5\" data-element_type=\"column\" data-e-type=\"column\">\n\t\t\t<div class=\"elementor-widget-wrap elementor-element-populated\">\n\t\t\t\t\t\t<div class=\"elementor-element elementor-element-d5c13d0 elementor-widget elementor-widget-text-editor\" data-id=\"d5c13d0\" data-element_type=\"widget\" data-e-type=\"widget\" data-widget_type=\"text-editor.default\">\n\t\t\t\t<div class=\"elementor-widget-container\">\n\t\t\t\t\t\t\t\t\t<h6>Technical details:<\/h6>\n<h5>USA, Brazil 2022 \/ 115 min \/ 12+<\/h5>\n<h6>Language:<\/h6>\n<h5>IN ENGLISH WITH CZECH SUBTITLES<\/h5>\n<h6>Directed by:<\/h6>\n<h5>James Gray<\/h5>\n<h6>With:<\/h6>\n<h5>Anthony Hopkins, Anne Hathaway, Banks Repeta, Jeremy Strong<\/h5>\t\t\t\t\t\t\t\t<\/div>\n\t\t\t\t<\/div>\n\t\t\t\t\t<\/div>\n\t\t<\/div>\n\t\t\t\t\t<\/div>\n\t\t<\/section>\n\t\t\t\t<section class=\"elementor-section elementor-top-section elementor-element elementor-element-dd5712c elementor-section-boxed elementor-section-height-default elementor-section-height-default\" data-id=\"dd5712c\" data-element_type=\"section\" data-e-type=\"section\">\n\t\t\t\t\t\t<div class=\"elementor-container elementor-column-gap-default\">\n\t\t\t\t\t<div class=\"elementor-column elementor-col-100 elementor-top-column elementor-element elementor-element-b5f4952\" data-id=\"b5f4952\" data-element_type=\"column\" data-e-type=\"column\">\n\t\t\t<div class=\"elementor-widget-wrap elementor-element-populated\">\n\t\t\t\t\t\t<div class=\"elementor-element elementor-element-96f3b61 elementor-widget elementor-widget-image\" data-id=\"96f3b61\" data-element_type=\"widget\" data-e-type=\"widget\" data-widget_type=\"image.default\">\n\t\t\t\t<div class=\"elementor-widget-container\">\n\t\t\t\t\t\t\t\t\t\t\t\t\t\t\t<img decoding=\"async\" width=\"1600\" height=\"900\" src=\"https:\/\/variace.kviff.com\/wp-content\/uploads\/2022\/10\/variace-kviff-fotky-detail-1600x900-gray.jpg\" class=\"attachment-full size-full wp-image-2236\" alt=\"\" srcset=\"https:\/\/variace.kviff.com\/wp-content\/uploads\/2022\/10\/variace-kviff-fotky-detail-1600x900-gray.jpg 1600w, https:\/\/variace.kviff.com\/wp-content\/uploads\/2022\/10\/variace-kviff-fotky-detail-1600x900-gray-300x169.jpg 300w, https:\/\/variace.kviff.com\/wp-content\/uploads\/2022\/10\/variace-kviff-fotky-detail-1600x900-gray-1024x576.jpg 1024w, https:\/\/variace.kviff.com\/wp-content\/uploads\/2022\/10\/variace-kviff-fotky-detail-1600x900-gray-768x432.jpg 768w, https:\/\/variace.kviff.com\/wp-content\/uploads\/2022\/10\/variace-kviff-fotky-detail-1600x900-gray-1536x864.jpg 1536w\" sizes=\"(max-width: 1600px) 100vw, 1600px\" \/>\t\t\t\t\t\t\t\t\t\t\t\t\t\t\t<\/div>\n\t\t\t\t<\/div>\n\t\t\t\t<div class=\"elementor-element elementor-element-bfc73ba elementor-widget elementor-widget-text-editor\" data-id=\"bfc73ba\" data-element_type=\"widget\" data-e-type=\"widget\" data-widget_type=\"text-editor.default\">\n\t\t\t\t<div class=\"elementor-widget-container\">\n\t\t\t\t\t\t\t\t\t<span class=\"h2-small\" style=\"font-weight: 400;\">James Gray <\/span>\n<h4 style=\"text-transform: uppercase;\">(1969)<\/h4>\n<h5 style=\"font-weight: 400;\">One of the most respected American directors working today, Gray was born into a New York family of Russian immigrants. He abandoned his original dream of becoming a painter the moment he encountered the work of Francis Ford Coppola and Robert Altman. Gray studied film directed at the University of Southern California in Los Angeles. His feature-film debut Little Odessa (1994) was shown in competition at the Venice Film Festival, where he won the Silver Lion. He returned to the Lido a quarter century later with the big-budget sci-fi Ad Astra. Five of his eight films have been in competition at Cannes, and he has cast his favorite actor, Joaquin Phoenix, in three of them (The Yards, We Own the Night, and Two Lovers).<\/h5>\n\n&nbsp;\t\t\t\t\t\t\t\t<\/div>\n\t\t\t\t<\/div>\n\t\t\t\t\t<\/div>\n\t\t<\/div>\n\t\t\t\t\t<\/div>\n\t\t<\/section>\n\t\t\t\t<section class=\"elementor-section elementor-top-section elementor-element elementor-element-8401f75 elementor-section-boxed elementor-section-height-default elementor-section-height-default\" data-id=\"8401f75\" data-element_type=\"section\" data-e-type=\"section\">\n\t\t\t\t\t\t<div class=\"elementor-container elementor-column-gap-default\">\n\t\t\t\t\t<div class=\"elementor-column elementor-col-100 elementor-top-column elementor-element elementor-element-6c7a76f\" data-id=\"6c7a76f\" data-element_type=\"column\" data-e-type=\"column\">\n\t\t\t<div class=\"elementor-widget-wrap elementor-element-populated\">\n\t\t\t\t\t\t<div class=\"elementor-element elementor-element-fa29e53 elementor-widget elementor-widget-button\" data-id=\"fa29e53\" data-element_type=\"widget\" data-e-type=\"widget\" data-widget_type=\"button.default\">\n\t\t\t\t<div class=\"elementor-widget-container\">\n\t\t\t\t\t\t\t\t\t<div class=\"elementor-button-wrapper\">\n\t\t\t\t\t<a class=\"elementor-button elementor-button-link elementor-size-md\" href=\"https:\/\/variace.kviff.com\/en\/#program\">\n\t\t\t\t\t\t<span class=\"elementor-button-content-wrapper\">\n\t\t\t\t\t\t\t\t\t<span class=\"elementor-button-text\">Back to program<\/span>\n\t\t\t\t\t<\/span>\n\t\t\t\t\t<\/a>\n\t\t\t\t<\/div>\n\t\t\t\t\t\t\t\t<\/div>\n\t\t\t\t<\/div>\n\t\t\t\t\t<\/div>\n\t\t<\/div>\n\t\t\t\t\t<\/div>\n\t\t<\/section>\n\t\t\t\t<\/div>","protected":false},"excerpt":{"rendered":"<p>Armageddon Time Sobota 12. listopadu \/ 15:00 \/ kino \u010cas Vstupenky O dosp\u00edv\u00e1n\u00ed v New Yorku osmdes\u00e1t\u00fdch let minul\u00e9ho stolet\u00ed i o l\u00e1skypln\u00fdch, i kdy\u017e \u010dasto intenzivn\u00edch poutech jedn\u00e9 p\u016fvabn\u011b sv\u00e9r\u00e1zn\u00e9 tradi\u010dn\u00ed \u017eidovsk\u00e9 rodiny vypr\u00e1v\u00ed ho\u0159kosladk\u00e9 drama, kter\u00e9 se poprv\u00e9 p\u0159edstavilo div\u00e1k\u016fm v hlavn\u00ed sout\u011b\u017ei leto\u0161n\u00edho festivalu v Cannes. Re\u017eis\u00e9rova pozornost v jeho nejv\u00edce autobiografick\u00e9m [&hellip;]<\/p>\n","protected":false},"author":1,"featured_media":0,"parent":0,"menu_order":0,"comment_status":"closed","ping_status":"closed","template":"","meta":{"_seopress_robots_primary_cat":"","_seopress_titles_title":"Armageddon Time \/ Variace 2022 \/ Karlovy Vary","_seopress_titles_desc":"Sobota 12. listopadu \/ 15:00 \/ kino \u010cas. O dosp\u00edv\u00e1n\u00ed v New Yorku osmdes\u00e1t\u00fdch let minul\u00e9ho stolet\u00ed i o l\u00e1skypln\u00fdch, i kdy\u017e \u010dasto intenzivn\u00edch poutech jedn\u00e9 p\u016fvabn\u011b sv\u00e9r\u00e1zn\u00e9 tradi\u010dn\u00ed \u017eidovsk\u00e9 rodiny vypr\u00e1v\u00ed ho\u0159kosladk\u00e9 drama...","_seopress_robots_index":"","footnotes":""},"class_list":["post-2228","page","type-page","status-publish","hentry"],"_links":{"self":[{"href":"https:\/\/variace.kviff.com\/en\/wp-json\/wp\/v2\/pages\/2228","targetHints":{"allow":["GET"]}}],"collection":[{"href":"https:\/\/variace.kviff.com\/en\/wp-json\/wp\/v2\/pages"}],"about":[{"href":"https:\/\/variace.kviff.com\/en\/wp-json\/wp\/v2\/types\/page"}],"author":[{"embeddable":true,"href":"https:\/\/variace.kviff.com\/en\/wp-json\/wp\/v2\/users\/1"}],"replies":[{"embeddable":true,"href":"https:\/\/variace.kviff.com\/en\/wp-json\/wp\/v2\/comments?post=2228"}],"version-history":[{"count":59,"href":"https:\/\/variace.kviff.com\/en\/wp-json\/wp\/v2\/pages\/2228\/revisions"}],"predecessor-version":[{"id":7982,"href":"https:\/\/variace.kviff.com\/en\/wp-json\/wp\/v2\/pages\/2228\/revisions\/7982"}],"wp:attachment":[{"href":"https:\/\/variace.kviff.com\/en\/wp-json\/wp\/v2\/media?parent=2228"}],"curies":[{"name":"wp","href":"https:\/\/api.w.org\/{rel}","templated":true}]}}