{"id":3,"date":"2022-10-17T08:40:42","date_gmt":"2022-10-17T08:40:42","guid":{"rendered":"http:\/\/localhost\/wordpress\/?page_id=3"},"modified":"2022-10-17T09:39:03","modified_gmt":"2022-10-17T09:39:03","slug":"privacy-policy","status":"publish","type":"page","link":"https:\/\/variace.kviff.com\/en\/privacy-policy\/","title":{"rendered":"Privacy Policy"},"content":{"rendered":"<div data-elementor-type=\"wp-page\" data-elementor-id=\"3\" class=\"elementor elementor-3\" data-elementor-post-type=\"page\">\n\t\t\t\t\t\t<section class=\"elementor-section elementor-top-section elementor-element elementor-element-11497f22 elementor-section-boxed elementor-section-height-default elementor-section-height-default\" data-id=\"11497f22\" data-element_type=\"section\" data-e-type=\"section\">\n\t\t\t\t\t\t<div class=\"elementor-container elementor-column-gap-default\">\n\t\t\t\t\t<div class=\"elementor-column elementor-col-100 elementor-top-column elementor-element elementor-element-2624320d\" data-id=\"2624320d\" data-element_type=\"column\" data-e-type=\"column\">\n\t\t\t<div class=\"elementor-widget-wrap elementor-element-populated\">\n\t\t\t\t\t\t<div class=\"elementor-element elementor-element-4b091b1b elementor-widget elementor-widget-text-editor\" data-id=\"4b091b1b\" data-element_type=\"widget\" data-e-type=\"widget\" data-widget_type=\"text-editor.default\">\n\t\t\t\t<div class=\"elementor-widget-container\">\n\t\t\t\t\t\t\t\t\t<p><\/p>\n<h3 class=\"wp-block-heading\"><b>Z\u00e1sady ochrany osobn\u00edch \u00fadaj\u016f na webu variace.kviff.com<\/b><\/h3><\/br>\n<p><b>I. \u00a0 <\/b> <b>Z\u00e1kladn\u00ed ustanoven\u00ed<\/b><\/p>\n<ol>\n<li style=\"font-weight: 400;\"><span style=\"font-weight: 400;\">Spr\u00e1vcem osobn\u00edch \u00fadaj\u016f podle \u010dl. 4 bod 7 na\u0159\u00edzen\u00ed Evropsk\u00e9ho parlamentu a Rady (EU) 2016\/679 o ochran\u011b fyzick\u00fdch osob v souvislosti se zpracov\u00e1n\u00edm osobn\u00edch \u00fadaj\u016f a o voln\u00e9m pohybu t\u011bchto \u00fadaj\u016f (d\u00e1le jen: \u201eGDPR\u201d) je KVIFF GROUP a.s., se s\u00eddlem Pansk\u00e1 892\/1, Nov\u00e9 M\u011bsto, 110 00 Praha 1, I\u010cO: 09750223, DI\u010c: CZ09750223, zapsan\u00e1 v obchodn\u00edm rejst\u0159\u00edku veden\u00e9m M\u011bstsk\u00fdm soudem v Praze, sp. zn. B 25907 (d\u00e1le jen \u201espr\u00e1vce\u201c).<\/span><\/li>\n<\/br>\n<\/ol>\n<p><b>II.\u00a0 <\/b> <b>Zdroje a kategorie zpracov\u00e1van\u00fdch osobn\u00edch \u00fadaj\u016f<\/b><\/p>\n<ol>\n<li style=\"font-weight: 400;\"><span style=\"font-weight: 400;\">Spr\u00e1vce zpracov\u00e1v\u00e1 osobn\u00ed \u00fadaje, kter\u00e9 jste mu poskytli nebo osobn\u00ed \u00fadaje, kter\u00e9 spr\u00e1vce z\u00edskal prost\u0159ednictv\u00edm sv\u00fdch webov\u00fdch str\u00e1nek<\/span><\/li>\n<li style=\"font-weight: 400;\"><span style=\"font-weight: 400;\">Spr\u00e1vce zpracov\u00e1v\u00e1<\/span>\n<ul>\n<li style=\"font-weight: 400;\"><span style=\"font-weight: 400;\">kontaktn\u00ed \u00fadaje (nap\u0159. e-mail)<\/span><\/li>\n<\/ul>\n<\/li>\n<li style=\"font-weight: 400;\"><span style=\"font-weight: 400;\">Spr\u00e1vce tak\u00e9 zpracov\u00e1v\u00e1 osobn\u00ed \u00fadaje z\u00edskan\u00e9 prost\u0159ednictv\u00edm cookies a dal\u0161\u00edch podobn\u00fdch technologi\u00ed. V\u00edce informac\u00ed o pou\u017e\u00edv\u00e1n\u00ed cookies naleznete v Nastaven\u00ed cookies.<\/span><\/li>\n<\/ol><\/br>\n<p><b>III. <\/b> <b>Z\u00e1konn\u00fd d\u016fvod a \u00fa\u010del zpracov\u00e1n\u00ed osobn\u00edch \u00fadaj\u016f<\/b><\/p>\n<ol>\n<li style=\"font-weight: 400;\"><span style=\"font-weight: 400;\">Z\u00e1konn\u00fdm d\u016fvodem zpracov\u00e1n\u00ed osobn\u00edch \u00fadaj\u016f je<\/span>\n<ul>\n<li style=\"font-weight: 400;\"><span style=\"font-weight: 400;\">pln\u011bn\u00ed pr\u00e1vn\u00edch povinnost\u00ed spr\u00e1vce<\/span><\/li>\n<li style=\"font-weight: 400;\"><span style=\"font-weight: 400;\">uzav\u0159en\u00ed a pln\u011bn\u00ed smlouvy<\/span><\/li>\n<li style=\"font-weight: 400;\"><span style=\"font-weight: 400;\">opr\u00e1vn\u011bn\u00fd z\u00e1jem spr\u00e1vce<\/span><\/li>\n<li style=\"font-weight: 400;\"><span style=\"font-weight: 400;\">odvolateln\u00fd, informovan\u00fd, jednozna\u010dn\u00fd a svobodn\u00fd souhlas<\/span><\/li>\n<\/ul>\n<\/li>\n<li style=\"font-weight: 400;\"><span style=\"font-weight: 400;\">\u00da\u010delem zpracov\u00e1n\u00ed osobn\u00edch \u00fadaj\u016f je\/jsou<\/span>\n<ul>\n<li style=\"font-weight: 400;\"><span style=\"font-weight: 400;\">zlep\u0161ov\u00e1n\u00ed kvality poskytovan\u00fdch slu\u017eeb, tj. aby spr\u00e1vce mohl prov\u00e1d\u011bt anal\u00fdzy \u00fadaj\u016f o chov\u00e1n\u00ed n\u00e1v\u0161t\u011bvn\u00edk\u016f webov\u00e9 str\u00e1nky, zji\u0161\u0165ovat preference n\u00e1v\u0161t\u011bvn\u00edk\u016f, testovat nov\u00e9 funkcionality<\/span><\/li>\n<li style=\"font-weight: 400;\"><span style=\"font-weight: 400;\">zas\u00edl\u00e1n\u00ed obchodn\u00edch sd\u011blen\u00ed a \u010din\u011bn\u00ed dal\u0161\u00edch marketingov\u00fdch aktivit, tj. aby V\u00e1m spr\u00e1vce mohl zas\u00edlat informace nap\u0159\u00edklad o novink\u00e1ch v KVIFF GROUP nebo o nab\u00eddk\u00e1ch slu\u017eeb<\/span><\/li>\n<li style=\"font-weight: 400;\"><span style=\"font-weight: 400;\">ochrana pr\u00e1vn\u00edch n\u00e1rok\u016f spr\u00e1vce, tj. aby spr\u00e1vce mohl h\u00e1jit sv\u00e9 n\u00e1roky v soudn\u00edm, mimosoudn\u00edm nebo vykon\u00e1vac\u00edm \u0159\u00edzen\u00ed<\/span><\/li>\n<li style=\"font-weight: 400;\"><span style=\"font-weight: 400;\">pln\u011bn\u00ed z\u00e1konn\u00fdch povinnost\u00ed spr\u00e1vce, zejm\u00e9na v oblasti da\u0148ov\u00e9 a \u00fa\u010detn\u00ed, tj. aby spr\u00e1vce splnil sv\u00e9 z\u00e1vazky vypl\u00fdvaj\u00edc\u00ed z p\u0159\u00edslu\u0161n\u00fdch pr\u00e1vn\u00edch p\u0159edpis\u016f<\/span><\/li>\n<\/ul>\n<\/li>\n<\/ol><\/br>\n<p><b>IV.\u00a0 \u00a0 Emailov\u00e1 obchodn\u00ed sd\u011blen\u00ed<\/b><\/p>\n<ol>\n<li style=\"font-weight: 400;\"><span style=\"font-weight: 400;\">M\u016f\u017eete b\u00fdt adres\u00e1tem informac\u00ed, nab\u00eddek a aktualit souvisej\u00edc\u00edch s prod\u00e1vaj\u00edc\u00edm nebo jeho produkty zas\u00edlan\u00fdch jm\u00e9nem spr\u00e1vce na Va\u0161i e-mailovou adresu. Tato e-mailov\u00e1 obchodn\u00ed sd\u011blen\u00ed nejsou nevy\u017e\u00e1dan\u00fdmi obchodn\u00edmi sd\u011blen\u00edmi. Spr\u00e1vce je zas\u00edl\u00e1 z d\u016fvodu sv\u00e9ho opr\u00e1vn\u011bn\u00e9ho z\u00e1jmu.<\/span><\/li>\n<li style=\"font-weight: 400;\"><span style=\"font-weight: 400;\">Emailov\u00e1 obchodn\u00ed sd\u011blen\u00ed, kter\u00e1 nesouvisej\u00ed s nab\u00edzen\u00fdmi produkty (filmy) zas\u00edl\u00e1 spr\u00e1vce u\u017eivatel\u016fm na z\u00e1klad\u011b souhlasu. Na z\u00e1klad\u011b souhlasu zas\u00edl\u00e1 spr\u00e1vce e-mailov\u00e1 obchodn\u00ed sd\u011blen\u00ed potenci\u00e1ln\u00edm u\u017eivatel\u016fm.<\/span><\/li>\n<li style=\"font-weight: 400;\"><span style=\"font-weight: 400;\">Odb\u011br e-mailov\u00fdch obchodn\u00edch sd\u011blen\u00ed, a to zas\u00edlan\u00fdch jak na z\u00e1klad\u011b opr\u00e1vn\u011bn\u00e9ho z\u00e1jmu, tak na z\u00e1klad\u011b souhlasu, m\u016f\u017eete kdykoli odhl\u00e1sit prost\u0159ednictv\u00edm odkazu pro odhl\u00e1\u0161en\u00ed, kter\u00fd je um\u00edst\u011bn v e-mailov\u00e9m obchodn\u00edm sd\u011blen\u00ed, nebo prost\u0159ednictv\u00edm \u00fapravy nastaven\u00ed v u\u017eivatelsk\u00e9m \u00fa\u010dtu na webu. Pokud pou\u017e\u00edv\u00e1te v\u00edce u\u017eivatelsk\u00fdch \u00fa\u010dt\u016f s odli\u0161n\u00fdmi e-mailov\u00fdmi adresami, odhla\u0161uje se z technick\u00fdch d\u016fvod\u016f z odb\u011bru e-mailov\u00fdch obchodn\u00edch sd\u011blen\u00ed pro ka\u017edou e-mailovou adresu zvl\u00e1\u0161\u0165.<\/span><\/li>\n<\/ol><\/br>\n<p><b>V. <\/b> <b>Doba uchov\u00e1n\u00ed \u00fadaj\u016f<\/b><\/p>\n<ol>\n<li style=\"font-weight: 400;\"><span style=\"font-weight: 400;\">Spr\u00e1vce uchov\u00e1v\u00e1<\/span>\n<ul>\n<li style=\"font-weight: 400;\"><span style=\"font-weight: 400;\">\u00fadaje nezbytn\u00e9 pro uzav\u0159en\u00ed a pln\u011bn\u00ed smlouvy a \u00fadaje zpracov\u00e1van\u00e9 pro anal\u00fdzu \u00fadaj\u016f o chov\u00e1n\u00ed n\u00e1v\u0161t\u011bvn\u00edk\u016f webov\u00e9 str\u00e1nky po dobu \u00fa\u010dinnosti smlouvy<\/span><\/li>\n<li style=\"font-weight: 400;\"><span style=\"font-weight: 400;\">\u00fadaje zpracov\u00e1van\u00e9 na z\u00e1klad\u011b souhlasu po dobu 10 let nebo do odvol\u00e1n\u00ed souhlasu<\/span><\/li>\n<li style=\"font-weight: 400;\"><span style=\"font-weight: 400;\">\u00fadaje zpracov\u00e1van\u00e9 pro ochranu pr\u00e1vn\u00edch n\u00e1rok\u016f po dobu trv\u00e1n\u00ed proml\u010dec\u00ed doby, v\u010detn\u011b doby pokr\u00fdvaj\u00edc\u00ed jej\u00ed p\u0159\u00edpadn\u00e9 staven\u00ed \u010di p\u0159eru\u0161en\u00ed, typicky v\u0161ak ne d\u00e9le ne\u017e 16 let po ukon\u010den\u00ed \u00fa\u010dinnosti smlouvy<\/span><\/li>\n<li style=\"font-weight: 400;\"><span style=\"font-weight: 400;\">\u00fadaje zpracov\u00e1van\u00e9 pro pln\u011bn\u00ed p\u0159\u00edslu\u0161n\u00fdch z\u00e1konn\u00fdch povinnost\u00ed po dobu trv\u00e1n\u00ed p\u0159\u00edslu\u0161n\u00e9 povinnosti<\/span><\/li>\n<\/ul>\n<\/li>\n<li style=\"font-weight: 400;\"><span style=\"font-weight: 400;\">Pokud je zah\u00e1jeno p\u0159ed uplynut\u00edm jak\u00e9koli z v\u00fd\u0161e uveden\u00fdch lh\u016ft soudn\u00ed, trestn\u011bpr\u00e1vn\u00ed, spr\u00e1vn\u00ed \u010di jin\u00e9 obdobn\u00e9 \u0159\u00edzen\u00ed, zpracov\u00e1v\u00e1 spr\u00e1vce osobn\u00ed \u00fadaje po celou dobu trv\u00e1n\u00ed takov\u00fdch \u0159\u00edzen\u00ed a zb\u00fdvaj\u00edc\u00ed \u010d\u00e1st proml\u010dec\u00ed doby po jejich skon\u010den\u00ed.<\/span><\/li>\n<li style=\"font-weight: 400;\"><span style=\"font-weight: 400;\">Po uplynut\u00ed doby uchov\u00e1v\u00e1n\u00ed osobn\u00edch \u00fadaj\u016f spr\u00e1vce osobn\u00ed \u00fadaje vyma\u017ee.<\/span><\/li>\n<\/ol><\/br>\n<p><b>VI.\u00a0 \u00a0 P\u0159\u00edjemci osobn\u00edch \u00fadaj\u016f<\/b><\/p>\n<ol>\n<li style=\"font-weight: 400;\"><span style=\"font-weight: 400;\">P\u0159\u00edjemci osobn\u00edch \u00fadaj\u016f jsou n\u00e1sleduj\u00edc\u00ed osoby<\/span>\n<ul>\n<li style=\"font-weight: 400;\"><span style=\"font-weight: 400;\">Osoby pod\u00edlej\u00edc\u00ed se na dod\u00e1n\u00ed produktu a realizaci plateb<\/span><\/li>\n<li style=\"font-weight: 400;\"><span style=\"font-weight: 400;\">Osoby zaji\u0161\u0165uj\u00edc\u00ed marketingov\u00e9 slu\u017eby<\/span><\/li>\n<li style=\"font-weight: 400;\"><span style=\"font-weight: 400;\">Poskytovatel\u00e9 technick\u00e9 infrastruktury<\/span><\/li>\n<\/ul>\n<\/li>\n<li style=\"font-weight: 400;\"><span style=\"font-weight: 400;\">Spr\u00e1vce nem\u00e1 v \u00famyslu p\u0159edat osobn\u00ed \u00fadaje do t\u0159et\u00ed zem\u011b (do zem\u011b mimo EU) nebo mezin\u00e1rodn\u00ed organizaci.<\/span><\/li>\n<li style=\"font-weight: 400;\"><span style=\"font-weight: 400;\">V p\u0159\u00edpad\u011b, \u017ee by Spr\u00e1vce p\u0159ev\u00e1d\u011bl obchodn\u00ed nebo jinou \u010dinnost jako celek nebo i jej\u00ed \u010d\u00e1st na jinou osobu (v\u010detn\u011b postoupen\u00ed smluv), pak by sou\u010d\u00e1st\u00ed takov\u00e9ho p\u0159evodu byly i osobn\u00ed \u00fadaje, kter\u00e9 se t\u00e9to \u010dinnosti t\u00fdkaj\u00ed. Pro tyto \u00fa\u010dely mohou b\u00fdt informace (v\u010detn\u011b osobn\u00edch \u00fadaj\u016f) t\u00fdkaj\u00edc\u00ed se \u010dinnosti spr\u00e1vce sd\u00edleny s ostatn\u00edmi stranami tak, aby bylo mo\u017en\u00e9 zhodnotit a uzav\u0159\u00edt dan\u00fd obchod.<\/span><\/li>\n<\/ol><\/br>\n<p><b>VII. \u00a0 Va\u0161e pr\u00e1va<\/b><\/p>\n<ol>\n<li style=\"font-weight: 400;\"><span style=\"font-weight: 400;\">Za podm\u00ednek stanoven\u00fdch v GDPR m\u00e1te<\/span>\n<ul>\n<li style=\"font-weight: 400;\"><span style=\"font-weight: 400;\">pr\u00e1vo na p\u0159\u00edstup ke sv\u00fdm osobn\u00edm \u00fadaj\u016fm dle \u010dl. 15 GDPR<\/span><\/li>\n<li style=\"font-weight: 400;\"><span style=\"font-weight: 400;\">pr\u00e1vo opravu osobn\u00edch \u00fadaj\u016f dle \u010dl. 16 GDPR, pop\u0159\u00edpad\u011b omezen\u00ed zpracov\u00e1n\u00ed dle \u010dl. 18 GDPR<\/span><\/li>\n<li style=\"font-weight: 400;\"><span style=\"font-weight: 400;\">pr\u00e1vo na v\u00fdmaz osobn\u00edch \u00fadaj\u016f dle \u010dl. 17 GDPR<\/span><\/li>\n<li style=\"font-weight: 400;\"><span style=\"font-weight: 400;\">pr\u00e1vo vzn\u00e9st n\u00e1mitku proti zpracov\u00e1n\u00ed dle \u010dl. 21 GDPR<\/span><\/li>\n<li style=\"font-weight: 400;\"><span style=\"font-weight: 400;\">pr\u00e1vo na p\u0159enositelnost \u00fadaj\u016f dle \u010dl. 20 GDPR<\/span><\/li>\n<li style=\"font-weight: 400;\"><span style=\"font-weight: 400;\">pr\u00e1vo odvolat souhlas se zpracov\u00e1n\u00edm dle \u010dl. 7 GDPR<\/span><\/li>\n<\/ul>\n<\/li>\n<li style=\"font-weight: 400;\"><span style=\"font-weight: 400;\">D\u00e1le m\u00e1te pr\u00e1vo podat st\u00ed\u017enost u \u00da\u0159adu pro ochranu osobn\u00edch \u00fadaj\u016f v p\u0159\u00edpad\u011b, \u017ee se domn\u00edv\u00e1te, \u017ee bylo poru\u0161eno Va\u0161e pr\u00e1vo na ochranu osobn\u00edch \u00fadaj\u016f.<\/span><\/li>\n<li style=\"font-weight: 400;\"><span style=\"font-weight: 400;\">Ve v\u0161ech z\u00e1le\u017eitostech souvisej\u00edc\u00edch se zpracov\u00e1n\u00edm Va\u0161ich osobn\u00edch \u00fadaj\u016f, a\u0165 ji\u017e jde o dotaz, uplatn\u011bn\u00ed pr\u00e1va, pod\u00e1n\u00ed st\u00ed\u017enosti \u010di cokoliv jin\u00e9ho, se na n\u00e1s m\u016f\u017eete obracet prost\u0159ednictv\u00edm n\u00e1sleduj\u00edc\u00edch kontakt\u016f:<\/span>\n<ul>\n<li style=\"font-weight: 400;\"><span style=\"font-weight: 400;\">Email: digital@kviff.com<\/span><\/li>\n<li style=\"font-weight: 400;\"><span style=\"font-weight: 400;\">Doru\u010dovac\u00ed adresa: KVIFF GROUP, Pansk\u00e1 892\/1, Nov\u00e9 M\u011bsto, 110 00 Praha 1<\/span><\/li>\n<\/ul>\n<\/li>\n<\/ol><\/br>\n<p><b>VIII. \u00a0 Podm\u00ednky zabezpe\u010den\u00ed osobn\u00edch \u00fadaj\u016f<\/b><\/p>\n<ol>\n<li style=\"font-weight: 400;\"><span style=\"font-weight: 400;\">Spr\u00e1vce prohla\u0161uje, \u017ee p\u0159ijal ve\u0161ker\u00e1 vhodn\u00e1 technick\u00e1 a organiza\u010dn\u00ed opat\u0159en\u00ed k zabezpe\u010den\u00ed osobn\u00edch \u00fadaj\u016f.<\/span><\/li>\n<li style=\"font-weight: 400;\"><span style=\"font-weight: 400;\">Spr\u00e1vce p\u0159ijal vhodn\u00e1 technick\u00e1 opat\u0159en\u00ed k zabezpe\u010den\u00ed datov\u00fdch \u00falo\u017ei\u0161\u0165 a \u00falo\u017ei\u0161\u0165 osobn\u00edch \u00fadaj\u016f v listinn\u00e9 podob\u011b.<\/span><\/li>\n<li style=\"font-weight: 400;\"><span style=\"font-weight: 400;\">Spr\u00e1vce prohla\u0161uje, \u017ee k osobn\u00edm \u00fadaj\u016fm maj\u00ed p\u0159\u00edstup pouze j\u00edm pov\u011b\u0159en\u00e9 osoby.<\/span><\/li>\n<\/ol><\/br>\n<p><b>IX.\u00a0 \u00a0 Z\u00e1v\u011bre\u010dn\u00e1 ustanoven\u00ed<\/b><\/p>\n<ol>\n<li style=\"font-weight: 400;\"><span style=\"font-weight: 400;\">Spr\u00e1vce si vyhrazuje pr\u00e1vo kdykoli zm\u011bnit tyto z\u00e1sady.<\/span><\/li>\n<li style=\"font-weight: 400;\"><span style=\"font-weight: 400;\">Tyto z\u00e1sady jsou platn\u00e9 a \u00fa\u010dinn\u00e9 od 1. 10. 2022.<\/span><\/li>\n<\/ol>\n<p><\/p>\t\t\t\t\t\t\t\t<\/div>\n\t\t\t\t<\/div>\n\t\t\t\t\t<\/div>\n\t\t<\/div>\n\t\t\t\t\t<\/div>\n\t\t<\/section>\n\t\t\t\t<\/div>","protected":false},"excerpt":{"rendered":"<p>Z\u00e1sady ochrany osobn\u00edch \u00fadaj\u016f na webu variace.kviff.com I. \u00a0 Z\u00e1kladn\u00ed ustanoven\u00ed Spr\u00e1vcem osobn\u00edch \u00fadaj\u016f podle \u010dl. 4 bod 7 na\u0159\u00edzen\u00ed Evropsk\u00e9ho parlamentu a Rady (EU) 2016\/679 o ochran\u011b fyzick\u00fdch osob v souvislosti se zpracov\u00e1n\u00edm osobn\u00edch \u00fadaj\u016f a o voln\u00e9m pohybu t\u011bchto \u00fadaj\u016f (d\u00e1le jen: \u201eGDPR\u201d) je KVIFF GROUP a.s., se s\u00eddlem Pansk\u00e1 892\/1, Nov\u00e9 M\u011bsto, [&hellip;]<\/p>\n","protected":false},"author":1,"featured_media":0,"parent":0,"menu_order":0,"comment_status":"closed","ping_status":"open","template":"","meta":{"_seopress_robots_primary_cat":"","_seopress_titles_title":"","_seopress_titles_desc":"","_seopress_robots_index":"","footnotes":""},"class_list":["post-3","page","type-page","status-publish","hentry"],"_links":{"self":[{"href":"https:\/\/variace.kviff.com\/en\/wp-json\/wp\/v2\/pages\/3","targetHints":{"allow":["GET"]}}],"collection":[{"href":"https:\/\/variace.kviff.com\/en\/wp-json\/wp\/v2\/pages"}],"about":[{"href":"https:\/\/variace.kviff.com\/en\/wp-json\/wp\/v2\/types\/page"}],"author":[{"embeddable":true,"href":"https:\/\/variace.kviff.com\/en\/wp-json\/wp\/v2\/users\/1"}],"replies":[{"embeddable":true,"href":"https:\/\/variace.kviff.com\/en\/wp-json\/wp\/v2\/comments?post=3"}],"version-history":[{"count":13,"href":"https:\/\/variace.kviff.com\/en\/wp-json\/wp\/v2\/pages\/3\/revisions"}],"predecessor-version":[{"id":3455,"href":"https:\/\/variace.kviff.com\/en\/wp-json\/wp\/v2\/pages\/3\/revisions\/3455"}],"wp:attachment":[{"href":"https:\/\/variace.kviff.com\/en\/wp-json\/wp\/v2\/media?parent=3"}],"curies":[{"name":"wp","href":"https:\/\/api.w.org\/{rel}","templated":true}]}}