{"id":3222,"date":"2022-10-31T09:27:33","date_gmt":"2022-10-31T09:27:33","guid":{"rendered":"https:\/\/variace.kviff.com\/?page_id=3222"},"modified":"2022-10-31T16:08:04","modified_gmt":"2022-10-31T16:08:04","slug":"kontakt","status":"publish","type":"page","link":"https:\/\/variace.kviff.com\/en\/kontakt\/","title":{"rendered":"Contact"},"content":{"rendered":"<div data-elementor-type=\"wp-page\" data-elementor-id=\"3222\" class=\"elementor elementor-3222\" data-elementor-post-type=\"page\">\n\t\t\t\t\t\t<section class=\"elementor-section elementor-top-section elementor-element elementor-element-11497f22 elementor-section-boxed elementor-section-height-default elementor-section-height-default\" data-id=\"11497f22\" data-element_type=\"section\" data-e-type=\"section\">\n\t\t\t\t\t\t<div class=\"elementor-container elementor-column-gap-default\">\n\t\t\t\t\t<div class=\"elementor-column elementor-col-100 elementor-top-column elementor-element elementor-element-2624320d\" data-id=\"2624320d\" data-element_type=\"column\" data-e-type=\"column\">\n\t\t\t<div class=\"elementor-widget-wrap elementor-element-populated\">\n\t\t\t\t\t\t<div class=\"elementor-element elementor-element-4b091b1b elementor-widget elementor-widget-text-editor\" data-id=\"4b091b1b\" data-element_type=\"widget\" data-e-type=\"widget\" data-widget_type=\"text-editor.default\">\n\t\t\t\t<div class=\"elementor-widget-container\">\n\t\t\t\t\t\t\t\t\t<p><\/p>\n<h2 class=\"wp-block-heading\"><b>Contact<\/b><\/h2>\n<h3><b>Provided by:<\/b><\/h3>\n<p style=\"font-weight: 400;\">KVIFF Events, s. r. o.<\/p>\n<p style=\"font-weight: 400;\">I\u010cO: 11685611<\/p>\n<p>Spisov\u00e1 zna\u010dka: C 352866 veden\u00e1 u M\u011bstsk\u00e9ho soudu v Praze<\/p>\n<p>Den z\u00e1pisu: 23. \u010dervence 2021<\/p>\n<p>S\u00eddlo: Pansk\u00e1 892\/1, Nov\u00e9 M\u011bsto, 110 00 Praha 1<\/p>\n<p><\/p>\t\t\t\t\t\t\t\t<\/div>\n\t\t\t\t<\/div>\n\t\t\t\t\t<\/div>\n\t\t<\/div>\n\t\t\t\t\t<\/div>\n\t\t<\/section>\n\t\t\t\t<\/div>","protected":false},"excerpt":{"rendered":"<p>Kontakt Provozovatel: KVIFF Events, s. r. o. I\u010cO: 11685611 Spisov\u00e1 zna\u010dka: C 352866 veden\u00e1 u M\u011bstsk\u00e9ho soudu v Praze Den z\u00e1pisu: 23. \u010dervence 2021 S\u00eddlo: Pansk\u00e1 892\/1, Nov\u00e9 M\u011bsto, 110 00 Praha 1<\/p>","protected":false},"author":1,"featured_media":0,"parent":0,"menu_order":0,"comment_status":"closed","ping_status":"open","template":"","meta":{"_seopress_robots_primary_cat":"","_seopress_titles_title":"","_seopress_titles_desc":"","_seopress_robots_index":"","footnotes":""},"class_list":["post-3222","page","type-page","status-publish","hentry"],"_links":{"self":[{"href":"https:\/\/variace.kviff.com\/en\/wp-json\/wp\/v2\/pages\/3222","targetHints":{"allow":["GET"]}}],"collection":[{"href":"https:\/\/variace.kviff.com\/en\/wp-json\/wp\/v2\/pages"}],"about":[{"href":"https:\/\/variace.kviff.com\/en\/wp-json\/wp\/v2\/types\/page"}],"author":[{"embeddable":true,"href":"https:\/\/variace.kviff.com\/en\/wp-json\/wp\/v2\/users\/1"}],"replies":[{"embeddable":true,"href":"https:\/\/variace.kviff.com\/en\/wp-json\/wp\/v2\/comments?post=3222"}],"version-history":[{"count":16,"href":"https:\/\/variace.kviff.com\/en\/wp-json\/wp\/v2\/pages\/3222\/revisions"}],"predecessor-version":[{"id":3242,"href":"https:\/\/variace.kviff.com\/en\/wp-json\/wp\/v2\/pages\/3222\/revisions\/3242"}],"wp:attachment":[{"href":"https:\/\/variace.kviff.com\/en\/wp-json\/wp\/v2\/media?parent=3222"}],"curies":[{"name":"wp","href":"https:\/\/api.w.org\/{rel}","templated":true}]}}