{"id":3850,"date":"2023-10-13T11:01:01","date_gmt":"2023-10-13T11:01:01","guid":{"rendered":"https:\/\/variace.kviff.com\/?page_id=3850"},"modified":"2025-10-27T18:30:12","modified_gmt":"2025-10-27T18:30:12","slug":"mozart-reinecke-v-mestske-sporitelne","status":"publish","type":"page","link":"https:\/\/variace.kviff.com\/en\/mozart-reinecke-v-mestske-sporitelne\/","title":{"rendered":"Mozart, Reinecke at the Municipal Savings Bank"},"content":{"rendered":"<div data-elementor-type=\"wp-page\" data-elementor-id=\"3850\" class=\"elementor elementor-3850\" data-elementor-post-type=\"page\">\n\t\t\t\t\t\t<section class=\"elementor-section elementor-top-section elementor-element elementor-element-0f5b2e3 elementor-section-full_width elementor-hidden-tablet elementor-hidden-mobile elementor-section-height-default elementor-section-height-default\" data-id=\"0f5b2e3\" data-element_type=\"section\" data-e-type=\"section\">\n\t\t\t\t\t\t<div class=\"elementor-container elementor-column-gap-no\">\n\t\t\t\t\t<div class=\"elementor-column elementor-col-100 elementor-top-column elementor-element elementor-element-fe034cc\" data-id=\"fe034cc\" data-element_type=\"column\" data-e-type=\"column\">\n\t\t\t<div class=\"elementor-widget-wrap elementor-element-populated\">\n\t\t\t\t\t\t<div class=\"elementor-element elementor-element-0a0297f elementor-widget elementor-widget-image\" data-id=\"0a0297f\" data-element_type=\"widget\" data-e-type=\"widget\" data-widget_type=\"image.default\">\n\t\t\t\t<div class=\"elementor-widget-container\">\n\t\t\t\t\t\t\t\t\t\t\t\t\t\t\t<img fetchpriority=\"high\" decoding=\"async\" width=\"1920\" height=\"750\" src=\"https:\/\/variace.kviff.com\/wp-content\/uploads\/2023\/10\/variace-kviff-fotky-detail-2023-01-new.jpg\" class=\"attachment-full size-full wp-image-4398\" alt=\"\" srcset=\"https:\/\/variace.kviff.com\/wp-content\/uploads\/2023\/10\/variace-kviff-fotky-detail-2023-01-new.jpg 1920w, https:\/\/variace.kviff.com\/wp-content\/uploads\/2023\/10\/variace-kviff-fotky-detail-2023-01-new-300x117.jpg 300w, https:\/\/variace.kviff.com\/wp-content\/uploads\/2023\/10\/variace-kviff-fotky-detail-2023-01-new-1024x400.jpg 1024w, https:\/\/variace.kviff.com\/wp-content\/uploads\/2023\/10\/variace-kviff-fotky-detail-2023-01-new-768x300.jpg 768w, https:\/\/variace.kviff.com\/wp-content\/uploads\/2023\/10\/variace-kviff-fotky-detail-2023-01-new-1536x600.jpg 1536w\" sizes=\"(max-width: 1920px) 100vw, 1920px\" \/>\t\t\t\t\t\t\t\t\t\t\t\t\t\t\t<\/div>\n\t\t\t\t<\/div>\n\t\t\t\t\t<\/div>\n\t\t<\/div>\n\t\t\t\t\t<\/div>\n\t\t<\/section>\n\t\t\t\t<section class=\"elementor-section elementor-top-section elementor-element elementor-element-bd8c347 elementor-section-full_width elementor-hidden-desktop elementor-section-height-default elementor-section-height-default\" data-id=\"bd8c347\" data-element_type=\"section\" data-e-type=\"section\">\n\t\t\t\t\t\t<div class=\"elementor-container elementor-column-gap-no\">\n\t\t\t\t\t<div class=\"elementor-column elementor-col-100 elementor-top-column elementor-element elementor-element-9bfccd1\" data-id=\"9bfccd1\" data-element_type=\"column\" data-e-type=\"column\">\n\t\t\t<div class=\"elementor-widget-wrap elementor-element-populated\">\n\t\t\t\t\t\t<div class=\"elementor-element elementor-element-7eb5f4b elementor-widget elementor-widget-image\" data-id=\"7eb5f4b\" data-element_type=\"widget\" data-e-type=\"widget\" data-widget_type=\"image.default\">\n\t\t\t\t<div class=\"elementor-widget-container\">\n\t\t\t\t\t\t\t\t\t\t\t\t\t\t\t<img decoding=\"async\" width=\"1920\" height=\"1080\" src=\"https:\/\/variace.kviff.com\/wp-content\/uploads\/2023\/10\/variace-kviff-fotky-detail-full-2023-01-new.jpg\" class=\"attachment-full size-full wp-image-4394\" alt=\"\" srcset=\"https:\/\/variace.kviff.com\/wp-content\/uploads\/2023\/10\/variace-kviff-fotky-detail-full-2023-01-new.jpg 1920w, https:\/\/variace.kviff.com\/wp-content\/uploads\/2023\/10\/variace-kviff-fotky-detail-full-2023-01-new-300x169.jpg 300w, https:\/\/variace.kviff.com\/wp-content\/uploads\/2023\/10\/variace-kviff-fotky-detail-full-2023-01-new-1024x576.jpg 1024w, https:\/\/variace.kviff.com\/wp-content\/uploads\/2023\/10\/variace-kviff-fotky-detail-full-2023-01-new-768x432.jpg 768w, https:\/\/variace.kviff.com\/wp-content\/uploads\/2023\/10\/variace-kviff-fotky-detail-full-2023-01-new-1536x864.jpg 1536w\" sizes=\"(max-width: 1920px) 100vw, 1920px\" \/>\t\t\t\t\t\t\t\t\t\t\t\t\t\t\t<\/div>\n\t\t\t\t<\/div>\n\t\t\t\t\t<\/div>\n\t\t<\/div>\n\t\t\t\t\t<\/div>\n\t\t<\/section>\n\t\t\t\t<section class=\"elementor-section elementor-top-section elementor-element elementor-element-7976097 elementor-section-boxed elementor-section-height-default elementor-section-height-default\" data-id=\"7976097\" data-element_type=\"section\" data-e-type=\"section\">\n\t\t\t\t\t\t<div class=\"elementor-container elementor-column-gap-default\">\n\t\t\t\t\t<div class=\"elementor-column elementor-col-100 elementor-top-column elementor-element elementor-element-c9f0559\" data-id=\"c9f0559\" data-element_type=\"column\" data-e-type=\"column\">\n\t\t\t<div class=\"elementor-widget-wrap elementor-element-populated\">\n\t\t\t\t\t\t<div class=\"elementor-element elementor-element-f237748 elementor-widget elementor-widget-text-editor\" data-id=\"f237748\" data-element_type=\"widget\" data-e-type=\"widget\" data-widget_type=\"text-editor.default\">\n\t\t\t\t<div class=\"elementor-widget-container\">\n\t\t\t\t\t\t\t\t\t<h1><span style=\"font-weight: 400;\">Mozart, Reinecke at the Municipal Savings Bank <\/span><\/h1>\t\t\t\t\t\t\t\t<\/div>\n\t\t\t\t<\/div>\n\t\t\t\t<div class=\"elementor-element elementor-element-c23792d elementor-widget elementor-widget-text-editor\" data-id=\"c23792d\" data-element_type=\"widget\" data-e-type=\"widget\" data-widget_type=\"text-editor.default\">\n\t\t\t\t<div class=\"elementor-widget-container\">\n\t\t\t\t\t\t\t\t\t<span style=\"font-weight: 400;\">Friday 24 November 2023 \/ 5pm \/ Former savings bank (Divadeln\u00ed n\u00e1m\u011bst\u00ed) \/ Admission free\n\n<\/span>\t\t\t\t\t\t\t\t<\/div>\n\t\t\t\t<\/div>\n\t\t\t\t\t<\/div>\n\t\t<\/div>\n\t\t\t\t\t<\/div>\n\t\t<\/section>\n\t\t\t\t<section class=\"elementor-section elementor-top-section elementor-element elementor-element-9829579 elementor-section-boxed elementor-section-height-default elementor-section-height-default\" data-id=\"9829579\" data-element_type=\"section\" data-e-type=\"section\">\n\t\t\t\t\t\t<div class=\"elementor-container elementor-column-gap-default\">\n\t\t\t\t\t<div class=\"elementor-column elementor-col-100 elementor-top-column elementor-element elementor-element-5eb0a7d\" data-id=\"5eb0a7d\" data-element_type=\"column\" data-e-type=\"column\">\n\t\t\t<div class=\"elementor-widget-wrap elementor-element-populated\">\n\t\t\t\t\t\t<div class=\"elementor-element elementor-element-eabbc5f elementor-widget elementor-widget-text-editor\" data-id=\"eabbc5f\" data-element_type=\"widget\" data-e-type=\"widget\" data-widget_type=\"text-editor.default\">\n\t\t\t\t<div class=\"elementor-widget-container\">\n\t\t\t\t\t\t\t\t\t<span class=\"h3-small\" style=\"font-weight: 400;\">Ond\u0159ej Vrabec conducts an octet consisting of members of the Czech Philharmonic and the Karlovy Vary Symphony Orchestra. The chamber ensemble will perform works by W. A. Mozart and Carl Reinecke.\n<\/span>\t\t\t\t\t\t\t\t<\/div>\n\t\t\t\t<\/div>\n\t\t\t\t\t<\/div>\n\t\t<\/div>\n\t\t\t\t\t<\/div>\n\t\t<\/section>\n\t\t\t\t<section class=\"elementor-section elementor-top-section elementor-element elementor-element-c1f38de elementor-section-boxed elementor-section-height-default elementor-section-height-default\" data-id=\"c1f38de\" data-element_type=\"section\" data-e-type=\"section\">\n\t\t\t\t\t\t<div class=\"elementor-container elementor-column-gap-default\">\n\t\t\t\t\t<div class=\"elementor-column elementor-col-100 elementor-top-column elementor-element elementor-element-d9b8fc5\" data-id=\"d9b8fc5\" data-element_type=\"column\" data-e-type=\"column\">\n\t\t\t<div class=\"elementor-widget-wrap elementor-element-populated\">\n\t\t\t\t\t\t<div class=\"elementor-element elementor-element-d5c13d0 elementor-widget elementor-widget-text-editor\" data-id=\"d5c13d0\" data-element_type=\"widget\" data-e-type=\"widget\" data-widget_type=\"text-editor.default\">\n\t\t\t\t<div class=\"elementor-widget-container\">\n\t\t\t\t\t\t\t\t\t<h6>Program:<\/h6><h5>W. A. Mozart: Serenade in E-flat Major KV 375 (ca. 25 min)<br \/>Carl Reinecke: Octet, op. 216 (ca. 20 min)<\/h5><h6>Performed by:<\/h6><h5>An octet composed of members of the Czech Philharmonic and the Karlovy Vary Symphony Orchestra<\/h5><h6>ARTISTIC DIRECTOR AND CONDUCTOR:<\/h6><h5>Ond\u0159ej Vrabec<\/h5>\t\t\t\t\t\t\t\t<\/div>\n\t\t\t\t<\/div>\n\t\t\t\t\t<\/div>\n\t\t<\/div>\n\t\t\t\t\t<\/div>\n\t\t<\/section>\n\t\t\t\t<section class=\"elementor-section elementor-top-section elementor-element elementor-element-65c6d37 elementor-section-boxed elementor-section-height-default elementor-section-height-default\" data-id=\"65c6d37\" data-element_type=\"section\" data-e-type=\"section\">\n\t\t\t\t\t\t<div class=\"elementor-container elementor-column-gap-default\">\n\t\t\t\t\t<div class=\"elementor-column elementor-col-100 elementor-top-column elementor-element elementor-element-8263b14\" data-id=\"8263b14\" data-element_type=\"column\" data-e-type=\"column\">\n\t\t\t<div class=\"elementor-widget-wrap elementor-element-populated\">\n\t\t\t\t\t\t<div class=\"elementor-element elementor-element-fd14483 elementor-widget elementor-widget-text-editor\" data-id=\"fd14483\" data-element_type=\"widget\" data-e-type=\"widget\" data-widget_type=\"text-editor.default\">\n\t\t\t\t<div class=\"elementor-widget-container\">\n\t\t\t\t\t\t\t\t\t<span class=\"h2-small\" style=\"font-weight: 400;\">About program\n<\/span>\n<h5><span style=\"font-weight: 400;\">The kind of serenade that you will hear tonight enjoyed great popularity during the classical era. The chamber instrumentation, the light character, and the pleasant melody were well-suited for outdoor performances or celebrations of important events. At the same time, however, with this form of serenade composers did not try to create a grand work of art nor did they place too great a demand on the listener. Wolfgang Amadeus Mozart (1756\u20131791) composed his Serenade in E-flat Major on the occasion of the Feast of Saint Theresa. Many listeners may be unfamiliar with Carl Reinecke (1824\u20131910), a composer who was also active as a conductor and pianist. Reinecke worked with Leipzig\u2019s Gewandhaus Orchestra and was a much sought-after teacher whose students included Leo\u0161 Jan\u00e1\u010dek and Edvard Grieg, among others.\n<\/span><\/h5>\n&nbsp;\t\t\t\t\t\t\t\t<\/div>\n\t\t\t\t<\/div>\n\t\t\t\t\t<\/div>\n\t\t<\/div>\n\t\t\t\t\t<\/div>\n\t\t<\/section>\n\t\t\t\t<section class=\"elementor-section elementor-top-section elementor-element elementor-element-dd5712c elementor-section-boxed elementor-section-height-default elementor-section-height-default\" data-id=\"dd5712c\" data-element_type=\"section\" data-e-type=\"section\">\n\t\t\t\t\t\t<div class=\"elementor-container elementor-column-gap-default\">\n\t\t\t\t\t<div class=\"elementor-column elementor-col-100 elementor-top-column elementor-element elementor-element-b5f4952\" data-id=\"b5f4952\" data-element_type=\"column\" data-e-type=\"column\">\n\t\t\t<div class=\"elementor-widget-wrap elementor-element-populated\">\n\t\t\t\t\t\t<div class=\"elementor-element elementor-element-4474e1f elementor-widget elementor-widget-image\" data-id=\"4474e1f\" data-element_type=\"widget\" data-e-type=\"widget\" data-widget_type=\"image.default\">\n\t\t\t\t<div class=\"elementor-widget-container\">\n\t\t\t\t\t\t\t\t\t\t\t\t\t\t\t<img decoding=\"async\" width=\"1600\" height=\"900\" src=\"https:\/\/variace.kviff.com\/wp-content\/uploads\/2023\/10\/variace-detail-portret-vrabec.jpg\" class=\"attachment-full size-full wp-image-3899\" alt=\"\" srcset=\"https:\/\/variace.kviff.com\/wp-content\/uploads\/2023\/10\/variace-detail-portret-vrabec.jpg 1600w, https:\/\/variace.kviff.com\/wp-content\/uploads\/2023\/10\/variace-detail-portret-vrabec-300x169.jpg 300w, https:\/\/variace.kviff.com\/wp-content\/uploads\/2023\/10\/variace-detail-portret-vrabec-1024x576.jpg 1024w, https:\/\/variace.kviff.com\/wp-content\/uploads\/2023\/10\/variace-detail-portret-vrabec-768x432.jpg 768w, https:\/\/variace.kviff.com\/wp-content\/uploads\/2023\/10\/variace-detail-portret-vrabec-1536x864.jpg 1536w\" sizes=\"(max-width: 1600px) 100vw, 1600px\" \/>\t\t\t\t\t\t\t\t\t\t\t\t\t\t\t<\/div>\n\t\t\t\t<\/div>\n\t\t\t\t<div class=\"elementor-element elementor-element-bfc73ba elementor-widget elementor-widget-text-editor\" data-id=\"bfc73ba\" data-element_type=\"widget\" data-e-type=\"widget\" data-widget_type=\"text-editor.default\">\n\t\t\t\t<div class=\"elementor-widget-container\">\n\t\t\t\t\t\t\t\t\t<span class=\"h2-small\">Ond\u0159ej Vrabec<\/span>\n<h5><span style=\"text-transform: uppercase;\">ARTISTIC DIRECTOR AND CONDUCTOR:<\/span><\/h5>\n<h5><span style=\"font-weight: 400;\">For the past more than twenty-five years, Ond\u0159ej Vrabec has enjoyed a successful career as an award-winning conductor, solo horn player for the Czech Philharmonic, a much sought-after chamber musician, and a respected teacher at the Academy of Performing Arts in Prague. As a soloist, he has appeared with dozens of foreign and domestic orchestras under the direction of numerous leading conductors. As a conductor, he performs with most Czech professional orchestras, including the Czech Philharmonic. He was assistant to chief conductor Ji\u0159\u00ed B\u011blohl\u00e1vek from 2014 to 2017 and was named chief conductor of the Karlovy Vary Symphony Orchestra in the 2022\/2023 season.\n\n<\/span><\/h5>\t\t\t\t\t\t\t\t<\/div>\n\t\t\t\t<\/div>\n\t\t\t\t\t<\/div>\n\t\t<\/div>\n\t\t\t\t\t<\/div>\n\t\t<\/section>\n\t\t\t\t<section class=\"elementor-section elementor-top-section elementor-element elementor-element-bf1a853 elementor-section-boxed elementor-section-height-default elementor-section-height-default\" data-id=\"bf1a853\" data-element_type=\"section\" data-e-type=\"section\">\n\t\t\t\t\t\t<div class=\"elementor-container elementor-column-gap-default\">\n\t\t\t\t\t<div class=\"elementor-column elementor-col-100 elementor-top-column elementor-element elementor-element-88f70f9\" data-id=\"88f70f9\" data-element_type=\"column\" data-e-type=\"column\">\n\t\t\t<div class=\"elementor-widget-wrap elementor-element-populated\">\n\t\t\t\t\t\t<div class=\"elementor-element elementor-element-446e1f4 elementor-widget elementor-widget-button\" data-id=\"446e1f4\" data-element_type=\"widget\" data-e-type=\"widget\" data-widget_type=\"button.default\">\n\t\t\t\t<div class=\"elementor-widget-container\">\n\t\t\t\t\t\t\t\t\t<div class=\"elementor-button-wrapper\">\n\t\t\t\t\t<a class=\"elementor-button elementor-button-link elementor-size-md\" href=\"https:\/\/variace.kviff.com\/en\/rocnik-2023\/#program\">\n\t\t\t\t\t\t<span class=\"elementor-button-content-wrapper\">\n\t\t\t\t\t\t\t\t\t<span class=\"elementor-button-text\">Back to program<\/span>\n\t\t\t\t\t<\/span>\n\t\t\t\t\t<\/a>\n\t\t\t\t<\/div>\n\t\t\t\t\t\t\t\t<\/div>\n\t\t\t\t<\/div>\n\t\t\t\t\t<\/div>\n\t\t<\/div>\n\t\t\t\t\t<\/div>\n\t\t<\/section>\n\t\t\t\t<\/div>","protected":false},"excerpt":{"rendered":"<p>Mozart, Reinecke v M\u011bstsk\u00e9 spo\u0159iteln\u011b P\u00e1tek 24. listopadu \/ 17:00 \/ Budova b\u00fdval\u00e9 spo\u0159itelny (Divadeln\u00ed n\u00e1m\u011bst\u00ed) \/ Vstup zdarma Pod veden\u00edm dirigenta Ond\u0159eje Vrabce vystoup\u00ed oktet slo\u017een\u00fd ze \u010dlen\u016f \u010cesk\u00e9 filharmonie a Karlovarsk\u00e9ho symfonick\u00e9ho orchestru. Komorn\u00ed soubor zahraje skladby W. A. Mozarta a Carla Reineckeho. Program: W. A. Mozart: Seren\u00e1da Es Dur KV 375 (cca [&hellip;]<\/p>\n","protected":false},"author":1,"featured_media":3878,"parent":0,"menu_order":0,"comment_status":"closed","ping_status":"closed","template":"","meta":{"_seopress_robots_primary_cat":"","_seopress_titles_title":"Mozart, Reinecke v M\u011bstsk\u00e9 spo\u0159iteln\u011b \/ Variace 2023 \/ Karlovy Vary","_seopress_titles_desc":"P\u00e1tek 11. listopadu \/ 17:00 \/ Budova b\u00fdval\u00e9 spo\u0159itelny (Divadeln\u00ed n\u00e1m\u011bst\u00ed) \/ Vstup zdarma. Pod veden\u00edm dirigenta Martina Petr\u00e1ka vystoup\u00ed t\u011bleso sestaven\u00e9 jen pro tuto p\u0159\u00edle\u017eitost z \u010dlen\u016f \u010cesk\u00e9 filharmonie a Karlovarsk\u00e9ho symfonick\u00e9ho orchestru.","_seopress_robots_index":"","footnotes":""},"class_list":["post-3850","page","type-page","status-publish","has-post-thumbnail","hentry"],"_links":{"self":[{"href":"https:\/\/variace.kviff.com\/en\/wp-json\/wp\/v2\/pages\/3850","targetHints":{"allow":["GET"]}}],"collection":[{"href":"https:\/\/variace.kviff.com\/en\/wp-json\/wp\/v2\/pages"}],"about":[{"href":"https:\/\/variace.kviff.com\/en\/wp-json\/wp\/v2\/types\/page"}],"author":[{"embeddable":true,"href":"https:\/\/variace.kviff.com\/en\/wp-json\/wp\/v2\/users\/1"}],"replies":[{"embeddable":true,"href":"https:\/\/variace.kviff.com\/en\/wp-json\/wp\/v2\/comments?post=3850"}],"version-history":[{"count":49,"href":"https:\/\/variace.kviff.com\/en\/wp-json\/wp\/v2\/pages\/3850\/revisions"}],"predecessor-version":[{"id":7898,"href":"https:\/\/variace.kviff.com\/en\/wp-json\/wp\/v2\/pages\/3850\/revisions\/7898"}],"wp:featuredmedia":[{"embeddable":true,"href":"https:\/\/variace.kviff.com\/en\/wp-json\/wp\/v2\/media\/3878"}],"wp:attachment":[{"href":"https:\/\/variace.kviff.com\/en\/wp-json\/wp\/v2\/media?parent=3850"}],"curies":[{"name":"wp","href":"https:\/\/api.w.org\/{rel}","templated":true}]}}