{"id":3916,"date":"2023-10-13T14:14:00","date_gmt":"2023-10-13T14:14:00","guid":{"rendered":"https:\/\/variace.kviff.com\/?page_id=3916"},"modified":"2025-10-27T18:31:16","modified_gmt":"2025-10-27T18:31:16","slug":"haydn-mozart-beethoven-v-cisarskych-laznich","status":"publish","type":"page","link":"https:\/\/variace.kviff.com\/en\/haydn-mozart-beethoven-v-cisarskych-laznich\/","title":{"rendered":"Haydn, Mozart, Beethoven at the Imperial Baths"},"content":{"rendered":"<div data-elementor-type=\"wp-page\" data-elementor-id=\"3916\" class=\"elementor elementor-3916\" data-elementor-post-type=\"page\">\n\t\t\t\t\t\t<section class=\"elementor-section elementor-top-section elementor-element elementor-element-0f5b2e3 elementor-section-full_width elementor-hidden-tablet elementor-hidden-mobile elementor-section-height-default elementor-section-height-default\" data-id=\"0f5b2e3\" data-element_type=\"section\" data-e-type=\"section\">\n\t\t\t\t\t\t<div class=\"elementor-container elementor-column-gap-no\">\n\t\t\t\t\t<div class=\"elementor-column elementor-col-100 elementor-top-column elementor-element elementor-element-fe034cc\" data-id=\"fe034cc\" data-element_type=\"column\" data-e-type=\"column\">\n\t\t\t<div class=\"elementor-widget-wrap elementor-element-populated\">\n\t\t\t\t\t\t<div class=\"elementor-element elementor-element-0a0297f elementor-widget elementor-widget-image\" data-id=\"0a0297f\" data-element_type=\"widget\" data-e-type=\"widget\" data-widget_type=\"image.default\">\n\t\t\t\t<div class=\"elementor-widget-container\">\n\t\t\t\t\t\t\t\t\t\t\t\t\t\t\t<img fetchpriority=\"high\" decoding=\"async\" width=\"1920\" height=\"750\" src=\"https:\/\/variace.kviff.com\/wp-content\/uploads\/2023\/11\/variace-kviff-fotky-detail-2023-cisarske-lazne.jpg\" class=\"attachment-full size-full wp-image-4779\" alt=\"\" srcset=\"https:\/\/variace.kviff.com\/wp-content\/uploads\/2023\/11\/variace-kviff-fotky-detail-2023-cisarske-lazne.jpg 1920w, https:\/\/variace.kviff.com\/wp-content\/uploads\/2023\/11\/variace-kviff-fotky-detail-2023-cisarske-lazne-300x117.jpg 300w, https:\/\/variace.kviff.com\/wp-content\/uploads\/2023\/11\/variace-kviff-fotky-detail-2023-cisarske-lazne-1024x400.jpg 1024w, https:\/\/variace.kviff.com\/wp-content\/uploads\/2023\/11\/variace-kviff-fotky-detail-2023-cisarske-lazne-768x300.jpg 768w, https:\/\/variace.kviff.com\/wp-content\/uploads\/2023\/11\/variace-kviff-fotky-detail-2023-cisarske-lazne-1536x600.jpg 1536w\" sizes=\"(max-width: 1920px) 100vw, 1920px\" \/>\t\t\t\t\t\t\t\t\t\t\t\t\t\t\t<\/div>\n\t\t\t\t<\/div>\n\t\t\t\t\t<\/div>\n\t\t<\/div>\n\t\t\t\t\t<\/div>\n\t\t<\/section>\n\t\t\t\t<section class=\"elementor-section elementor-top-section elementor-element elementor-element-bd8c347 elementor-section-full_width elementor-hidden-desktop elementor-section-height-default elementor-section-height-default\" data-id=\"bd8c347\" data-element_type=\"section\" data-e-type=\"section\">\n\t\t\t\t\t\t<div class=\"elementor-container elementor-column-gap-no\">\n\t\t\t\t\t<div class=\"elementor-column elementor-col-100 elementor-top-column elementor-element elementor-element-9bfccd1\" data-id=\"9bfccd1\" data-element_type=\"column\" data-e-type=\"column\">\n\t\t\t<div class=\"elementor-widget-wrap elementor-element-populated\">\n\t\t\t\t\t\t<div class=\"elementor-element elementor-element-7eb5f4b elementor-widget elementor-widget-image\" data-id=\"7eb5f4b\" data-element_type=\"widget\" data-e-type=\"widget\" data-widget_type=\"image.default\">\n\t\t\t\t<div class=\"elementor-widget-container\">\n\t\t\t\t\t\t\t\t\t\t\t\t\t\t\t<img decoding=\"async\" width=\"1920\" height=\"1080\" src=\"https:\/\/variace.kviff.com\/wp-content\/uploads\/2023\/11\/variace-kviff-fotky-detail-full-2023-cisarske-lazne.jpg\" class=\"attachment-full size-full wp-image-4784\" alt=\"\" srcset=\"https:\/\/variace.kviff.com\/wp-content\/uploads\/2023\/11\/variace-kviff-fotky-detail-full-2023-cisarske-lazne.jpg 1920w, https:\/\/variace.kviff.com\/wp-content\/uploads\/2023\/11\/variace-kviff-fotky-detail-full-2023-cisarske-lazne-300x169.jpg 300w, https:\/\/variace.kviff.com\/wp-content\/uploads\/2023\/11\/variace-kviff-fotky-detail-full-2023-cisarske-lazne-1024x576.jpg 1024w, https:\/\/variace.kviff.com\/wp-content\/uploads\/2023\/11\/variace-kviff-fotky-detail-full-2023-cisarske-lazne-768x432.jpg 768w, https:\/\/variace.kviff.com\/wp-content\/uploads\/2023\/11\/variace-kviff-fotky-detail-full-2023-cisarske-lazne-1536x864.jpg 1536w\" sizes=\"(max-width: 1920px) 100vw, 1920px\" \/>\t\t\t\t\t\t\t\t\t\t\t\t\t\t\t<\/div>\n\t\t\t\t<\/div>\n\t\t\t\t\t<\/div>\n\t\t<\/div>\n\t\t\t\t\t<\/div>\n\t\t<\/section>\n\t\t\t\t<section class=\"elementor-section elementor-top-section elementor-element elementor-element-7976097 elementor-section-boxed elementor-section-height-default elementor-section-height-default\" data-id=\"7976097\" data-element_type=\"section\" data-e-type=\"section\">\n\t\t\t\t\t\t<div class=\"elementor-container elementor-column-gap-default\">\n\t\t\t\t\t<div class=\"elementor-column elementor-col-100 elementor-top-column elementor-element elementor-element-c9f0559\" data-id=\"c9f0559\" data-element_type=\"column\" data-e-type=\"column\">\n\t\t\t<div class=\"elementor-widget-wrap elementor-element-populated\">\n\t\t\t\t\t\t<div class=\"elementor-element elementor-element-f237748 elementor-widget elementor-widget-text-editor\" data-id=\"f237748\" data-element_type=\"widget\" data-e-type=\"widget\" data-widget_type=\"text-editor.default\">\n\t\t\t\t<div class=\"elementor-widget-container\">\n\t\t\t\t\t\t\t\t\t<h1><span style=\"font-weight: 400;\">Haydn, Mozart, Beethoven at the Imperial Baths<\/span><\/h1>\t\t\t\t\t\t\t\t<\/div>\n\t\t\t\t<\/div>\n\t\t\t\t<div class=\"elementor-element elementor-element-c23792d elementor-widget elementor-widget-text-editor\" data-id=\"c23792d\" data-element_type=\"widget\" data-e-type=\"widget\" data-widget_type=\"text-editor.default\">\n\t\t\t\t<div class=\"elementor-widget-container\">\n\t\t\t\t\t\t\t\t\t<span style=\"font-weight: 400;\">Friday 24 November 2023 \/ 7pm \/ Imperial Baths \n<\/span>\t\t\t\t\t\t\t\t<\/div>\n\t\t\t\t<\/div>\n\t\t\t\t<div class=\"elementor-element elementor-element-b198324 elementor-hidden-desktop elementor-hidden-tablet elementor-hidden-mobile elementor-widget elementor-widget-button\" data-id=\"b198324\" data-element_type=\"widget\" data-e-type=\"widget\" data-widget_type=\"button.default\">\n\t\t\t\t<div class=\"elementor-widget-container\">\n\t\t\t\t\t\t\t\t\t<div class=\"elementor-button-wrapper\">\n\t\t\t\t\t<a class=\"elementor-button elementor-button-link elementor-size-md\" href=\"https:\/\/tickets.colosseum.eu\/cl\/standard\/Hall\/Index\/2248723\/cKn7Yxw5zv41fq_plu_0HgEJ_plu_Q_rov__rov__xcodex_AGA1gFbU4wgBIP2KD3RLBkTuI7p0szdqLSIVZA__\" target=\"_blank\">\n\t\t\t\t\t\t<span class=\"elementor-button-content-wrapper\">\n\t\t\t\t\t\t\t\t\t<span class=\"elementor-button-text\">Tickets<\/span>\n\t\t\t\t\t<\/span>\n\t\t\t\t\t<\/a>\n\t\t\t\t<\/div>\n\t\t\t\t\t\t\t\t<\/div>\n\t\t\t\t<\/div>\n\t\t\t\t\t<\/div>\n\t\t<\/div>\n\t\t\t\t\t<\/div>\n\t\t<\/section>\n\t\t\t\t<section class=\"elementor-section elementor-top-section elementor-element elementor-element-9829579 elementor-section-boxed elementor-section-height-default elementor-section-height-default\" data-id=\"9829579\" data-element_type=\"section\" data-e-type=\"section\">\n\t\t\t\t\t\t<div class=\"elementor-container elementor-column-gap-default\">\n\t\t\t\t\t<div class=\"elementor-column elementor-col-100 elementor-top-column elementor-element elementor-element-5eb0a7d\" data-id=\"5eb0a7d\" data-element_type=\"column\" data-e-type=\"column\">\n\t\t\t<div class=\"elementor-widget-wrap elementor-element-populated\">\n\t\t\t\t\t\t<div class=\"elementor-element elementor-element-eabbc5f elementor-widget elementor-widget-text-editor\" data-id=\"eabbc5f\" data-element_type=\"widget\" data-e-type=\"widget\" data-widget_type=\"text-editor.default\">\n\t\t\t\t<div class=\"elementor-widget-container\">\n\t\t\t\t\t\t\t\t\t<span class=\"h3-small\" style=\"font-weight: 400;\">This selection of pieces by Haydn, Mozart, and Beethoven can without exaggeration be called a celebration of classicism. Tom\u00e1\u0161 Netopil directs the Czech Philharmonic, with special appearances by soprano Kate\u0159ina Kn\u011b\u017e\u00edkov\u00e1 and tenor Petr Nekoranec.   \n\n<\/span>\t\t\t\t\t\t\t\t<\/div>\n\t\t\t\t<\/div>\n\t\t\t\t\t<\/div>\n\t\t<\/div>\n\t\t\t\t\t<\/div>\n\t\t<\/section>\n\t\t\t\t<section class=\"elementor-section elementor-top-section elementor-element elementor-element-c1f38de elementor-section-boxed elementor-section-height-default elementor-section-height-default\" data-id=\"c1f38de\" data-element_type=\"section\" data-e-type=\"section\">\n\t\t\t\t\t\t<div class=\"elementor-container elementor-column-gap-default\">\n\t\t\t\t\t<div class=\"elementor-column elementor-col-100 elementor-top-column elementor-element elementor-element-d9b8fc5\" data-id=\"d9b8fc5\" data-element_type=\"column\" data-e-type=\"column\">\n\t\t\t<div class=\"elementor-widget-wrap elementor-element-populated\">\n\t\t\t\t\t\t<div class=\"elementor-element elementor-element-d5c13d0 elementor-widget elementor-widget-text-editor\" data-id=\"d5c13d0\" data-element_type=\"widget\" data-e-type=\"widget\" data-widget_type=\"text-editor.default\">\n\t\t\t\t<div class=\"elementor-widget-container\">\n\t\t\t\t\t\t\t\t\t<h6>Program:<\/h6><h5>Joseph Haydn: L\u2019anima del filosofo, ossia Orfeo ed Euridice, prelude, Hob. XXVIII\/13<br \/>Wolfgang Amadeus Mozart: Arias from Cos\u00ec fan tutte, K 558, Don Giovanni, K 527, and La finta giardiniera, K 196<br \/>Ludwig van Beethoven: Symphony no. 5 in C Minor, op. 67<\/h5><h6>Performed by:<\/h6><h5>Kate\u0159ina Kn\u011b\u017e\u00edkov\u00e1 \u2013 soprano<br \/>Petr Nekoranec \u2013 tenor<br \/>Czech Philharmonic<\/h5><h6>CONDUCTOR:<\/h6><h5>Tom\u00e1\u0161 Netopil<\/h5>\t\t\t\t\t\t\t\t<\/div>\n\t\t\t\t<\/div>\n\t\t\t\t\t<\/div>\n\t\t<\/div>\n\t\t\t\t\t<\/div>\n\t\t<\/section>\n\t\t\t\t<section class=\"elementor-section elementor-top-section elementor-element elementor-element-65c6d37 elementor-section-boxed elementor-section-height-default elementor-section-height-default\" data-id=\"65c6d37\" data-element_type=\"section\" data-e-type=\"section\">\n\t\t\t\t\t\t<div class=\"elementor-container elementor-column-gap-default\">\n\t\t\t\t\t<div class=\"elementor-column elementor-col-100 elementor-top-column elementor-element elementor-element-8263b14\" data-id=\"8263b14\" data-element_type=\"column\" data-e-type=\"column\">\n\t\t\t<div class=\"elementor-widget-wrap elementor-element-populated\">\n\t\t\t\t\t\t<div class=\"elementor-element elementor-element-fd14483 elementor-widget elementor-widget-text-editor\" data-id=\"fd14483\" data-element_type=\"widget\" data-e-type=\"widget\" data-widget_type=\"text-editor.default\">\n\t\t\t\t<div class=\"elementor-widget-container\">\n\t\t\t\t\t\t\t\t\t<span class=\"h2-small\" style=\"font-weight: 400;\">About program\n<\/span>\n<h5><span style=\"font-weight: 400;\">This selection of pieces by Haydn, Mozart, and Beethoven can without exaggeration be called a celebration of classicism. Joseph Haydn (1732\u20131809) was neither the first nor the last composer to set the famous story of Orpheus and Eurydice to music. His predecessors in this regard include Claudio Monteverdi, while Jacques Offenbach did the same after him. The selection of arias from the operas of Wolfgang Amadeus Mozart (1756\u20131791) illustrates the composer\u2019s path towards absolute compositional mastery. While the comic opera La finta giardiniera (The Pretend Garden-Girl) is the work of an eighteen-year-old youth, Cos\u00ec fan tutte and Don Giovanni are some of the best of the genre and represent the culmination of the famous composer\u2019s fruitful collaboration with his long-time librettist Lorenzo Da Ponte. Ludwig van Beethoven\u2019s (1770\u20131827) fifth symphony needs no introduction. The leitmotif of the so-called Fate Symphony is the idea of the struggle of mental forces with a metaphysically understood fate full of crises and pain. The result is the search for inner harmony and peace.\n<\/span><\/h5>\n&nbsp;\t\t\t\t\t\t\t\t<\/div>\n\t\t\t\t<\/div>\n\t\t\t\t\t<\/div>\n\t\t<\/div>\n\t\t\t\t\t<\/div>\n\t\t<\/section>\n\t\t\t\t<section class=\"elementor-section elementor-top-section elementor-element elementor-element-dd5712c elementor-section-boxed elementor-section-height-default elementor-section-height-default\" data-id=\"dd5712c\" data-element_type=\"section\" data-e-type=\"section\">\n\t\t\t\t\t\t<div class=\"elementor-container elementor-column-gap-default\">\n\t\t\t\t\t<div class=\"elementor-column elementor-col-100 elementor-top-column elementor-element elementor-element-b5f4952\" data-id=\"b5f4952\" data-element_type=\"column\" data-e-type=\"column\">\n\t\t\t<div class=\"elementor-widget-wrap elementor-element-populated\">\n\t\t\t\t\t\t<div class=\"elementor-element elementor-element-4474e1f elementor-widget elementor-widget-image\" data-id=\"4474e1f\" data-element_type=\"widget\" data-e-type=\"widget\" data-widget_type=\"image.default\">\n\t\t\t\t<div class=\"elementor-widget-container\">\n\t\t\t\t\t\t\t\t\t\t\t\t\t\t\t<img decoding=\"async\" width=\"1600\" height=\"900\" src=\"https:\/\/variace.kviff.com\/wp-content\/uploads\/2023\/10\/variace-detail-portret-knezikova.jpg\" class=\"attachment-full size-full wp-image-3947\" alt=\"\" srcset=\"https:\/\/variace.kviff.com\/wp-content\/uploads\/2023\/10\/variace-detail-portret-knezikova.jpg 1600w, https:\/\/variace.kviff.com\/wp-content\/uploads\/2023\/10\/variace-detail-portret-knezikova-300x169.jpg 300w, https:\/\/variace.kviff.com\/wp-content\/uploads\/2023\/10\/variace-detail-portret-knezikova-1024x576.jpg 1024w, https:\/\/variace.kviff.com\/wp-content\/uploads\/2023\/10\/variace-detail-portret-knezikova-768x432.jpg 768w, https:\/\/variace.kviff.com\/wp-content\/uploads\/2023\/10\/variace-detail-portret-knezikova-1536x864.jpg 1536w\" sizes=\"(max-width: 1600px) 100vw, 1600px\" \/>\t\t\t\t\t\t\t\t\t\t\t\t\t\t\t<\/div>\n\t\t\t\t<\/div>\n\t\t\t\t<div class=\"elementor-element elementor-element-bfc73ba elementor-widget elementor-widget-text-editor\" data-id=\"bfc73ba\" data-element_type=\"widget\" data-e-type=\"widget\" data-widget_type=\"text-editor.default\">\n\t\t\t\t<div class=\"elementor-widget-container\">\n\t\t\t\t\t\t\t\t\t<span class=\"h2-small\">Kate\u0159ina Kn\u011b\u017e\u00edkov\u00e1<\/span>\n\n<h5><span style=\"font-weight: 400;\">Soprano Kate\u0159ina Kn\u011b\u017e\u00edkov\u00e1 is one of the younger generation\u2019s most promising singers. Besides opera, she has recently begun to more frequently focus on a concert repertoire, enjoying success not only at home but also and primarily abroad. The main works in her repertoire are by Anton\u00edn Dvo\u0159\u00e1k, Bohuslav Martin\u016f, and Leo\u0161 Jan\u00e1\u010dek. She is a laureate of numerous song competitions, the 2018 Classic Prague Awards for best chamber performance, and the 2019 Th\u00e1lie Awards for outstanding stage performance in a production of Martin\u016f\u2019s opera Julietta at the National Theatre of Moravia-Silesia. She has also performed at various festivals at home and abroad. In 2021, she was a hit as K\u00e1\u0165a Kabanov\u00e1 in Jan\u00e1\u010dek\u2019s eponymous opera at the prestigious Glyndebourne Festival.\n<\/span><\/h5>\t\t\t\t\t\t\t\t<\/div>\n\t\t\t\t<\/div>\n\t\t\t\t\t<\/div>\n\t\t<\/div>\n\t\t\t\t\t<\/div>\n\t\t<\/section>\n\t\t\t\t<section class=\"elementor-section elementor-top-section elementor-element elementor-element-726650c elementor-section-boxed elementor-section-height-default elementor-section-height-default\" data-id=\"726650c\" data-element_type=\"section\" data-e-type=\"section\">\n\t\t\t\t\t\t<div class=\"elementor-container elementor-column-gap-default\">\n\t\t\t\t\t<div class=\"elementor-column elementor-col-100 elementor-top-column elementor-element elementor-element-b0fee17\" data-id=\"b0fee17\" data-element_type=\"column\" data-e-type=\"column\">\n\t\t\t<div class=\"elementor-widget-wrap elementor-element-populated\">\n\t\t\t\t\t\t<div class=\"elementor-element elementor-element-75a0bd6 elementor-widget elementor-widget-image\" data-id=\"75a0bd6\" data-element_type=\"widget\" data-e-type=\"widget\" data-widget_type=\"image.default\">\n\t\t\t\t<div class=\"elementor-widget-container\">\n\t\t\t\t\t\t\t\t\t\t\t\t\t\t\t<img loading=\"lazy\" decoding=\"async\" width=\"1600\" height=\"900\" src=\"https:\/\/variace.kviff.com\/wp-content\/uploads\/2023\/10\/variace-detail-portret-nekoranec.jpg\" class=\"attachment-full size-full wp-image-3945\" alt=\"\" srcset=\"https:\/\/variace.kviff.com\/wp-content\/uploads\/2023\/10\/variace-detail-portret-nekoranec.jpg 1600w, https:\/\/variace.kviff.com\/wp-content\/uploads\/2023\/10\/variace-detail-portret-nekoranec-300x169.jpg 300w, https:\/\/variace.kviff.com\/wp-content\/uploads\/2023\/10\/variace-detail-portret-nekoranec-1024x576.jpg 1024w, https:\/\/variace.kviff.com\/wp-content\/uploads\/2023\/10\/variace-detail-portret-nekoranec-768x432.jpg 768w, https:\/\/variace.kviff.com\/wp-content\/uploads\/2023\/10\/variace-detail-portret-nekoranec-1536x864.jpg 1536w\" sizes=\"(max-width: 1600px) 100vw, 1600px\" \/>\t\t\t\t\t\t\t\t\t\t\t\t\t\t\t<\/div>\n\t\t\t\t<\/div>\n\t\t\t\t<div class=\"elementor-element elementor-element-49d3711 elementor-widget elementor-widget-text-editor\" data-id=\"49d3711\" data-element_type=\"widget\" data-e-type=\"widget\" data-widget_type=\"text-editor.default\">\n\t\t\t\t<div class=\"elementor-widget-container\">\n\t\t\t\t\t\t\t\t\t<span class=\"h2-small\">Petr Nekoranec<\/span>\n<h5><span style=\"font-weight: 400;\">Tenor Petr Nekoranec is one of the most distinctive representatives of the young generation of Czech singers. He was a soloist at the Stuttgart State Opera in 2018\u20132020 and has been a soloist at the Opera of the National Theatre in Prague since the 2021\/2022 season, where he has sung the roles of Almaviva (The Barber of Seville), Tamino (The Magic Flute), Ferrando (Cos\u00ec fan tutte), Romeo (Romeo and Juliet), Don Ottavio (Don Giovanni), and Beppe (Pagliacci). In September 2024, he will add the role of Nemorino in Donizetti\u2019s L\u2019elisir d\u2019amore. In 2016\u20132018, he attended the Lindemann Young Artist Development Program at New York\u2019s Metropolitan Opera as the first Czech to be accepted to this prestigious project. Nekoranec regularly collaborates with the renowned British composer Iain Bell, with leading Czech and foreign orchestras, and with important conductors.\n<\/span><\/h5>\n&nbsp;\t\t\t\t\t\t\t\t<\/div>\n\t\t\t\t<\/div>\n\t\t\t\t\t<\/div>\n\t\t<\/div>\n\t\t\t\t\t<\/div>\n\t\t<\/section>\n\t\t\t\t<section class=\"elementor-section elementor-top-section elementor-element elementor-element-d943ec2 elementor-section-boxed elementor-section-height-default elementor-section-height-default\" data-id=\"d943ec2\" data-element_type=\"section\" data-e-type=\"section\">\n\t\t\t\t\t\t<div class=\"elementor-container elementor-column-gap-default\">\n\t\t\t\t\t<div class=\"elementor-column elementor-col-100 elementor-top-column elementor-element elementor-element-65dc516\" data-id=\"65dc516\" data-element_type=\"column\" data-e-type=\"column\">\n\t\t\t<div class=\"elementor-widget-wrap elementor-element-populated\">\n\t\t\t\t\t\t<div class=\"elementor-element elementor-element-648947b elementor-widget elementor-widget-image\" data-id=\"648947b\" data-element_type=\"widget\" data-e-type=\"widget\" data-widget_type=\"image.default\">\n\t\t\t\t<div class=\"elementor-widget-container\">\n\t\t\t\t\t\t\t\t\t\t\t\t\t\t\t<img loading=\"lazy\" decoding=\"async\" width=\"1600\" height=\"900\" src=\"https:\/\/variace.kviff.com\/wp-content\/uploads\/2023\/10\/variace-detail-portret-netopil.jpg\" class=\"attachment-full size-full wp-image-3946\" alt=\"\" srcset=\"https:\/\/variace.kviff.com\/wp-content\/uploads\/2023\/10\/variace-detail-portret-netopil.jpg 1600w, https:\/\/variace.kviff.com\/wp-content\/uploads\/2023\/10\/variace-detail-portret-netopil-300x169.jpg 300w, https:\/\/variace.kviff.com\/wp-content\/uploads\/2023\/10\/variace-detail-portret-netopil-1024x576.jpg 1024w, https:\/\/variace.kviff.com\/wp-content\/uploads\/2023\/10\/variace-detail-portret-netopil-768x432.jpg 768w, https:\/\/variace.kviff.com\/wp-content\/uploads\/2023\/10\/variace-detail-portret-netopil-1536x864.jpg 1536w\" sizes=\"(max-width: 1600px) 100vw, 1600px\" \/>\t\t\t\t\t\t\t\t\t\t\t\t\t\t\t<\/div>\n\t\t\t\t<\/div>\n\t\t\t\t<div class=\"elementor-element elementor-element-04235c0 elementor-widget elementor-widget-text-editor\" data-id=\"04235c0\" data-element_type=\"widget\" data-e-type=\"widget\" data-widget_type=\"text-editor.default\">\n\t\t\t\t<div class=\"elementor-widget-container\">\n\t\t\t\t\t\t\t\t\t<span class=\"h2-small\">Tom\u00e1\u0161 Netopil<\/span>\n<h5><span style=\"font-weight: 400;\">Tom\u00e1\u0161 Netopil has been the Czech Philharmonic\u2019s main guest conductor since the 2018\/2019 season. In the spring of 2018, he and the Philharmonic undertook a long tour throughout Great Britain, and the same year they performed M\u00e1 vlast at the opening concert of the Prague Spring international music festival. Other important collaborations in the field of opera include his work with the Saxon State Opera in Dresden, the Vienna State Opera, and the Dutch National Opera. On the concert stage, he has conducted the Tonhalle-Orchester Z\u00fcrich and has collaborated with the Orchestre de Paris, the London Philharmonic Orchestra, the Netherlands Radio Philharmonic Orchestra, and the Orchestra Sinfonica della Rai.\n\n<\/span><\/h5>\n&nbsp;\t\t\t\t\t\t\t\t<\/div>\n\t\t\t\t<\/div>\n\t\t\t\t\t<\/div>\n\t\t<\/div>\n\t\t\t\t\t<\/div>\n\t\t<\/section>\n\t\t\t\t<section class=\"elementor-section elementor-top-section elementor-element elementor-element-bf1a853 elementor-section-boxed elementor-section-height-default elementor-section-height-default\" data-id=\"bf1a853\" data-element_type=\"section\" data-e-type=\"section\">\n\t\t\t\t\t\t<div class=\"elementor-container elementor-column-gap-default\">\n\t\t\t\t\t<div class=\"elementor-column elementor-col-100 elementor-top-column elementor-element elementor-element-88f70f9\" data-id=\"88f70f9\" data-element_type=\"column\" data-e-type=\"column\">\n\t\t\t<div class=\"elementor-widget-wrap elementor-element-populated\">\n\t\t\t\t\t\t<div class=\"elementor-element elementor-element-446e1f4 elementor-widget elementor-widget-button\" data-id=\"446e1f4\" data-element_type=\"widget\" data-e-type=\"widget\" data-widget_type=\"button.default\">\n\t\t\t\t<div class=\"elementor-widget-container\">\n\t\t\t\t\t\t\t\t\t<div class=\"elementor-button-wrapper\">\n\t\t\t\t\t<a class=\"elementor-button elementor-button-link elementor-size-md\" href=\"https:\/\/variace.kviff.com\/en\/rocnik-2023\/#program\">\n\t\t\t\t\t\t<span class=\"elementor-button-content-wrapper\">\n\t\t\t\t\t\t\t\t\t<span class=\"elementor-button-text\">Back to program<\/span>\n\t\t\t\t\t<\/span>\n\t\t\t\t\t<\/a>\n\t\t\t\t<\/div>\n\t\t\t\t\t\t\t\t<\/div>\n\t\t\t\t<\/div>\n\t\t\t\t\t<\/div>\n\t\t<\/div>\n\t\t\t\t\t<\/div>\n\t\t<\/section>\n\t\t\t\t<\/div>","protected":false},"excerpt":{"rendered":"<p>Haydn, Mozart, Beethoven v C\u00edsa\u0159sk\u00fdch l\u00e1zn\u00edch P\u00e1tek 24. listopadu \/ 19:00 \/ C\u00edsa\u0159sk\u00e9 l\u00e1zn\u011b Vstupenky Koncert, b\u011bhem kter\u00e9ho zazn\u00ed d\u00edla Haydna, Mozarta i Beethovena, lze bez nads\u00e1zky ozna\u010dit jako oslavu klasicismu. Hr\u00e1t bude \u010cesk\u00e1 filharmonie pod veden\u00edm dirigenta Tom\u00e1\u0161e Netopila a vystoup\u00ed i sopranistka Kate\u0159ina Kn\u011b\u017e\u00edkov\u00e1 a tenor Petr Nekoranec. Program: Joseph Haydn: L\u2019anima del [&hellip;]<\/p>\n","protected":false},"author":1,"featured_media":3918,"parent":0,"menu_order":0,"comment_status":"closed","ping_status":"closed","template":"","meta":{"_seopress_robots_primary_cat":"","_seopress_titles_title":"Haydn, Mozart, Beethoven v C\u00edsa\u0159sk\u00fdch l\u00e1zn\u00edch \/ Variace 2023 \/ Karlovy Vary","_seopress_titles_desc":"P\u00e1tek 24. listopadu \/ 19:00 \/ C\u00edsa\u0159sk\u00e9 l\u00e1zn\u011b Koncert, b\u011bhem kter\u00e9ho zazn\u00ed d\u00edla Haydna, Mozarta i Beethovena, lze bez nads\u00e1zky ozna\u010dit jako oslavu klasicismu. Hr\u00e1t bude \u010cesk\u00e1 filharmonie pod veden\u00edm dirigenta Tom\u00e1\u0161e Netopila a vystoup\u00ed i sopranistka Kate\u0159ina Kn\u011b\u017e\u00edkov\u00e1 a tenor Petr Nekoranec.","_seopress_robots_index":"","footnotes":""},"class_list":["post-3916","page","type-page","status-publish","has-post-thumbnail","hentry"],"_links":{"self":[{"href":"https:\/\/variace.kviff.com\/en\/wp-json\/wp\/v2\/pages\/3916","targetHints":{"allow":["GET"]}}],"collection":[{"href":"https:\/\/variace.kviff.com\/en\/wp-json\/wp\/v2\/pages"}],"about":[{"href":"https:\/\/variace.kviff.com\/en\/wp-json\/wp\/v2\/types\/page"}],"author":[{"embeddable":true,"href":"https:\/\/variace.kviff.com\/en\/wp-json\/wp\/v2\/users\/1"}],"replies":[{"embeddable":true,"href":"https:\/\/variace.kviff.com\/en\/wp-json\/wp\/v2\/comments?post=3916"}],"version-history":[{"count":53,"href":"https:\/\/variace.kviff.com\/en\/wp-json\/wp\/v2\/pages\/3916\/revisions"}],"predecessor-version":[{"id":7906,"href":"https:\/\/variace.kviff.com\/en\/wp-json\/wp\/v2\/pages\/3916\/revisions\/7906"}],"wp:featuredmedia":[{"embeddable":true,"href":"https:\/\/variace.kviff.com\/en\/wp-json\/wp\/v2\/media\/3918"}],"wp:attachment":[{"href":"https:\/\/variace.kviff.com\/en\/wp-json\/wp\/v2\/media?parent=3916"}],"curies":[{"name":"wp","href":"https:\/\/api.w.org\/{rel}","templated":true}]}}