{"id":3957,"date":"2023-10-13T14:33:36","date_gmt":"2023-10-13T14:33:36","guid":{"rendered":"https:\/\/variace.kviff.com\/?page_id=3957"},"modified":"2025-10-27T18:34:37","modified_gmt":"2025-10-27T18:34:37","slug":"beethoven-ve-vridelni-kolonade","status":"publish","type":"page","link":"https:\/\/variace.kviff.com\/en\/beethoven-ve-vridelni-kolonade\/","title":{"rendered":"Beethoven at the Thermal Spring Colonnade"},"content":{"rendered":"<div data-elementor-type=\"wp-page\" data-elementor-id=\"3957\" class=\"elementor elementor-3957\" data-elementor-post-type=\"page\">\n\t\t\t\t\t\t<section class=\"elementor-section elementor-top-section elementor-element elementor-element-0f5b2e3 elementor-section-full_width elementor-hidden-tablet elementor-hidden-mobile elementor-section-height-default elementor-section-height-default\" data-id=\"0f5b2e3\" data-element_type=\"section\" data-e-type=\"section\">\n\t\t\t\t\t\t<div class=\"elementor-container elementor-column-gap-no\">\n\t\t\t\t\t<div class=\"elementor-column elementor-col-100 elementor-top-column elementor-element elementor-element-fe034cc\" data-id=\"fe034cc\" data-element_type=\"column\" data-e-type=\"column\">\n\t\t\t<div class=\"elementor-widget-wrap elementor-element-populated\">\n\t\t\t\t\t\t<div class=\"elementor-element elementor-element-0a0297f elementor-widget elementor-widget-image\" data-id=\"0a0297f\" data-element_type=\"widget\" data-e-type=\"widget\" data-widget_type=\"image.default\">\n\t\t\t\t<div class=\"elementor-widget-container\">\n\t\t\t\t\t\t\t\t\t\t\t\t\t\t\t<img fetchpriority=\"high\" decoding=\"async\" width=\"1920\" height=\"750\" src=\"https:\/\/variace.kviff.com\/wp-content\/uploads\/2023\/10\/variace-kviff-fotky-detail-2023-04.jpg\" class=\"attachment-full size-full wp-image-3960\" alt=\"\" srcset=\"https:\/\/variace.kviff.com\/wp-content\/uploads\/2023\/10\/variace-kviff-fotky-detail-2023-04.jpg 1920w, https:\/\/variace.kviff.com\/wp-content\/uploads\/2023\/10\/variace-kviff-fotky-detail-2023-04-300x117.jpg 300w, https:\/\/variace.kviff.com\/wp-content\/uploads\/2023\/10\/variace-kviff-fotky-detail-2023-04-1024x400.jpg 1024w, https:\/\/variace.kviff.com\/wp-content\/uploads\/2023\/10\/variace-kviff-fotky-detail-2023-04-768x300.jpg 768w, https:\/\/variace.kviff.com\/wp-content\/uploads\/2023\/10\/variace-kviff-fotky-detail-2023-04-1536x600.jpg 1536w\" sizes=\"(max-width: 1920px) 100vw, 1920px\" \/>\t\t\t\t\t\t\t\t\t\t\t\t\t\t\t<\/div>\n\t\t\t\t<\/div>\n\t\t\t\t\t<\/div>\n\t\t<\/div>\n\t\t\t\t\t<\/div>\n\t\t<\/section>\n\t\t\t\t<section class=\"elementor-section elementor-top-section elementor-element elementor-element-bd8c347 elementor-section-full_width elementor-hidden-desktop elementor-section-height-default elementor-section-height-default\" data-id=\"bd8c347\" data-element_type=\"section\" data-e-type=\"section\">\n\t\t\t\t\t\t<div class=\"elementor-container elementor-column-gap-no\">\n\t\t\t\t\t<div class=\"elementor-column elementor-col-100 elementor-top-column elementor-element elementor-element-9bfccd1\" data-id=\"9bfccd1\" data-element_type=\"column\" data-e-type=\"column\">\n\t\t\t<div class=\"elementor-widget-wrap elementor-element-populated\">\n\t\t\t\t\t\t<div class=\"elementor-element elementor-element-7eb5f4b elementor-widget elementor-widget-image\" data-id=\"7eb5f4b\" data-element_type=\"widget\" data-e-type=\"widget\" data-widget_type=\"image.default\">\n\t\t\t\t<div class=\"elementor-widget-container\">\n\t\t\t\t\t\t\t\t\t\t\t\t\t\t\t<img decoding=\"async\" width=\"1920\" height=\"1080\" src=\"https:\/\/variace.kviff.com\/wp-content\/uploads\/2023\/10\/variace-kviff-fotky-detail-full-2023-04.jpg\" class=\"attachment-full size-full wp-image-3959\" alt=\"\" srcset=\"https:\/\/variace.kviff.com\/wp-content\/uploads\/2023\/10\/variace-kviff-fotky-detail-full-2023-04.jpg 1920w, https:\/\/variace.kviff.com\/wp-content\/uploads\/2023\/10\/variace-kviff-fotky-detail-full-2023-04-300x169.jpg 300w, https:\/\/variace.kviff.com\/wp-content\/uploads\/2023\/10\/variace-kviff-fotky-detail-full-2023-04-1024x576.jpg 1024w, https:\/\/variace.kviff.com\/wp-content\/uploads\/2023\/10\/variace-kviff-fotky-detail-full-2023-04-768x432.jpg 768w, https:\/\/variace.kviff.com\/wp-content\/uploads\/2023\/10\/variace-kviff-fotky-detail-full-2023-04-1536x864.jpg 1536w\" sizes=\"(max-width: 1920px) 100vw, 1920px\" \/>\t\t\t\t\t\t\t\t\t\t\t\t\t\t\t<\/div>\n\t\t\t\t<\/div>\n\t\t\t\t\t<\/div>\n\t\t<\/div>\n\t\t\t\t\t<\/div>\n\t\t<\/section>\n\t\t\t\t<section class=\"elementor-section elementor-top-section elementor-element elementor-element-7976097 elementor-section-boxed elementor-section-height-default elementor-section-height-default\" data-id=\"7976097\" data-element_type=\"section\" data-e-type=\"section\">\n\t\t\t\t\t\t<div class=\"elementor-container elementor-column-gap-default\">\n\t\t\t\t\t<div class=\"elementor-column elementor-col-100 elementor-top-column elementor-element elementor-element-c9f0559\" data-id=\"c9f0559\" data-element_type=\"column\" data-e-type=\"column\">\n\t\t\t<div class=\"elementor-widget-wrap elementor-element-populated\">\n\t\t\t\t\t\t<div class=\"elementor-element elementor-element-f237748 elementor-widget elementor-widget-text-editor\" data-id=\"f237748\" data-element_type=\"widget\" data-e-type=\"widget\" data-widget_type=\"text-editor.default\">\n\t\t\t\t<div class=\"elementor-widget-container\">\n\t\t\t\t\t\t\t\t\t<h1><span style=\"font-weight: 400;\">Beethoven at the Thermal Spring Colonnade<\/span><\/h1>\t\t\t\t\t\t\t\t<\/div>\n\t\t\t\t<\/div>\n\t\t\t\t<div class=\"elementor-element elementor-element-c23792d elementor-widget elementor-widget-text-editor\" data-id=\"c23792d\" data-element_type=\"widget\" data-e-type=\"widget\" data-widget_type=\"text-editor.default\">\n\t\t\t\t<div class=\"elementor-widget-container\">\n\t\t\t\t\t\t\t\t\t<span style=\"font-weight: 400;\">Saturday 25 November \/ 2pm \/ Thermal Spring Colonnade \/ Admission free\n<\/span>\t\t\t\t\t\t\t\t<\/div>\n\t\t\t\t<\/div>\n\t\t\t\t\t<\/div>\n\t\t<\/div>\n\t\t\t\t\t<\/div>\n\t\t<\/section>\n\t\t\t\t<section class=\"elementor-section elementor-top-section elementor-element elementor-element-9829579 elementor-section-boxed elementor-section-height-default elementor-section-height-default\" data-id=\"9829579\" data-element_type=\"section\" data-e-type=\"section\">\n\t\t\t\t\t\t<div class=\"elementor-container elementor-column-gap-default\">\n\t\t\t\t\t<div class=\"elementor-column elementor-col-100 elementor-top-column elementor-element elementor-element-5eb0a7d\" data-id=\"5eb0a7d\" data-element_type=\"column\" data-e-type=\"column\">\n\t\t\t<div class=\"elementor-widget-wrap elementor-element-populated\">\n\t\t\t\t\t\t<div class=\"elementor-element elementor-element-eabbc5f elementor-widget elementor-widget-text-editor\" data-id=\"eabbc5f\" data-element_type=\"widget\" data-e-type=\"widget\" data-widget_type=\"text-editor.default\">\n\t\t\t\t<div class=\"elementor-widget-container\">\n\t\t\t\t\t\t\t\t\t<p><span class=\"h3-small\" style=\"font-weight: 400;\">A chamber orchestra composed of members of the Czech Philharmonic and the Karlovy Vary Symphony Orchestra performs Beethoven\u2019s Violin Concerto under the direction of Josef \u0160pa\u010dek. \u0160pa\u010dek also appears as a soloist.<br>\n <\/span><\/p>\n<p>&nbsp;<\/p>\t\t\t\t\t\t\t\t<\/div>\n\t\t\t\t<\/div>\n\t\t\t\t\t<\/div>\n\t\t<\/div>\n\t\t\t\t\t<\/div>\n\t\t<\/section>\n\t\t\t\t<section class=\"elementor-section elementor-top-section elementor-element elementor-element-c1f38de elementor-section-boxed elementor-section-height-default elementor-section-height-default\" data-id=\"c1f38de\" data-element_type=\"section\" data-e-type=\"section\">\n\t\t\t\t\t\t<div class=\"elementor-container elementor-column-gap-default\">\n\t\t\t\t\t<div class=\"elementor-column elementor-col-100 elementor-top-column elementor-element elementor-element-d9b8fc5\" data-id=\"d9b8fc5\" data-element_type=\"column\" data-e-type=\"column\">\n\t\t\t<div class=\"elementor-widget-wrap elementor-element-populated\">\n\t\t\t\t\t\t<div class=\"elementor-element elementor-element-d5c13d0 elementor-widget elementor-widget-text-editor\" data-id=\"d5c13d0\" data-element_type=\"widget\" data-e-type=\"widget\" data-widget_type=\"text-editor.default\">\n\t\t\t\t<div class=\"elementor-widget-container\">\n\t\t\t\t\t\t\t\t\t<h6>Program:<\/h6>\n<h5>Ludwig van Beethoven: Violin Concerto in D Major, op. 61\n<\/h5>\n<h6>Performed by:<\/h6>\n<h5>A chamber orchestra composed of members of the Czech Philharmonic and the Karlovy Vary Symphony Orchestra<\/h5>\n<h6>ARTISTIC DIRECTOR AND SOLO VIOLIN: <\/h6>\n<h5>Josef \u0160pa\u010dek<\/h5>\t\t\t\t\t\t\t\t<\/div>\n\t\t\t\t<\/div>\n\t\t\t\t\t<\/div>\n\t\t<\/div>\n\t\t\t\t\t<\/div>\n\t\t<\/section>\n\t\t\t\t<section class=\"elementor-section elementor-top-section elementor-element elementor-element-65c6d37 elementor-section-boxed elementor-section-height-default elementor-section-height-default\" data-id=\"65c6d37\" data-element_type=\"section\" data-e-type=\"section\">\n\t\t\t\t\t\t<div class=\"elementor-container elementor-column-gap-default\">\n\t\t\t\t\t<div class=\"elementor-column elementor-col-100 elementor-top-column elementor-element elementor-element-8263b14\" data-id=\"8263b14\" data-element_type=\"column\" data-e-type=\"column\">\n\t\t\t<div class=\"elementor-widget-wrap elementor-element-populated\">\n\t\t\t\t\t\t<div class=\"elementor-element elementor-element-fd14483 elementor-widget elementor-widget-text-editor\" data-id=\"fd14483\" data-element_type=\"widget\" data-e-type=\"widget\" data-widget_type=\"text-editor.default\">\n\t\t\t\t<div class=\"elementor-widget-container\">\n\t\t\t\t\t\t\t\t\t<span class=\"h2-small\" style=\"font-weight: 400;\">About program\n<\/span>\n<h5><span style=\"font-weight: 400;\">Ludwig van Beethoven\u2019s (1770\u20131827) Violin Concerto places immense demands on musicians. Compared to Beethoven\u2019s other compositions, it is an unusually lyrical piece in which the composer makes frequent use of pastoral motifs. Especially worth noting is the middle movement, Larghetto. The solo violin plays mainly in the upper registers, and the melodies are built on simple scale progressions or broken chords. The orchestra primarily plays the role of harmonic anchor, and in some places the pulse of the music nearly comes to a halt. Altogether, the impression is one of an intimate testament that, in the end, is interrupted by the playful virtuoso motif of the subsequent rondo movement.\n\n<\/span><\/h5>\n&nbsp;\t\t\t\t\t\t\t\t<\/div>\n\t\t\t\t<\/div>\n\t\t\t\t\t<\/div>\n\t\t<\/div>\n\t\t\t\t\t<\/div>\n\t\t<\/section>\n\t\t\t\t<section class=\"elementor-section elementor-top-section elementor-element elementor-element-dd5712c elementor-section-boxed elementor-section-height-default elementor-section-height-default\" data-id=\"dd5712c\" data-element_type=\"section\" data-e-type=\"section\">\n\t\t\t\t\t\t<div class=\"elementor-container elementor-column-gap-default\">\n\t\t\t\t\t<div class=\"elementor-column elementor-col-100 elementor-top-column elementor-element elementor-element-b5f4952\" data-id=\"b5f4952\" data-element_type=\"column\" data-e-type=\"column\">\n\t\t\t<div class=\"elementor-widget-wrap elementor-element-populated\">\n\t\t\t\t\t\t<div class=\"elementor-element elementor-element-4474e1f elementor-widget elementor-widget-image\" data-id=\"4474e1f\" data-element_type=\"widget\" data-e-type=\"widget\" data-widget_type=\"image.default\">\n\t\t\t\t<div class=\"elementor-widget-container\">\n\t\t\t\t\t\t\t\t\t\t\t\t\t\t\t<img decoding=\"async\" width=\"1600\" height=\"900\" src=\"https:\/\/variace.kviff.com\/wp-content\/uploads\/2023\/10\/variace-detail-portret-spacek.jpg\" class=\"attachment-full size-full wp-image-3948\" alt=\"\" srcset=\"https:\/\/variace.kviff.com\/wp-content\/uploads\/2023\/10\/variace-detail-portret-spacek.jpg 1600w, https:\/\/variace.kviff.com\/wp-content\/uploads\/2023\/10\/variace-detail-portret-spacek-300x169.jpg 300w, https:\/\/variace.kviff.com\/wp-content\/uploads\/2023\/10\/variace-detail-portret-spacek-1024x576.jpg 1024w, https:\/\/variace.kviff.com\/wp-content\/uploads\/2023\/10\/variace-detail-portret-spacek-768x432.jpg 768w, https:\/\/variace.kviff.com\/wp-content\/uploads\/2023\/10\/variace-detail-portret-spacek-1536x864.jpg 1536w\" sizes=\"(max-width: 1600px) 100vw, 1600px\" \/>\t\t\t\t\t\t\t\t\t\t\t\t\t\t\t<\/div>\n\t\t\t\t<\/div>\n\t\t\t\t<div class=\"elementor-element elementor-element-bfc73ba elementor-widget elementor-widget-text-editor\" data-id=\"bfc73ba\" data-element_type=\"widget\" data-e-type=\"widget\" data-widget_type=\"text-editor.default\">\n\t\t\t\t<div class=\"elementor-widget-container\">\n\t\t\t\t\t\t\t\t\t<span class=\"h2-small\">Josef \u0160pa\u010dek<\/span>\n<h5><span style=\"font-weight: 400;\">Josef \u0160pa\u010dek is rapidly establishing himself as one of the best violinists of his generation. He studied at New York\u2019s prestigious Juilliard School under the guidance of renowned instructors. Today, he appears with leading orchestras in Europe, the United States, and Asia, and collaborates with the best Czech and foreign conductors. He also gives solo recitals. In 2013, he recorded his debut album for Supraphon: a collection of pieces by Bed\u0159ich Smetana, Leo\u0161 Jan\u00e1\u010dek, and Sergei Prokofiev. Two years later, he joined the Czech Philharmonic and Ji\u0159\u00ed B\u011blohl\u00e1vek in recording Josef Suk\u2019s Fantasy in G Minor, plus violin concertos by Anton\u00edn Dvo\u0159\u00e1k and Leo\u0161 Jan\u00e1\u010dek. The Czech edition of Forbes magazine included \u0160pa\u010dek among its \u201c30 under 30\u201d listing of the most important Czech personalities.\n<\/span><\/h5>\t\t\t\t\t\t\t\t<\/div>\n\t\t\t\t<\/div>\n\t\t\t\t\t<\/div>\n\t\t<\/div>\n\t\t\t\t\t<\/div>\n\t\t<\/section>\n\t\t\t\t<section class=\"elementor-section elementor-top-section elementor-element elementor-element-bf1a853 elementor-section-boxed elementor-section-height-default elementor-section-height-default\" data-id=\"bf1a853\" data-element_type=\"section\" data-e-type=\"section\">\n\t\t\t\t\t\t<div class=\"elementor-container elementor-column-gap-default\">\n\t\t\t\t\t<div class=\"elementor-column elementor-col-100 elementor-top-column elementor-element elementor-element-88f70f9\" data-id=\"88f70f9\" data-element_type=\"column\" data-e-type=\"column\">\n\t\t\t<div class=\"elementor-widget-wrap elementor-element-populated\">\n\t\t\t\t\t\t<div class=\"elementor-element elementor-element-446e1f4 elementor-widget elementor-widget-button\" data-id=\"446e1f4\" data-element_type=\"widget\" data-e-type=\"widget\" data-widget_type=\"button.default\">\n\t\t\t\t<div class=\"elementor-widget-container\">\n\t\t\t\t\t\t\t\t\t<div class=\"elementor-button-wrapper\">\n\t\t\t\t\t<a class=\"elementor-button elementor-button-link elementor-size-md\" href=\"https:\/\/variace.kviff.com\/en\/rocnik-2023\/#program\">\n\t\t\t\t\t\t<span class=\"elementor-button-content-wrapper\">\n\t\t\t\t\t\t\t\t\t<span class=\"elementor-button-text\">Back to program<\/span>\n\t\t\t\t\t<\/span>\n\t\t\t\t\t<\/a>\n\t\t\t\t<\/div>\n\t\t\t\t\t\t\t\t<\/div>\n\t\t\t\t<\/div>\n\t\t\t\t\t<\/div>\n\t\t<\/div>\n\t\t\t\t\t<\/div>\n\t\t<\/section>\n\t\t\t\t<\/div>","protected":false},"excerpt":{"rendered":"<p>Beethoven ve V\u0159\u00eddeln\u00ed kolon\u00e1d\u011b Sobota 25. listopadu \/ 14:00 \/ V\u0159\u00eddeln\u00ed kolon\u00e1da \/ Vstup zdarma Beethoven\u016fv houslov\u00fd koncert pod veden\u00edm dirigenta Josefa \u0160pa\u010dka p\u0159edvede Komorn\u00ed orchestr slo\u017een\u00fd ze \u010dlen\u016f \u010cesk\u00e9 filharmonie a Karlovarsk\u00e9ho symfonick\u00e9ho orchestru. Josef \u0160pa\u010dek vystoup\u00ed tak\u00e9 jako s\u00f3lista. &nbsp; Program: L. van Beethoven: Houslov\u00fd koncert D dur, op. 61 \u00da\u010dinkuj\u00ed: Komorn\u00ed orchestr [&hellip;]<\/p>\n","protected":false},"author":1,"featured_media":3959,"parent":0,"menu_order":0,"comment_status":"closed","ping_status":"closed","template":"","meta":{"_seopress_robots_primary_cat":"","_seopress_titles_title":"Beethoven ve V\u0159\u00eddeln\u00ed kolon\u00e1d\u011b \/ Variace 2023 \/ Karlovy Vary","_seopress_titles_desc":"P\u00e1tek 24. listopadu \/ 19:00 \/ C\u00edsa\u0159sk\u00e9 l\u00e1zn\u011b Koncert, b\u011bhem kter\u00e9ho zazn\u00ed d\u00edla Haydna, Mozarta i Beethovena, lze bez nads\u00e1zky ozna\u010dit jako oslavu klasicismu. Hr\u00e1t bude \u010cesk\u00e1 filharmonie pod veden\u00edm dirigenta Tom\u00e1\u0161e Netopila a vystoup\u00ed i sopranistka Kate\u0159ina Kn\u011b\u017e\u00edkov\u00e1 a tenor Petr Nekoranec.","_seopress_robots_index":"","footnotes":""},"class_list":["post-3957","page","type-page","status-publish","has-post-thumbnail","hentry"],"_links":{"self":[{"href":"https:\/\/variace.kviff.com\/en\/wp-json\/wp\/v2\/pages\/3957","targetHints":{"allow":["GET"]}}],"collection":[{"href":"https:\/\/variace.kviff.com\/en\/wp-json\/wp\/v2\/pages"}],"about":[{"href":"https:\/\/variace.kviff.com\/en\/wp-json\/wp\/v2\/types\/page"}],"author":[{"embeddable":true,"href":"https:\/\/variace.kviff.com\/en\/wp-json\/wp\/v2\/users\/1"}],"replies":[{"embeddable":true,"href":"https:\/\/variace.kviff.com\/en\/wp-json\/wp\/v2\/comments?post=3957"}],"version-history":[{"count":37,"href":"https:\/\/variace.kviff.com\/en\/wp-json\/wp\/v2\/pages\/3957\/revisions"}],"predecessor-version":[{"id":7914,"href":"https:\/\/variace.kviff.com\/en\/wp-json\/wp\/v2\/pages\/3957\/revisions\/7914"}],"wp:featuredmedia":[{"embeddable":true,"href":"https:\/\/variace.kviff.com\/en\/wp-json\/wp\/v2\/media\/3959"}],"wp:attachment":[{"href":"https:\/\/variace.kviff.com\/en\/wp-json\/wp\/v2\/media?parent=3957"}],"curies":[{"name":"wp","href":"https:\/\/api.w.org\/{rel}","templated":true}]}}