{"id":3990,"date":"2023-10-13T14:58:36","date_gmt":"2023-10-13T14:58:36","guid":{"rendered":"https:\/\/variace.kviff.com\/?page_id=3990"},"modified":"2025-10-27T18:37:43","modified_gmt":"2025-10-27T18:37:43","slug":"koncert-souboru-carotaj","status":"publish","type":"page","link":"https:\/\/variace.kviff.com\/en\/koncert-souboru-carotaj\/","title":{"rendered":"Concert by the \u010caroTaJ ensemble"},"content":{"rendered":"<div data-elementor-type=\"wp-page\" data-elementor-id=\"3990\" class=\"elementor elementor-3990\" data-elementor-post-type=\"page\">\n\t\t\t\t\t\t<section class=\"elementor-section elementor-top-section elementor-element elementor-element-0f5b2e3 elementor-section-full_width elementor-hidden-tablet elementor-hidden-mobile elementor-section-height-default elementor-section-height-default\" data-id=\"0f5b2e3\" data-element_type=\"section\" data-e-type=\"section\">\n\t\t\t\t\t\t<div class=\"elementor-container elementor-column-gap-no\">\n\t\t\t\t\t<div class=\"elementor-column elementor-col-100 elementor-top-column elementor-element elementor-element-fe034cc\" data-id=\"fe034cc\" data-element_type=\"column\" data-e-type=\"column\">\n\t\t\t<div class=\"elementor-widget-wrap elementor-element-populated\">\n\t\t\t\t\t\t<div class=\"elementor-element elementor-element-0a0297f elementor-widget elementor-widget-image\" data-id=\"0a0297f\" data-element_type=\"widget\" data-e-type=\"widget\" data-widget_type=\"image.default\">\n\t\t\t\t<div class=\"elementor-widget-container\">\n\t\t\t\t\t\t\t\t\t\t\t\t\t\t\t<img fetchpriority=\"high\" decoding=\"async\" width=\"1920\" height=\"750\" src=\"https:\/\/variace.kviff.com\/wp-content\/uploads\/2023\/10\/variace-kviff-fotky-detail-2023-06.jpg\" class=\"attachment-full size-full wp-image-3997\" alt=\"\" srcset=\"https:\/\/variace.kviff.com\/wp-content\/uploads\/2023\/10\/variace-kviff-fotky-detail-2023-06.jpg 1920w, https:\/\/variace.kviff.com\/wp-content\/uploads\/2023\/10\/variace-kviff-fotky-detail-2023-06-300x117.jpg 300w, https:\/\/variace.kviff.com\/wp-content\/uploads\/2023\/10\/variace-kviff-fotky-detail-2023-06-1024x400.jpg 1024w, https:\/\/variace.kviff.com\/wp-content\/uploads\/2023\/10\/variace-kviff-fotky-detail-2023-06-768x300.jpg 768w, https:\/\/variace.kviff.com\/wp-content\/uploads\/2023\/10\/variace-kviff-fotky-detail-2023-06-1536x600.jpg 1536w\" sizes=\"(max-width: 1920px) 100vw, 1920px\" \/>\t\t\t\t\t\t\t\t\t\t\t\t\t\t\t<\/div>\n\t\t\t\t<\/div>\n\t\t\t\t\t<\/div>\n\t\t<\/div>\n\t\t\t\t\t<\/div>\n\t\t<\/section>\n\t\t\t\t<section class=\"elementor-section elementor-top-section elementor-element elementor-element-bd8c347 elementor-section-full_width elementor-hidden-desktop elementor-section-height-default elementor-section-height-default\" data-id=\"bd8c347\" data-element_type=\"section\" data-e-type=\"section\">\n\t\t\t\t\t\t<div class=\"elementor-container elementor-column-gap-no\">\n\t\t\t\t\t<div class=\"elementor-column elementor-col-100 elementor-top-column elementor-element elementor-element-9bfccd1\" data-id=\"9bfccd1\" data-element_type=\"column\" data-e-type=\"column\">\n\t\t\t<div class=\"elementor-widget-wrap elementor-element-populated\">\n\t\t\t\t\t\t<div class=\"elementor-element elementor-element-7eb5f4b elementor-widget elementor-widget-image\" data-id=\"7eb5f4b\" data-element_type=\"widget\" data-e-type=\"widget\" data-widget_type=\"image.default\">\n\t\t\t\t<div class=\"elementor-widget-container\">\n\t\t\t\t\t\t\t\t\t\t\t\t\t\t\t<img decoding=\"async\" width=\"1920\" height=\"1080\" src=\"https:\/\/variace.kviff.com\/wp-content\/uploads\/2023\/10\/variace-kviff-fotky-detail-full-2023-06.jpg\" class=\"attachment-full size-full wp-image-3996\" alt=\"\" srcset=\"https:\/\/variace.kviff.com\/wp-content\/uploads\/2023\/10\/variace-kviff-fotky-detail-full-2023-06.jpg 1920w, https:\/\/variace.kviff.com\/wp-content\/uploads\/2023\/10\/variace-kviff-fotky-detail-full-2023-06-300x169.jpg 300w, https:\/\/variace.kviff.com\/wp-content\/uploads\/2023\/10\/variace-kviff-fotky-detail-full-2023-06-1024x576.jpg 1024w, https:\/\/variace.kviff.com\/wp-content\/uploads\/2023\/10\/variace-kviff-fotky-detail-full-2023-06-768x432.jpg 768w, https:\/\/variace.kviff.com\/wp-content\/uploads\/2023\/10\/variace-kviff-fotky-detail-full-2023-06-1536x864.jpg 1536w\" sizes=\"(max-width: 1920px) 100vw, 1920px\" \/>\t\t\t\t\t\t\t\t\t\t\t\t\t\t\t<\/div>\n\t\t\t\t<\/div>\n\t\t\t\t\t<\/div>\n\t\t<\/div>\n\t\t\t\t\t<\/div>\n\t\t<\/section>\n\t\t\t\t<section class=\"elementor-section elementor-top-section elementor-element elementor-element-7976097 elementor-section-boxed elementor-section-height-default elementor-section-height-default\" data-id=\"7976097\" data-element_type=\"section\" data-e-type=\"section\">\n\t\t\t\t\t\t<div class=\"elementor-container elementor-column-gap-default\">\n\t\t\t\t\t<div class=\"elementor-column elementor-col-100 elementor-top-column elementor-element elementor-element-c9f0559\" data-id=\"c9f0559\" data-element_type=\"column\" data-e-type=\"column\">\n\t\t\t<div class=\"elementor-widget-wrap elementor-element-populated\">\n\t\t\t\t\t\t<div class=\"elementor-element elementor-element-f237748 elementor-widget elementor-widget-text-editor\" data-id=\"f237748\" data-element_type=\"widget\" data-e-type=\"widget\" data-widget_type=\"text-editor.default\">\n\t\t\t\t<div class=\"elementor-widget-container\">\n\t\t\t\t\t\t\t\t\t<h1><span style=\"font-weight: 400;\">Concert by the \u010caroTaJ ensemble<\/span><\/h1>\t\t\t\t\t\t\t\t<\/div>\n\t\t\t\t<\/div>\n\t\t\t\t<div class=\"elementor-element elementor-element-c23792d elementor-widget elementor-widget-text-editor\" data-id=\"c23792d\" data-element_type=\"widget\" data-e-type=\"widget\" data-widget_type=\"text-editor.default\">\n\t\t\t\t<div class=\"elementor-widget-container\">\n\t\t\t\t\t\t\t\t\t<span style=\"font-weight: 400;\">Saturday 25 November 2023 \/ 5pm \/ Zander Hall, Imperial Baths \/ Admission free\n<\/span>\t\t\t\t\t\t\t\t<\/div>\n\t\t\t\t<\/div>\n\t\t\t\t\t<\/div>\n\t\t<\/div>\n\t\t\t\t\t<\/div>\n\t\t<\/section>\n\t\t\t\t<section class=\"elementor-section elementor-top-section elementor-element elementor-element-9829579 elementor-section-boxed elementor-section-height-default elementor-section-height-default\" data-id=\"9829579\" data-element_type=\"section\" data-e-type=\"section\">\n\t\t\t\t\t\t<div class=\"elementor-container elementor-column-gap-default\">\n\t\t\t\t\t<div class=\"elementor-column elementor-col-100 elementor-top-column elementor-element elementor-element-5eb0a7d\" data-id=\"5eb0a7d\" data-element_type=\"column\" data-e-type=\"column\">\n\t\t\t<div class=\"elementor-widget-wrap elementor-element-populated\">\n\t\t\t\t\t\t<div class=\"elementor-element elementor-element-eabbc5f elementor-widget elementor-widget-text-editor\" data-id=\"eabbc5f\" data-element_type=\"widget\" data-e-type=\"widget\" data-widget_type=\"text-editor.default\">\n\t\t\t\t<div class=\"elementor-widget-container\">\n\t\t\t\t\t\t\t\t\t<span class=\"h3-small\" style=\"font-weight: 400;\">\u010caroTaJ presents folk songs from the Moravian-Slovakian border in arrangements that honor the natural charm of folk music. The concert features singers Ta\u0165\u00e1na Roskovcov\u00e1 and Jitka Novotn\u00e1, bass clarinetist Petr Val\u00e1\u0161ek, and cellist Jan Keller. Ond\u0159ej Roskovec plays bassoon and piano. \n <\/span>\n\n&nbsp;\t\t\t\t\t\t\t\t<\/div>\n\t\t\t\t<\/div>\n\t\t\t\t\t<\/div>\n\t\t<\/div>\n\t\t\t\t\t<\/div>\n\t\t<\/section>\n\t\t\t\t<section class=\"elementor-section elementor-top-section elementor-element elementor-element-c1f38de elementor-section-boxed elementor-section-height-default elementor-section-height-default\" data-id=\"c1f38de\" data-element_type=\"section\" data-e-type=\"section\">\n\t\t\t\t\t\t<div class=\"elementor-container elementor-column-gap-default\">\n\t\t\t\t\t<div class=\"elementor-column elementor-col-100 elementor-top-column elementor-element elementor-element-d9b8fc5\" data-id=\"d9b8fc5\" data-element_type=\"column\" data-e-type=\"column\">\n\t\t\t<div class=\"elementor-widget-wrap elementor-element-populated\">\n\t\t\t\t\t\t<div class=\"elementor-element elementor-element-d5c13d0 elementor-widget elementor-widget-text-editor\" data-id=\"d5c13d0\" data-element_type=\"widget\" data-e-type=\"widget\" data-widget_type=\"text-editor.default\">\n\t\t\t\t<div class=\"elementor-widget-container\">\n\t\t\t\t\t\t\t\t\t<h6>Program:<\/h6><h5>Folk songs<\/h5><h6>Performed by:<\/h6><h5>Ta\u0165\u00e1na Roskovcov\u00e1 &#8211; singer<br \/>Jitka Novotn\u00e1 &#8211; singer<br \/>Petr Val\u00e1\u0161ek &#8211; bass clarinet<br \/>Ond\u0159ej Roskovec &#8211; bassoon, piano<br \/>Jan Keller &#8211; cello<\/h5>\t\t\t\t\t\t\t\t<\/div>\n\t\t\t\t<\/div>\n\t\t\t\t\t<\/div>\n\t\t<\/div>\n\t\t\t\t\t<\/div>\n\t\t<\/section>\n\t\t\t\t<section class=\"elementor-section elementor-top-section elementor-element elementor-element-65c6d37 elementor-section-boxed elementor-section-height-default elementor-section-height-default\" data-id=\"65c6d37\" data-element_type=\"section\" data-e-type=\"section\">\n\t\t\t\t\t\t<div class=\"elementor-container elementor-column-gap-default\">\n\t\t\t\t\t<div class=\"elementor-column elementor-col-100 elementor-top-column elementor-element elementor-element-8263b14\" data-id=\"8263b14\" data-element_type=\"column\" data-e-type=\"column\">\n\t\t\t<div class=\"elementor-widget-wrap elementor-element-populated\">\n\t\t\t\t\t\t<div class=\"elementor-element elementor-element-fd14483 elementor-widget elementor-widget-text-editor\" data-id=\"fd14483\" data-element_type=\"widget\" data-e-type=\"widget\" data-widget_type=\"text-editor.default\">\n\t\t\t\t<div class=\"elementor-widget-container\">\n\t\t\t\t\t\t\t\t\t<span class=\"h2-small\" style=\"font-weight: 400;\">About program\n<\/span>\n<h5><span style=\"font-weight: 400;\">\u010caroTaJ presents folk songs from the Moravian-Slovakian border, the native land of the singer-sisters, with original instrumental accompaniment and in arrangements that truly honor the natural charm of folk music and the beauty of its melodies, harmonies, and lyrics. The power of siblings singing together shines through thanks to the virtuosity of the musicians and their artistic taste and vision.\n<\/span><\/h5>\n&nbsp;\t\t\t\t\t\t\t\t<\/div>\n\t\t\t\t<\/div>\n\t\t\t\t\t<\/div>\n\t\t<\/div>\n\t\t\t\t\t<\/div>\n\t\t<\/section>\n\t\t\t\t<section class=\"elementor-section elementor-top-section elementor-element elementor-element-bf1a853 elementor-section-boxed elementor-section-height-default elementor-section-height-default\" data-id=\"bf1a853\" data-element_type=\"section\" data-e-type=\"section\">\n\t\t\t\t\t\t<div class=\"elementor-container elementor-column-gap-default\">\n\t\t\t\t\t<div class=\"elementor-column elementor-col-100 elementor-top-column elementor-element elementor-element-88f70f9\" data-id=\"88f70f9\" data-element_type=\"column\" data-e-type=\"column\">\n\t\t\t<div class=\"elementor-widget-wrap elementor-element-populated\">\n\t\t\t\t\t\t<div class=\"elementor-element elementor-element-446e1f4 elementor-widget elementor-widget-button\" data-id=\"446e1f4\" data-element_type=\"widget\" data-e-type=\"widget\" data-widget_type=\"button.default\">\n\t\t\t\t<div class=\"elementor-widget-container\">\n\t\t\t\t\t\t\t\t\t<div class=\"elementor-button-wrapper\">\n\t\t\t\t\t<a class=\"elementor-button elementor-button-link elementor-size-md\" href=\"https:\/\/variace.kviff.com\/en\/rocnik-2023\/#program\">\n\t\t\t\t\t\t<span class=\"elementor-button-content-wrapper\">\n\t\t\t\t\t\t\t\t\t<span class=\"elementor-button-text\">Back to program<\/span>\n\t\t\t\t\t<\/span>\n\t\t\t\t\t<\/a>\n\t\t\t\t<\/div>\n\t\t\t\t\t\t\t\t<\/div>\n\t\t\t\t<\/div>\n\t\t\t\t\t<\/div>\n\t\t<\/div>\n\t\t\t\t\t<\/div>\n\t\t<\/section>\n\t\t\t\t<\/div>","protected":false},"excerpt":{"rendered":"<p>Koncert souboru \u010caroTaJ Sobota 25. listopadu \/ 17:00 \/ Zander\u016fv s\u00e1l, C\u00edsa\u0159sk\u00e9 l\u00e1zn\u011b \/ Vstup zdarma \u010caroTaJ p\u0159in\u00e1\u0161\u00ed lidov\u00e9 p\u00edsn\u011b z moravsko-slovensk\u00e9ho pomez\u00ed v \u00faprav\u00e1ch, kter\u00e9 ct\u00ed p\u0159irozen\u00fd p\u016fvab folkloru. Vystoup\u00ed zp\u011bva\u010dky Ta\u0165\u00e1na Roskovcov\u00e1 a Jitka Novotn\u00e1, basklarinetista Petr Val\u00e1\u0161ek a violoncellista Jan Keller. Na fagot a klav\u00edr zahraje Ond\u0159ej Roskovec. &nbsp; Program: Lidov\u00e9 p\u00edsn\u011b [&hellip;]<\/p>\n","protected":false},"author":1,"featured_media":3996,"parent":0,"menu_order":0,"comment_status":"closed","ping_status":"closed","template":"","meta":{"_seopress_robots_primary_cat":"","_seopress_titles_title":"Koncert souboru \u010caroTaJ \/ Variace 2023 \/ Karlovy Vary","_seopress_titles_desc":"Sobota 25. listopadu \/ 17:00 \/ Zander\u016fv s\u00e1l, C\u00edsa\u0159sk\u00e9 l\u00e1zn\u011b \/ Vstup zdarma \u010caroTaJ p\u0159in\u00e1\u0161\u00ed lidov\u00e9 p\u00edsn\u011b z moravsko-slovensk\u00e9ho pomez\u00ed v \u00faprav\u00e1ch, kter\u00e9 ct\u00ed p\u0159irozen\u00fd p\u016fvab folkloru. Vystoup\u00ed zp\u011bva\u010dky Ta\u0165\u00e1na Roskovcov\u00e1 a Jitka Novotn\u00e1, basklarinetista Petr Val\u00e1\u0161ek a violoncellista Jan Keller. Na fagot a klav\u00edr zahraje Ond\u0159ej Roskovec.","_seopress_robots_index":"","footnotes":""},"class_list":["post-3990","page","type-page","status-publish","has-post-thumbnail","hentry"],"_links":{"self":[{"href":"https:\/\/variace.kviff.com\/en\/wp-json\/wp\/v2\/pages\/3990","targetHints":{"allow":["GET"]}}],"collection":[{"href":"https:\/\/variace.kviff.com\/en\/wp-json\/wp\/v2\/pages"}],"about":[{"href":"https:\/\/variace.kviff.com\/en\/wp-json\/wp\/v2\/types\/page"}],"author":[{"embeddable":true,"href":"https:\/\/variace.kviff.com\/en\/wp-json\/wp\/v2\/users\/1"}],"replies":[{"embeddable":true,"href":"https:\/\/variace.kviff.com\/en\/wp-json\/wp\/v2\/comments?post=3990"}],"version-history":[{"count":41,"href":"https:\/\/variace.kviff.com\/en\/wp-json\/wp\/v2\/pages\/3990\/revisions"}],"predecessor-version":[{"id":7922,"href":"https:\/\/variace.kviff.com\/en\/wp-json\/wp\/v2\/pages\/3990\/revisions\/7922"}],"wp:featuredmedia":[{"embeddable":true,"href":"https:\/\/variace.kviff.com\/en\/wp-json\/wp\/v2\/media\/3996"}],"wp:attachment":[{"href":"https:\/\/variace.kviff.com\/en\/wp-json\/wp\/v2\/media?parent=3990"}],"curies":[{"name":"wp","href":"https:\/\/api.w.org\/{rel}","templated":true}]}}