{"id":4088,"date":"2023-10-16T10:21:16","date_gmt":"2023-10-16T10:21:16","guid":{"rendered":"https:\/\/variace.kviff.com\/?page_id=4088"},"modified":"2025-10-27T18:31:45","modified_gmt":"2025-10-27T18:31:45","slug":"zasah-stestim","status":"publish","type":"page","link":"https:\/\/variace.kviff.com\/en\/zasah-stestim\/","title":{"rendered":"Coup de Chance"},"content":{"rendered":"<div data-elementor-type=\"wp-page\" data-elementor-id=\"4088\" class=\"elementor elementor-4088\" data-elementor-post-type=\"page\">\n\t\t\t\t\t\t<section class=\"elementor-section elementor-top-section elementor-element elementor-element-0f5b2e3 elementor-section-full_width elementor-hidden-tablet elementor-hidden-mobile elementor-section-height-default elementor-section-height-default\" data-id=\"0f5b2e3\" data-element_type=\"section\" data-e-type=\"section\">\n\t\t\t\t\t\t<div class=\"elementor-container elementor-column-gap-no\">\n\t\t\t\t\t<div class=\"elementor-column elementor-col-100 elementor-top-column elementor-element elementor-element-fe034cc\" data-id=\"fe034cc\" data-element_type=\"column\" data-e-type=\"column\">\n\t\t\t<div class=\"elementor-widget-wrap elementor-element-populated\">\n\t\t\t\t\t\t<div class=\"elementor-element elementor-element-0a0297f elementor-widget elementor-widget-image\" data-id=\"0a0297f\" data-element_type=\"widget\" data-e-type=\"widget\" data-widget_type=\"image.default\">\n\t\t\t\t<div class=\"elementor-widget-container\">\n\t\t\t\t\t\t\t\t\t\t\t\t\t\t\t<img fetchpriority=\"high\" decoding=\"async\" width=\"1920\" height=\"750\" src=\"https:\/\/variace.kviff.com\/wp-content\/uploads\/2023\/10\/variace-kviff-fotky-detail-2023-zasah.jpg\" class=\"attachment-full size-full wp-image-4311\" alt=\"\" srcset=\"https:\/\/variace.kviff.com\/wp-content\/uploads\/2023\/10\/variace-kviff-fotky-detail-2023-zasah.jpg 1920w, https:\/\/variace.kviff.com\/wp-content\/uploads\/2023\/10\/variace-kviff-fotky-detail-2023-zasah-300x117.jpg 300w, https:\/\/variace.kviff.com\/wp-content\/uploads\/2023\/10\/variace-kviff-fotky-detail-2023-zasah-1024x400.jpg 1024w, https:\/\/variace.kviff.com\/wp-content\/uploads\/2023\/10\/variace-kviff-fotky-detail-2023-zasah-768x300.jpg 768w, https:\/\/variace.kviff.com\/wp-content\/uploads\/2023\/10\/variace-kviff-fotky-detail-2023-zasah-1536x600.jpg 1536w\" sizes=\"(max-width: 1920px) 100vw, 1920px\" \/>\t\t\t\t\t\t\t\t\t\t\t\t\t\t\t<\/div>\n\t\t\t\t<\/div>\n\t\t\t\t\t<\/div>\n\t\t<\/div>\n\t\t\t\t\t<\/div>\n\t\t<\/section>\n\t\t\t\t<section class=\"elementor-section elementor-top-section elementor-element elementor-element-bd8c347 elementor-section-full_width elementor-hidden-desktop elementor-section-height-default elementor-section-height-default\" data-id=\"bd8c347\" data-element_type=\"section\" data-e-type=\"section\">\n\t\t\t\t\t\t<div class=\"elementor-container elementor-column-gap-no\">\n\t\t\t\t\t<div class=\"elementor-column elementor-col-100 elementor-top-column elementor-element elementor-element-9bfccd1\" data-id=\"9bfccd1\" data-element_type=\"column\" data-e-type=\"column\">\n\t\t\t<div class=\"elementor-widget-wrap elementor-element-populated\">\n\t\t\t\t\t\t<div class=\"elementor-element elementor-element-7eb5f4b elementor-widget elementor-widget-image\" data-id=\"7eb5f4b\" data-element_type=\"widget\" data-e-type=\"widget\" data-widget_type=\"image.default\">\n\t\t\t\t<div class=\"elementor-widget-container\">\n\t\t\t\t\t\t\t\t\t\t\t\t\t\t\t<img decoding=\"async\" width=\"1920\" height=\"1080\" src=\"https:\/\/variace.kviff.com\/wp-content\/uploads\/2023\/10\/variace-kviff-fotky-detail-full-2023-zasah.jpg\" class=\"attachment-full size-full wp-image-4312\" alt=\"\" srcset=\"https:\/\/variace.kviff.com\/wp-content\/uploads\/2023\/10\/variace-kviff-fotky-detail-full-2023-zasah.jpg 1920w, https:\/\/variace.kviff.com\/wp-content\/uploads\/2023\/10\/variace-kviff-fotky-detail-full-2023-zasah-300x169.jpg 300w, https:\/\/variace.kviff.com\/wp-content\/uploads\/2023\/10\/variace-kviff-fotky-detail-full-2023-zasah-1024x576.jpg 1024w, https:\/\/variace.kviff.com\/wp-content\/uploads\/2023\/10\/variace-kviff-fotky-detail-full-2023-zasah-768x432.jpg 768w, https:\/\/variace.kviff.com\/wp-content\/uploads\/2023\/10\/variace-kviff-fotky-detail-full-2023-zasah-1536x864.jpg 1536w\" sizes=\"(max-width: 1920px) 100vw, 1920px\" \/>\t\t\t\t\t\t\t\t\t\t\t\t\t\t\t<\/div>\n\t\t\t\t<\/div>\n\t\t\t\t\t<\/div>\n\t\t<\/div>\n\t\t\t\t\t<\/div>\n\t\t<\/section>\n\t\t\t\t<section class=\"elementor-section elementor-top-section elementor-element elementor-element-7976097 elementor-section-boxed elementor-section-height-default elementor-section-height-default\" data-id=\"7976097\" data-element_type=\"section\" data-e-type=\"section\">\n\t\t\t\t\t\t<div class=\"elementor-container elementor-column-gap-default\">\n\t\t\t\t\t<div class=\"elementor-column elementor-col-100 elementor-top-column elementor-element elementor-element-c9f0559\" data-id=\"c9f0559\" data-element_type=\"column\" data-e-type=\"column\">\n\t\t\t<div class=\"elementor-widget-wrap elementor-element-populated\">\n\t\t\t\t\t\t<div class=\"elementor-element elementor-element-f237748 elementor-widget elementor-widget-text-editor\" data-id=\"f237748\" data-element_type=\"widget\" data-e-type=\"widget\" data-widget_type=\"text-editor.default\">\n\t\t\t\t<div class=\"elementor-widget-container\">\n\t\t\t\t\t\t\t\t\t<h1><span style=\"font-weight: 400;\">Coup de Chance<\/span><\/h1>\t\t\t\t\t\t\t\t<\/div>\n\t\t\t\t<\/div>\n\t\t\t\t<div class=\"elementor-element elementor-element-c23792d elementor-widget elementor-widget-text-editor\" data-id=\"c23792d\" data-element_type=\"widget\" data-e-type=\"widget\" data-widget_type=\"text-editor.default\">\n\t\t\t\t<div class=\"elementor-widget-container\">\n\t\t\t\t\t\t\t\t\t<p><span style=\"font-weight: 400;\">Sat 25 November 2023 \/ 11am + 7pm \/ Kino \u010cas<br><\/span><\/p>\t\t\t\t\t\t\t\t<\/div>\n\t\t\t\t<\/div>\n\t\t\t\t<div class=\"elementor-element elementor-element-24aad89 elementor-hidden-desktop elementor-hidden-tablet elementor-hidden-mobile elementor-widget elementor-widget-button\" data-id=\"24aad89\" data-element_type=\"widget\" data-e-type=\"widget\" data-widget_type=\"button.default\">\n\t\t\t\t<div class=\"elementor-widget-container\">\n\t\t\t\t\t\t\t\t\t<div class=\"elementor-button-wrapper\">\n\t\t\t\t\t<a class=\"elementor-button elementor-button-link elementor-size-md\" href=\"https:\/\/www.kinocas.info\/program.html#Zasahstestim\" target=\"_blank\">\n\t\t\t\t\t\t<span class=\"elementor-button-content-wrapper\">\n\t\t\t\t\t\t\t\t\t<span class=\"elementor-button-text\">Tickets<\/span>\n\t\t\t\t\t<\/span>\n\t\t\t\t\t<\/a>\n\t\t\t\t<\/div>\n\t\t\t\t\t\t\t\t<\/div>\n\t\t\t\t<\/div>\n\t\t\t\t\t<\/div>\n\t\t<\/div>\n\t\t\t\t\t<\/div>\n\t\t<\/section>\n\t\t\t\t<section class=\"elementor-section elementor-top-section elementor-element elementor-element-9829579 elementor-section-boxed elementor-section-height-default elementor-section-height-default\" data-id=\"9829579\" data-element_type=\"section\" data-e-type=\"section\">\n\t\t\t\t\t\t<div class=\"elementor-container elementor-column-gap-default\">\n\t\t\t\t\t<div class=\"elementor-column elementor-col-100 elementor-top-column elementor-element elementor-element-5eb0a7d\" data-id=\"5eb0a7d\" data-element_type=\"column\" data-e-type=\"column\">\n\t\t\t<div class=\"elementor-widget-wrap elementor-element-populated\">\n\t\t\t\t\t\t<div class=\"elementor-element elementor-element-eabbc5f elementor-widget elementor-widget-text-editor\" data-id=\"eabbc5f\" data-element_type=\"widget\" data-e-type=\"widget\" data-widget_type=\"text-editor.default\">\n\t\t\t\t<div class=\"elementor-widget-container\">\n\t\t\t\t\t\t\t\t\t<h5><span style=\"font-weight: 400;\">To what extent do we determine our own luck, and to what extent are we just passive recipients of grace from the goddess Fortuna? In his fiftieth feature-length film, living legend Woody Allen asks just this question. Forget about Manhattan, this time around Allen filmed in Paris with a French cast. His usual mischievousness is still there as he spins his tale of a young, affluent couple \u2013 Jean and Fanny, who seemingly have it all \u2013 and the sudden appearance of the charming wife\u2019s former classmate Alain. A dark crime comedy recalling his older masterpieces Crimes and Misdemeanors and Match Point, Coup de Chance shows that, despite pushing ninety, Allen has lost none of his panache.\n<\/span><\/h5>\n&nbsp;\t\t\t\t\t\t\t\t<\/div>\n\t\t\t\t<\/div>\n\t\t\t\t\t<\/div>\n\t\t<\/div>\n\t\t\t\t\t<\/div>\n\t\t<\/section>\n\t\t\t\t<section class=\"elementor-section elementor-top-section elementor-element elementor-element-e99a1df elementor-section-boxed elementor-section-height-default elementor-section-height-default\" data-id=\"e99a1df\" data-element_type=\"section\" data-e-type=\"section\">\n\t\t\t\t\t\t<div class=\"elementor-container elementor-column-gap-default\">\n\t\t\t\t\t<div class=\"elementor-column elementor-col-100 elementor-top-column elementor-element elementor-element-d47f81d\" data-id=\"d47f81d\" data-element_type=\"column\" data-e-type=\"column\">\n\t\t\t<div class=\"elementor-widget-wrap elementor-element-populated\">\n\t\t\t\t\t\t<div class=\"elementor-element elementor-element-62b9904 elementor-widget elementor-widget-text-editor\" data-id=\"62b9904\" data-element_type=\"widget\" data-e-type=\"widget\" data-widget_type=\"text-editor.default\">\n\t\t\t\t<div class=\"elementor-widget-container\">\n\t\t\t\t\t\t\t\t\t<span class=\"h2-small\" style=\"font-weight: 400;\">Trailer <\/span>\t\t\t\t\t\t\t\t<\/div>\n\t\t\t\t<\/div>\n\t\t\t\t<div class=\"elementor-element elementor-element-d0c6a5d elementor-widget elementor-widget-text-editor\" data-id=\"d0c6a5d\" data-element_type=\"widget\" data-e-type=\"widget\" data-widget_type=\"text-editor.default\">\n\t\t\t\t<div class=\"elementor-widget-container\">\n\t\t\t\t\t\t\t\t\t<div style=\"height: 0; display: block; overflow: hidden; position: relative; padding-bottom: 56.25%;\"><iframe style=\"top: 0; left: 0; border: 0; bottom: 0; width: 100%; height: 100%; position: absolute;\" src=\"https:\/\/kviff.tv\/embed\/video\/2993-zasah-stestim-trailer\/cs\" frameborder=\"0\" allowfullscreen=\"allowfullscreen\"><\/iframe><\/div>\t\t\t\t\t\t\t\t<\/div>\n\t\t\t\t<\/div>\n\t\t\t\t\t<\/div>\n\t\t<\/div>\n\t\t\t\t\t<\/div>\n\t\t<\/section>\n\t\t\t\t<section class=\"elementor-section elementor-top-section elementor-element elementor-element-c1f38de elementor-section-boxed elementor-section-height-default elementor-section-height-default\" data-id=\"c1f38de\" data-element_type=\"section\" data-e-type=\"section\">\n\t\t\t\t\t\t<div class=\"elementor-container elementor-column-gap-default\">\n\t\t\t\t\t<div class=\"elementor-column elementor-col-100 elementor-top-column elementor-element elementor-element-d9b8fc5\" data-id=\"d9b8fc5\" data-element_type=\"column\" data-e-type=\"column\">\n\t\t\t<div class=\"elementor-widget-wrap elementor-element-populated\">\n\t\t\t\t\t\t<div class=\"elementor-element elementor-element-d5c13d0 elementor-widget elementor-widget-text-editor\" data-id=\"d5c13d0\" data-element_type=\"widget\" data-e-type=\"widget\" data-widget_type=\"text-editor.default\">\n\t\t\t\t<div class=\"elementor-widget-container\">\n\t\t\t\t\t\t\t\t\t<h6>Technical details:<\/h6><h5>France \/ USA, 2023, 93 min<\/h5><h6>Language:<\/h6><h5>IN FRENCH WITH CZECH AND ENGLISH SUBTITLES<\/h5><h6>Directed by:<\/h6><h5>WOODY ALLEN<\/h5><h6>With:<\/h6><h5>Lou de La\u00e2ge, Val\u00e9rie Lemercier, Niels Schneider, Elsa Zylberstein, Melvil Poupaud, Gr\u00e9gory Gadebois, Guillaume de Tonqu\u00e9dec, Anne Loiret, Sara Martins<\/h5>\t\t\t\t\t\t\t\t<\/div>\n\t\t\t\t<\/div>\n\t\t\t\t\t<\/div>\n\t\t<\/div>\n\t\t\t\t\t<\/div>\n\t\t<\/section>\n\t\t\t\t<section class=\"elementor-section elementor-top-section elementor-element elementor-element-dd5712c elementor-section-boxed elementor-section-height-default elementor-section-height-default\" data-id=\"dd5712c\" data-element_type=\"section\" data-e-type=\"section\">\n\t\t\t\t\t\t<div class=\"elementor-container elementor-column-gap-default\">\n\t\t\t\t\t<div class=\"elementor-column elementor-col-100 elementor-top-column elementor-element elementor-element-b5f4952\" data-id=\"b5f4952\" data-element_type=\"column\" data-e-type=\"column\">\n\t\t\t<div class=\"elementor-widget-wrap elementor-element-populated\">\n\t\t\t\t\t\t<div class=\"elementor-element elementor-element-96f3b61 elementor-hidden-desktop elementor-hidden-tablet elementor-hidden-mobile elementor-widget elementor-widget-image\" data-id=\"96f3b61\" data-element_type=\"widget\" data-e-type=\"widget\" data-widget_type=\"image.default\">\n\t\t\t\t<div class=\"elementor-widget-container\">\n\t\t\t\t\t\t\t\t\t\t\t\t\t\t\t<img decoding=\"async\" width=\"1600\" height=\"900\" src=\"https:\/\/variace.kviff.com\/wp-content\/uploads\/2022\/10\/variace-kviff-fotky-detail-1600x900-gray.jpg\" class=\"attachment-full size-full wp-image-2236\" alt=\"\" srcset=\"https:\/\/variace.kviff.com\/wp-content\/uploads\/2022\/10\/variace-kviff-fotky-detail-1600x900-gray.jpg 1600w, https:\/\/variace.kviff.com\/wp-content\/uploads\/2022\/10\/variace-kviff-fotky-detail-1600x900-gray-300x169.jpg 300w, https:\/\/variace.kviff.com\/wp-content\/uploads\/2022\/10\/variace-kviff-fotky-detail-1600x900-gray-1024x576.jpg 1024w, https:\/\/variace.kviff.com\/wp-content\/uploads\/2022\/10\/variace-kviff-fotky-detail-1600x900-gray-768x432.jpg 768w, https:\/\/variace.kviff.com\/wp-content\/uploads\/2022\/10\/variace-kviff-fotky-detail-1600x900-gray-1536x864.jpg 1536w\" sizes=\"(max-width: 1600px) 100vw, 1600px\" \/>\t\t\t\t\t\t\t\t\t\t\t\t\t\t\t<\/div>\n\t\t\t\t<\/div>\n\t\t\t\t<div class=\"elementor-element elementor-element-bfc73ba elementor-widget elementor-widget-text-editor\" data-id=\"bfc73ba\" data-element_type=\"widget\" data-e-type=\"widget\" data-widget_type=\"text-editor.default\">\n\t\t\t\t<div class=\"elementor-widget-container\">\n\t\t\t\t\t\t\t\t\t<span class=\"h2-small\" style=\"font-weight: 400;\">Woody Allen <\/span>\n<h4 style=\"text-transform: uppercase;\">(1935, New York)<\/h4>\n<h5 style=\"font-weight: 400;\">Woody Allen is one of the most award-winning American filmmakers, especially outside the United States. He made a name for himself in the 1970s as a distinctive director of original comedies in which he usually played the main character \u2013 an insecure and slightly neurotic protagonist. Annie Hall (1977 \u2013 Oscar for Best Director and Screenplay) called attention to the more serious side of his talent, as later confirmed by his relationship dramas Manhattan (1979), Hannah and Her Sisters (1986 \u2013 Oscar for Best Screenplay), and Husbands and Wives (1992). Over the past several decades, Allen has alternated between psychological dramas such as Match Point (2005) and more light-hearted tragicomedies such as Scoop (2006), Vicky Cristina Barcelona (2008), Whatever Works (2009), or Midnight in Paris(2011 \u2013 Oscar for Best Screenplay). His more recent work includes Magic in the Moonlight (2014), Caf\u00e9 Society (2016), and A Rainy Day in New York (2020).\n<\/h5>\n&nbsp;\t\t\t\t\t\t\t\t<\/div>\n\t\t\t\t<\/div>\n\t\t\t\t\t<\/div>\n\t\t<\/div>\n\t\t\t\t\t<\/div>\n\t\t<\/section>\n\t\t\t\t<section class=\"elementor-section elementor-top-section elementor-element elementor-element-8401f75 elementor-section-boxed elementor-section-height-default elementor-section-height-default\" data-id=\"8401f75\" data-element_type=\"section\" data-e-type=\"section\">\n\t\t\t\t\t\t<div class=\"elementor-container elementor-column-gap-default\">\n\t\t\t\t\t<div class=\"elementor-column elementor-col-100 elementor-top-column elementor-element elementor-element-6c7a76f\" data-id=\"6c7a76f\" data-element_type=\"column\" data-e-type=\"column\">\n\t\t\t<div class=\"elementor-widget-wrap elementor-element-populated\">\n\t\t\t\t\t\t<div class=\"elementor-element elementor-element-fa29e53 elementor-widget elementor-widget-button\" data-id=\"fa29e53\" data-element_type=\"widget\" data-e-type=\"widget\" data-widget_type=\"button.default\">\n\t\t\t\t<div class=\"elementor-widget-container\">\n\t\t\t\t\t\t\t\t\t<div class=\"elementor-button-wrapper\">\n\t\t\t\t\t<a class=\"elementor-button elementor-button-link elementor-size-md\" href=\"https:\/\/variace.kviff.com\/en\/rocnik-2023\/#program\">\n\t\t\t\t\t\t<span class=\"elementor-button-content-wrapper\">\n\t\t\t\t\t\t\t\t\t<span class=\"elementor-button-text\">Back to program<\/span>\n\t\t\t\t\t<\/span>\n\t\t\t\t\t<\/a>\n\t\t\t\t<\/div>\n\t\t\t\t\t\t\t\t<\/div>\n\t\t\t\t<\/div>\n\t\t\t\t\t<\/div>\n\t\t<\/div>\n\t\t\t\t\t<\/div>\n\t\t<\/section>\n\t\t\t\t<\/div>","protected":false},"excerpt":{"rendered":"<p>Z\u00e1sah \u0161t\u011bst\u00edm Sobota 25. listopadu \/ 11:00 a 19:00 \/ kino \u010cas Vstupenky Do jak\u00e9 m\u00edry jsme str\u016fjci vlastn\u00edho \u0161t\u011bst\u00ed \u010di naopak pasivn\u00edmi p\u0159\u00edjemci milosti od bohyn\u011b Fortuny, na to se ve sv\u00e9m pades\u00e1t\u00e9m celove\u010dern\u00edm sn\u00edmku pt\u00e1 \u017eij\u00edc\u00ed legenda Woody Allen. Zapome\u0148te na Manhattan, mistr tentokr\u00e1t to\u010dil v Pa\u0159\u00ed\u017ei s francouzsk\u00fdm hereck\u00fdm ans\u00e1mblem. S obvyklou [&hellip;]<\/p>\n","protected":false},"author":1,"featured_media":4312,"parent":0,"menu_order":0,"comment_status":"closed","ping_status":"closed","template":"","meta":{"_seopress_robots_primary_cat":"","_seopress_titles_title":"Z\u00e1sah \u0161t\u011bst\u00edm \/ Variace 2023 \/ Karlovy Vary","_seopress_titles_desc":"Sobota 25. listopadu \/ 11:00 a 20:00 \/ kino \u010cas. Do jak\u00e9 m\u00edry jsme str\u016fjci vlastn\u00edho \u0161t\u011bst\u00ed \u010di naopak pasivn\u00edmi p\u0159\u00edjemci milosti od bohyn\u011b Fortuny, na to se ve sv\u00e9m pades\u00e1t\u00e9m celove\u010dern\u00edm sn\u00edmku pt\u00e1 \u017eij\u00edc\u00ed legenda Woody Allen.","_seopress_robots_index":"","footnotes":""},"class_list":["post-4088","page","type-page","status-publish","has-post-thumbnail","hentry"],"_links":{"self":[{"href":"https:\/\/variace.kviff.com\/en\/wp-json\/wp\/v2\/pages\/4088","targetHints":{"allow":["GET"]}}],"collection":[{"href":"https:\/\/variace.kviff.com\/en\/wp-json\/wp\/v2\/pages"}],"about":[{"href":"https:\/\/variace.kviff.com\/en\/wp-json\/wp\/v2\/types\/page"}],"author":[{"embeddable":true,"href":"https:\/\/variace.kviff.com\/en\/wp-json\/wp\/v2\/users\/1"}],"replies":[{"embeddable":true,"href":"https:\/\/variace.kviff.com\/en\/wp-json\/wp\/v2\/comments?post=4088"}],"version-history":[{"count":61,"href":"https:\/\/variace.kviff.com\/en\/wp-json\/wp\/v2\/pages\/4088\/revisions"}],"predecessor-version":[{"id":7910,"href":"https:\/\/variace.kviff.com\/en\/wp-json\/wp\/v2\/pages\/4088\/revisions\/7910"}],"wp:featuredmedia":[{"embeddable":true,"href":"https:\/\/variace.kviff.com\/en\/wp-json\/wp\/v2\/media\/4312"}],"wp:attachment":[{"href":"https:\/\/variace.kviff.com\/en\/wp-json\/wp\/v2\/media?parent=4088"}],"curies":[{"name":"wp","href":"https:\/\/api.w.org\/{rel}","templated":true}]}}