{"id":6440,"date":"2024-10-21T19:57:07","date_gmt":"2024-10-21T19:57:07","guid":{"rendered":"https:\/\/variace.kviff.com\/?page_id=6440"},"modified":"2024-11-29T15:28:55","modified_gmt":"2024-11-29T15:28:55","slug":"ptace","status":"publish","type":"page","link":"https:\/\/variace.kviff.com\/en\/ptace\/","title":{"rendered":"Bird"},"content":{"rendered":"<div data-elementor-type=\"wp-page\" data-elementor-id=\"6440\" class=\"elementor elementor-6440\" data-elementor-post-type=\"page\">\n\t\t\t\t\t\t<section class=\"elementor-section elementor-top-section elementor-element elementor-element-0f5b2e3 elementor-section-full_width elementor-hidden-tablet elementor-hidden-mobile elementor-section-height-default elementor-section-height-default\" data-id=\"0f5b2e3\" data-element_type=\"section\" data-e-type=\"section\">\n\t\t\t\t\t\t<div class=\"elementor-container elementor-column-gap-no\">\n\t\t\t\t\t<div class=\"elementor-column elementor-col-100 elementor-top-column elementor-element elementor-element-fe034cc\" data-id=\"fe034cc\" data-element_type=\"column\" data-e-type=\"column\">\n\t\t\t<div class=\"elementor-widget-wrap elementor-element-populated\">\n\t\t\t\t\t\t<div class=\"elementor-element elementor-element-0a0297f elementor-widget elementor-widget-image\" data-id=\"0a0297f\" data-element_type=\"widget\" data-e-type=\"widget\" data-widget_type=\"image.default\">\n\t\t\t\t<div class=\"elementor-widget-container\">\n\t\t\t\t\t\t\t\t\t\t\t\t\t\t\t<img fetchpriority=\"high\" decoding=\"async\" width=\"1920\" height=\"750\" src=\"https:\/\/variace.kviff.com\/wp-content\/uploads\/2024\/10\/variace-kviff-detail-2024-ptace.jpg\" class=\"attachment-full size-full wp-image-6443\" alt=\"\" srcset=\"https:\/\/variace.kviff.com\/wp-content\/uploads\/2024\/10\/variace-kviff-detail-2024-ptace.jpg 1920w, https:\/\/variace.kviff.com\/wp-content\/uploads\/2024\/10\/variace-kviff-detail-2024-ptace-300x117.jpg 300w, https:\/\/variace.kviff.com\/wp-content\/uploads\/2024\/10\/variace-kviff-detail-2024-ptace-1024x400.jpg 1024w, https:\/\/variace.kviff.com\/wp-content\/uploads\/2024\/10\/variace-kviff-detail-2024-ptace-768x300.jpg 768w, https:\/\/variace.kviff.com\/wp-content\/uploads\/2024\/10\/variace-kviff-detail-2024-ptace-1536x600.jpg 1536w\" sizes=\"(max-width: 1920px) 100vw, 1920px\" \/>\t\t\t\t\t\t\t\t\t\t\t\t\t\t\t<\/div>\n\t\t\t\t<\/div>\n\t\t\t\t\t<\/div>\n\t\t<\/div>\n\t\t\t\t\t<\/div>\n\t\t<\/section>\n\t\t\t\t<section class=\"elementor-section elementor-top-section elementor-element elementor-element-bd8c347 elementor-section-full_width elementor-hidden-desktop elementor-section-height-default elementor-section-height-default\" data-id=\"bd8c347\" data-element_type=\"section\" data-e-type=\"section\">\n\t\t\t\t\t\t<div class=\"elementor-container elementor-column-gap-no\">\n\t\t\t\t\t<div class=\"elementor-column elementor-col-100 elementor-top-column elementor-element elementor-element-9bfccd1\" data-id=\"9bfccd1\" data-element_type=\"column\" data-e-type=\"column\">\n\t\t\t<div class=\"elementor-widget-wrap elementor-element-populated\">\n\t\t\t\t\t\t<div class=\"elementor-element elementor-element-7eb5f4b elementor-widget elementor-widget-image\" data-id=\"7eb5f4b\" data-element_type=\"widget\" data-e-type=\"widget\" data-widget_type=\"image.default\">\n\t\t\t\t<div class=\"elementor-widget-container\">\n\t\t\t\t\t\t\t\t\t\t\t\t\t\t\t<img decoding=\"async\" width=\"1920\" height=\"1080\" src=\"https:\/\/variace.kviff.com\/wp-content\/uploads\/2024\/10\/variace-kviff-detail-full-2024-ptace.jpg\" class=\"attachment-full size-full wp-image-6441\" alt=\"\" srcset=\"https:\/\/variace.kviff.com\/wp-content\/uploads\/2024\/10\/variace-kviff-detail-full-2024-ptace.jpg 1920w, https:\/\/variace.kviff.com\/wp-content\/uploads\/2024\/10\/variace-kviff-detail-full-2024-ptace-300x169.jpg 300w, https:\/\/variace.kviff.com\/wp-content\/uploads\/2024\/10\/variace-kviff-detail-full-2024-ptace-1024x576.jpg 1024w, https:\/\/variace.kviff.com\/wp-content\/uploads\/2024\/10\/variace-kviff-detail-full-2024-ptace-768x432.jpg 768w, https:\/\/variace.kviff.com\/wp-content\/uploads\/2024\/10\/variace-kviff-detail-full-2024-ptace-1536x864.jpg 1536w\" sizes=\"(max-width: 1920px) 100vw, 1920px\" \/>\t\t\t\t\t\t\t\t\t\t\t\t\t\t\t<\/div>\n\t\t\t\t<\/div>\n\t\t\t\t\t<\/div>\n\t\t<\/div>\n\t\t\t\t\t<\/div>\n\t\t<\/section>\n\t\t\t\t<section class=\"elementor-section elementor-top-section elementor-element elementor-element-7976097 elementor-section-boxed elementor-section-height-default elementor-section-height-default\" data-id=\"7976097\" data-element_type=\"section\" data-e-type=\"section\">\n\t\t\t\t\t\t<div class=\"elementor-container elementor-column-gap-default\">\n\t\t\t\t\t<div class=\"elementor-column elementor-col-100 elementor-top-column elementor-element elementor-element-c9f0559\" data-id=\"c9f0559\" data-element_type=\"column\" data-e-type=\"column\">\n\t\t\t<div class=\"elementor-widget-wrap elementor-element-populated\">\n\t\t\t\t\t\t<div class=\"elementor-element elementor-element-f237748 elementor-widget elementor-widget-text-editor\" data-id=\"f237748\" data-element_type=\"widget\" data-e-type=\"widget\" data-widget_type=\"text-editor.default\">\n\t\t\t\t<div class=\"elementor-widget-container\">\n\t\t\t\t\t\t\t\t\t<h1><span style=\"font-weight: 400;\">Bird<\/span><\/h1>\t\t\t\t\t\t\t\t<\/div>\n\t\t\t\t<\/div>\n\t\t\t\t<div class=\"elementor-element elementor-element-c23792d elementor-widget elementor-widget-text-editor\" data-id=\"c23792d\" data-element_type=\"widget\" data-e-type=\"widget\" data-widget_type=\"text-editor.default\">\n\t\t\t\t<div class=\"elementor-widget-container\">\n\t\t\t\t\t\t\t\t\t<p><span style=\"font-weight: 400;\">Sobota 23. listopadu \/ 11:00 \/ C\u00edsa\u0159sk\u00e9 l\u00e1zn\u011b<\/span><\/p>\t\t\t\t\t\t\t\t<\/div>\n\t\t\t\t<\/div>\n\t\t\t\t<div class=\"elementor-element elementor-element-24aad89 elementor-hidden-desktop elementor-hidden-tablet elementor-hidden-mobile elementor-widget elementor-widget-button\" data-id=\"24aad89\" data-element_type=\"widget\" data-e-type=\"widget\" data-widget_type=\"button.default\">\n\t\t\t\t<div class=\"elementor-widget-container\">\n\t\t\t\t\t\t\t\t\t<div class=\"elementor-button-wrapper\">\n\t\t\t\t\t<a class=\"elementor-button elementor-button-link elementor-size-md\" href=\"https:\/\/bit.ly\/4fdgi2J\" target=\"_blank\">\n\t\t\t\t\t\t<span class=\"elementor-button-content-wrapper\">\n\t\t\t\t\t\t\t\t\t<span class=\"elementor-button-text\">Tickets<\/span>\n\t\t\t\t\t<\/span>\n\t\t\t\t\t<\/a>\n\t\t\t\t<\/div>\n\t\t\t\t\t\t\t\t<\/div>\n\t\t\t\t<\/div>\n\t\t\t\t\t<\/div>\n\t\t<\/div>\n\t\t\t\t\t<\/div>\n\t\t<\/section>\n\t\t\t\t<section class=\"elementor-section elementor-top-section elementor-element elementor-element-9829579 elementor-section-boxed elementor-section-height-default elementor-section-height-default\" data-id=\"9829579\" data-element_type=\"section\" data-e-type=\"section\">\n\t\t\t\t\t\t<div class=\"elementor-container elementor-column-gap-default\">\n\t\t\t\t\t<div class=\"elementor-column elementor-col-100 elementor-top-column elementor-element elementor-element-5eb0a7d\" data-id=\"5eb0a7d\" data-element_type=\"column\" data-e-type=\"column\">\n\t\t\t<div class=\"elementor-widget-wrap elementor-element-populated\">\n\t\t\t\t\t\t<div class=\"elementor-element elementor-element-eabbc5f elementor-widget elementor-widget-text-editor\" data-id=\"eabbc5f\" data-element_type=\"widget\" data-e-type=\"widget\" data-widget_type=\"text-editor.default\">\n\t\t\t\t<div class=\"elementor-widget-container\">\n\t\t\t\t\t\t\t\t\t<h5><span style=\"font-weight: 400;\">For almost two decades, Andrea Arnold has sat atop various lists of Europe\u2019s best contemporary women filmmakers \u2013 not because of her initials but because of unforgettable films such as Fish Tank and American Honey. This year, she returned to the French Riviera for the first time in eight years to present her latest outing in the main competition at the Cannes Film Festival. An unusual coming-of-age story set in North Kent, Bird captures the gritty poetry of the streets, softened by subtle hints of magical realism. Thanks to brilliant performances by Franz Rogowski and Barry Keoghan and a boisterous soundtrack featuring an unusual use of the song \u201cYellow\u201d by British band Coldplay, Bird produces a state of infectious euphoria reminiscent of the ease with which birds take to the skies. <\/span><\/h5>\n&nbsp;\n\n&nbsp;\t\t\t\t\t\t\t\t<\/div>\n\t\t\t\t<\/div>\n\t\t\t\t\t<\/div>\n\t\t<\/div>\n\t\t\t\t\t<\/div>\n\t\t<\/section>\n\t\t\t\t<section class=\"elementor-section elementor-top-section elementor-element elementor-element-e99a1df elementor-hidden-desktop elementor-hidden-tablet elementor-hidden-mobile elementor-section-boxed elementor-section-height-default elementor-section-height-default\" data-id=\"e99a1df\" data-element_type=\"section\" data-e-type=\"section\">\n\t\t\t\t\t\t<div class=\"elementor-container elementor-column-gap-default\">\n\t\t\t\t\t<div class=\"elementor-column elementor-col-100 elementor-top-column elementor-element elementor-element-d47f81d\" data-id=\"d47f81d\" data-element_type=\"column\" data-e-type=\"column\">\n\t\t\t<div class=\"elementor-widget-wrap elementor-element-populated\">\n\t\t\t\t\t\t<div class=\"elementor-element elementor-element-62b9904 elementor-widget elementor-widget-text-editor\" data-id=\"62b9904\" data-element_type=\"widget\" data-e-type=\"widget\" data-widget_type=\"text-editor.default\">\n\t\t\t\t<div class=\"elementor-widget-container\">\n\t\t\t\t\t\t\t\t\t<span class=\"h2-small\" style=\"font-weight: 400;\">Trailer <\/span>\t\t\t\t\t\t\t\t<\/div>\n\t\t\t\t<\/div>\n\t\t\t\t<div class=\"elementor-element elementor-element-d0c6a5d elementor-widget elementor-widget-text-editor\" data-id=\"d0c6a5d\" data-element_type=\"widget\" data-e-type=\"widget\" data-widget_type=\"text-editor.default\">\n\t\t\t\t<div class=\"elementor-widget-container\">\n\t\t\t\t\t\t\t\t\t<div style=\"height:0;display:block;overflow:hidden;position:relative;padding-bottom:56.25%\"><iframe frameborder=\"0\" allowfullscreen style=\"top:0;left:0;border:0;bottom:0;width:100%;height:100%;position:absolute\" src=\"https:\/\/kviff.tv\/embed\/video\/1718-armageddon-time-trailer\/cs\"><\/iframe><\/div>\t\t\t\t\t\t\t\t<\/div>\n\t\t\t\t<\/div>\n\t\t\t\t\t<\/div>\n\t\t<\/div>\n\t\t\t\t\t<\/div>\n\t\t<\/section>\n\t\t\t\t<section class=\"elementor-section elementor-top-section elementor-element elementor-element-c1f38de elementor-section-boxed elementor-section-height-default elementor-section-height-default\" data-id=\"c1f38de\" data-element_type=\"section\" data-e-type=\"section\">\n\t\t\t\t\t\t<div class=\"elementor-container elementor-column-gap-default\">\n\t\t\t\t\t<div class=\"elementor-column elementor-col-100 elementor-top-column elementor-element elementor-element-d9b8fc5\" data-id=\"d9b8fc5\" data-element_type=\"column\" data-e-type=\"column\">\n\t\t\t<div class=\"elementor-widget-wrap elementor-element-populated\">\n\t\t\t\t\t\t<div class=\"elementor-element elementor-element-d5c13d0 elementor-widget elementor-widget-text-editor\" data-id=\"d5c13d0\" data-element_type=\"widget\" data-e-type=\"widget\" data-widget_type=\"text-editor.default\">\n\t\t\t\t<div class=\"elementor-widget-container\">\n\t\t\t\t\t\t\t\t\t<h6>Technical details:<\/h6>\n<h5>United Kingdom, USA, France, Germany 2024 \/ 119 min.<\/h5>\n<h6>Language:<\/h6>\n<h5>ANGLICKY S \u010cESK\u00ddMI TITULKY<\/h5>\n<h6>Directed by:<\/h6>\n<h5>Andrea Arnold<\/h5>\n<h6>With:<\/h6>\n<h5>Nykiya Adams, Barry Keoghan, Franz Rogowski, Jason Buda, Jasmine Jobson, Frankie Box, James Nelson-Joyce, Rhys Yates, Calum Speed, Joanne Matthews, Sarah Beth Harber<\/h5>\t\t\t\t\t\t\t\t<\/div>\n\t\t\t\t<\/div>\n\t\t\t\t\t<\/div>\n\t\t<\/div>\n\t\t\t\t\t<\/div>\n\t\t<\/section>\n\t\t\t\t<section class=\"elementor-section elementor-top-section elementor-element elementor-element-dd5712c elementor-section-boxed elementor-section-height-default elementor-section-height-default\" data-id=\"dd5712c\" data-element_type=\"section\" data-e-type=\"section\">\n\t\t\t\t\t\t<div class=\"elementor-container elementor-column-gap-default\">\n\t\t\t\t\t<div class=\"elementor-column elementor-col-100 elementor-top-column elementor-element elementor-element-b5f4952\" data-id=\"b5f4952\" data-element_type=\"column\" data-e-type=\"column\">\n\t\t\t<div class=\"elementor-widget-wrap elementor-element-populated\">\n\t\t\t\t\t\t<div class=\"elementor-element elementor-element-96f3b61 elementor-widget elementor-widget-image\" data-id=\"96f3b61\" data-element_type=\"widget\" data-e-type=\"widget\" data-widget_type=\"image.default\">\n\t\t\t\t<div class=\"elementor-widget-container\">\n\t\t\t\t\t\t\t\t\t\t\t\t\t\t\t<img decoding=\"async\" width=\"1600\" height=\"900\" src=\"https:\/\/variace.kviff.com\/wp-content\/uploads\/2024\/10\/variace-detail-andrea-arnold.jpg\" class=\"attachment-full size-full wp-image-6457\" alt=\"\" srcset=\"https:\/\/variace.kviff.com\/wp-content\/uploads\/2024\/10\/variace-detail-andrea-arnold.jpg 1600w, https:\/\/variace.kviff.com\/wp-content\/uploads\/2024\/10\/variace-detail-andrea-arnold-300x169.jpg 300w, https:\/\/variace.kviff.com\/wp-content\/uploads\/2024\/10\/variace-detail-andrea-arnold-1024x576.jpg 1024w, https:\/\/variace.kviff.com\/wp-content\/uploads\/2024\/10\/variace-detail-andrea-arnold-768x432.jpg 768w, https:\/\/variace.kviff.com\/wp-content\/uploads\/2024\/10\/variace-detail-andrea-arnold-1536x864.jpg 1536w\" sizes=\"(max-width: 1600px) 100vw, 1600px\" \/>\t\t\t\t\t\t\t\t\t\t\t\t\t\t\t<\/div>\n\t\t\t\t<\/div>\n\t\t\t\t<div class=\"elementor-element elementor-element-bfc73ba elementor-widget elementor-widget-text-editor\" data-id=\"bfc73ba\" data-element_type=\"widget\" data-e-type=\"widget\" data-widget_type=\"text-editor.default\">\n\t\t\t\t<div class=\"elementor-widget-container\">\n\t\t\t\t\t\t\t\t\t<span class=\"h2-small\" style=\"font-weight: 400;\">Andrea Arnold  <\/span>\n<h4 style=\"text-transform: uppercase;\">(1961, United Kingdom)<\/h4>\n<h5 style=\"font-weight: 400;\">Selected filmography: Red Road (2006), Fish Tank (2009), Wuthering Heights (2011), American Honey (2016), Cow (2021, documentary), Bird (2024)<\/h5>\n&nbsp;\t\t\t\t\t\t\t\t<\/div>\n\t\t\t\t<\/div>\n\t\t\t\t\t<\/div>\n\t\t<\/div>\n\t\t\t\t\t<\/div>\n\t\t<\/section>\n\t\t\t\t<section class=\"elementor-section elementor-top-section elementor-element elementor-element-8401f75 elementor-section-boxed elementor-section-height-default elementor-section-height-default\" data-id=\"8401f75\" data-element_type=\"section\" data-e-type=\"section\">\n\t\t\t\t\t\t<div class=\"elementor-container elementor-column-gap-default\">\n\t\t\t\t\t<div class=\"elementor-column elementor-col-100 elementor-top-column elementor-element elementor-element-6c7a76f\" data-id=\"6c7a76f\" data-element_type=\"column\" data-e-type=\"column\">\n\t\t\t<div class=\"elementor-widget-wrap elementor-element-populated\">\n\t\t\t\t\t\t<div class=\"elementor-element elementor-element-fa29e53 elementor-widget elementor-widget-button\" data-id=\"fa29e53\" data-element_type=\"widget\" data-e-type=\"widget\" data-widget_type=\"button.default\">\n\t\t\t\t<div class=\"elementor-widget-container\">\n\t\t\t\t\t\t\t\t\t<div class=\"elementor-button-wrapper\">\n\t\t\t\t\t<a class=\"elementor-button elementor-button-link elementor-size-md\" href=\"https:\/\/variace.kviff.com\/en\/#program\">\n\t\t\t\t\t\t<span class=\"elementor-button-content-wrapper\">\n\t\t\t\t\t\t\t\t\t<span class=\"elementor-button-text\">Back to program<\/span>\n\t\t\t\t\t<\/span>\n\t\t\t\t\t<\/a>\n\t\t\t\t<\/div>\n\t\t\t\t\t\t\t\t<\/div>\n\t\t\t\t<\/div>\n\t\t\t\t\t<\/div>\n\t\t<\/div>\n\t\t\t\t\t<\/div>\n\t\t<\/section>\n\t\t\t\t<\/div>","protected":false},"excerpt":{"rendered":"<p>Pt\u00e1\u010de Sobota 23. listopadu \/ 11:00 \/ C\u00edsa\u0159sk\u00e9 l\u00e1zn\u011b Vstupenky Andrea Arnold se u\u017e t\u00e9m\u011b\u0159 dv\u011b dek\u00e1dy dr\u017e\u00ed na vrcholu \u017eeb\u0159\u00ed\u010dk\u016f sou\u010dasn\u00fdch evropsk\u00fdch filma\u0159ek. Nemohou za to jej\u00ed inici\u00e1ly, ale nezapomenuteln\u00e9 filmy jako Fish Tank \u010di American Honey. Letos se po osmi letech vr\u00e1tila na v\u00fdslun\u00ed francouzsk\u00e9 Rivi\u00e9ry, aby v hlavn\u00ed sout\u011b\u017ei cannesk\u00e9ho festivalu uvedla [&hellip;]<\/p>\n","protected":false},"author":1,"featured_media":6441,"parent":0,"menu_order":0,"comment_status":"closed","ping_status":"closed","template":"","meta":{"_seopress_robots_primary_cat":"","_seopress_titles_title":"Pt\u00e1\u010de \/ Variace 2024 \/ Karlovy Vary","_seopress_titles_desc":"Sobota 23. listopadu \/ 11:00 \/ C\u00edsa\u0159sk\u00e9 l\u00e1zn\u011b","_seopress_robots_index":"","footnotes":""},"class_list":["post-6440","page","type-page","status-publish","has-post-thumbnail","hentry"],"_links":{"self":[{"href":"https:\/\/variace.kviff.com\/en\/wp-json\/wp\/v2\/pages\/6440","targetHints":{"allow":["GET"]}}],"collection":[{"href":"https:\/\/variace.kviff.com\/en\/wp-json\/wp\/v2\/pages"}],"about":[{"href":"https:\/\/variace.kviff.com\/en\/wp-json\/wp\/v2\/types\/page"}],"author":[{"embeddable":true,"href":"https:\/\/variace.kviff.com\/en\/wp-json\/wp\/v2\/users\/1"}],"replies":[{"embeddable":true,"href":"https:\/\/variace.kviff.com\/en\/wp-json\/wp\/v2\/comments?post=6440"}],"version-history":[{"count":37,"href":"https:\/\/variace.kviff.com\/en\/wp-json\/wp\/v2\/pages\/6440\/revisions"}],"predecessor-version":[{"id":6832,"href":"https:\/\/variace.kviff.com\/en\/wp-json\/wp\/v2\/pages\/6440\/revisions\/6832"}],"wp:featuredmedia":[{"embeddable":true,"href":"https:\/\/variace.kviff.com\/en\/wp-json\/wp\/v2\/media\/6441"}],"wp:attachment":[{"href":"https:\/\/variace.kviff.com\/en\/wp-json\/wp\/v2\/media?parent=6440"}],"curies":[{"name":"wp","href":"https:\/\/api.w.org\/{rel}","templated":true}]}}