{"id":6538,"date":"2024-10-21T21:01:33","date_gmt":"2024-10-21T21:01:33","guid":{"rendered":"https:\/\/variace.kviff.com\/?page_id=6538"},"modified":"2024-11-29T15:36:09","modified_gmt":"2024-11-29T15:36:09","slug":"the-room-next-door","status":"publish","type":"page","link":"https:\/\/variace.kviff.com\/en\/the-room-next-door\/","title":{"rendered":"The Room Next Door"},"content":{"rendered":"<div data-elementor-type=\"wp-page\" data-elementor-id=\"6538\" class=\"elementor elementor-6538\" data-elementor-post-type=\"page\">\n\t\t\t\t\t\t<section class=\"elementor-section elementor-top-section elementor-element elementor-element-0f5b2e3 elementor-section-full_width elementor-hidden-tablet elementor-hidden-mobile elementor-section-height-default elementor-section-height-default\" data-id=\"0f5b2e3\" data-element_type=\"section\" data-e-type=\"section\">\n\t\t\t\t\t\t<div class=\"elementor-container elementor-column-gap-no\">\n\t\t\t\t\t<div class=\"elementor-column elementor-col-100 elementor-top-column elementor-element elementor-element-fe034cc\" data-id=\"fe034cc\" data-element_type=\"column\" data-e-type=\"column\">\n\t\t\t<div class=\"elementor-widget-wrap elementor-element-populated\">\n\t\t\t\t\t\t<div class=\"elementor-element elementor-element-0a0297f elementor-widget elementor-widget-image\" data-id=\"0a0297f\" data-element_type=\"widget\" data-e-type=\"widget\" data-widget_type=\"image.default\">\n\t\t\t\t<div class=\"elementor-widget-container\">\n\t\t\t\t\t\t\t\t\t\t\t\t\t\t\t<img fetchpriority=\"high\" decoding=\"async\" width=\"1920\" height=\"750\" src=\"https:\/\/variace.kviff.com\/wp-content\/uploads\/2024\/10\/variace-kviff-detail-2024-vedlejsi-pokoj.jpg\" class=\"attachment-full size-full wp-image-6520\" alt=\"\" srcset=\"https:\/\/variace.kviff.com\/wp-content\/uploads\/2024\/10\/variace-kviff-detail-2024-vedlejsi-pokoj.jpg 1920w, https:\/\/variace.kviff.com\/wp-content\/uploads\/2024\/10\/variace-kviff-detail-2024-vedlejsi-pokoj-300x117.jpg 300w, https:\/\/variace.kviff.com\/wp-content\/uploads\/2024\/10\/variace-kviff-detail-2024-vedlejsi-pokoj-1024x400.jpg 1024w, https:\/\/variace.kviff.com\/wp-content\/uploads\/2024\/10\/variace-kviff-detail-2024-vedlejsi-pokoj-768x300.jpg 768w, https:\/\/variace.kviff.com\/wp-content\/uploads\/2024\/10\/variace-kviff-detail-2024-vedlejsi-pokoj-1536x600.jpg 1536w\" sizes=\"(max-width: 1920px) 100vw, 1920px\" \/>\t\t\t\t\t\t\t\t\t\t\t\t\t\t\t<\/div>\n\t\t\t\t<\/div>\n\t\t\t\t\t<\/div>\n\t\t<\/div>\n\t\t\t\t\t<\/div>\n\t\t<\/section>\n\t\t\t\t<section class=\"elementor-section elementor-top-section elementor-element elementor-element-bd8c347 elementor-section-full_width elementor-hidden-desktop elementor-section-height-default elementor-section-height-default\" data-id=\"bd8c347\" data-element_type=\"section\" data-e-type=\"section\">\n\t\t\t\t\t\t<div class=\"elementor-container elementor-column-gap-no\">\n\t\t\t\t\t<div class=\"elementor-column elementor-col-100 elementor-top-column elementor-element elementor-element-9bfccd1\" data-id=\"9bfccd1\" data-element_type=\"column\" data-e-type=\"column\">\n\t\t\t<div class=\"elementor-widget-wrap elementor-element-populated\">\n\t\t\t\t\t\t<div class=\"elementor-element elementor-element-7eb5f4b elementor-widget elementor-widget-image\" data-id=\"7eb5f4b\" data-element_type=\"widget\" data-e-type=\"widget\" data-widget_type=\"image.default\">\n\t\t\t\t<div class=\"elementor-widget-container\">\n\t\t\t\t\t\t\t\t\t\t\t\t\t\t\t<img decoding=\"async\" width=\"1920\" height=\"1080\" src=\"https:\/\/variace.kviff.com\/wp-content\/uploads\/2024\/10\/variace-kviff-detail-full-2024-vedlejsi-pokoj.jpg\" class=\"attachment-full size-full wp-image-6518\" alt=\"\" srcset=\"https:\/\/variace.kviff.com\/wp-content\/uploads\/2024\/10\/variace-kviff-detail-full-2024-vedlejsi-pokoj.jpg 1920w, https:\/\/variace.kviff.com\/wp-content\/uploads\/2024\/10\/variace-kviff-detail-full-2024-vedlejsi-pokoj-300x169.jpg 300w, https:\/\/variace.kviff.com\/wp-content\/uploads\/2024\/10\/variace-kviff-detail-full-2024-vedlejsi-pokoj-1024x576.jpg 1024w, https:\/\/variace.kviff.com\/wp-content\/uploads\/2024\/10\/variace-kviff-detail-full-2024-vedlejsi-pokoj-768x432.jpg 768w, https:\/\/variace.kviff.com\/wp-content\/uploads\/2024\/10\/variace-kviff-detail-full-2024-vedlejsi-pokoj-1536x864.jpg 1536w\" sizes=\"(max-width: 1920px) 100vw, 1920px\" \/>\t\t\t\t\t\t\t\t\t\t\t\t\t\t\t<\/div>\n\t\t\t\t<\/div>\n\t\t\t\t\t<\/div>\n\t\t<\/div>\n\t\t\t\t\t<\/div>\n\t\t<\/section>\n\t\t\t\t<section class=\"elementor-section elementor-top-section elementor-element elementor-element-7976097 elementor-section-boxed elementor-section-height-default elementor-section-height-default\" data-id=\"7976097\" data-element_type=\"section\" data-e-type=\"section\">\n\t\t\t\t\t\t<div class=\"elementor-container elementor-column-gap-default\">\n\t\t\t\t\t<div class=\"elementor-column elementor-col-100 elementor-top-column elementor-element elementor-element-c9f0559\" data-id=\"c9f0559\" data-element_type=\"column\" data-e-type=\"column\">\n\t\t\t<div class=\"elementor-widget-wrap elementor-element-populated\">\n\t\t\t\t\t\t<div class=\"elementor-element elementor-element-f237748 elementor-widget elementor-widget-text-editor\" data-id=\"f237748\" data-element_type=\"widget\" data-e-type=\"widget\" data-widget_type=\"text-editor.default\">\n\t\t\t\t<div class=\"elementor-widget-container\">\n\t\t\t\t\t\t\t\t\t<h1><span style=\"font-weight: 400;\">The Room Next Door<\/span><\/h1>\t\t\t\t\t\t\t\t<\/div>\n\t\t\t\t<\/div>\n\t\t\t\t<div class=\"elementor-element elementor-element-c23792d elementor-widget elementor-widget-text-editor\" data-id=\"c23792d\" data-element_type=\"widget\" data-e-type=\"widget\" data-widget_type=\"text-editor.default\">\n\t\t\t\t<div class=\"elementor-widget-container\">\n\t\t\t\t\t\t\t\t\t<span style=\"font-weight: 400;\">Saturday, November 23, 3pm, Imperial Baths<\/span>\t\t\t\t\t\t\t\t<\/div>\n\t\t\t\t<\/div>\n\t\t\t\t<div class=\"elementor-element elementor-element-24aad89 elementor-hidden-desktop elementor-hidden-tablet elementor-hidden-mobile elementor-widget elementor-widget-button\" data-id=\"24aad89\" data-element_type=\"widget\" data-e-type=\"widget\" data-widget_type=\"button.default\">\n\t\t\t\t<div class=\"elementor-widget-container\">\n\t\t\t\t\t\t\t\t\t<div class=\"elementor-button-wrapper\">\n\t\t\t\t\t<a class=\"elementor-button elementor-button-link elementor-size-md\" href=\"https:\/\/bit.ly\/4hcpohN\" target=\"_blank\">\n\t\t\t\t\t\t<span class=\"elementor-button-content-wrapper\">\n\t\t\t\t\t\t\t\t\t<span class=\"elementor-button-text\">Tickets<\/span>\n\t\t\t\t\t<\/span>\n\t\t\t\t\t<\/a>\n\t\t\t\t<\/div>\n\t\t\t\t\t\t\t\t<\/div>\n\t\t\t\t<\/div>\n\t\t\t\t\t<\/div>\n\t\t<\/div>\n\t\t\t\t\t<\/div>\n\t\t<\/section>\n\t\t\t\t<section class=\"elementor-section elementor-top-section elementor-element elementor-element-9829579 elementor-section-boxed elementor-section-height-default elementor-section-height-default\" data-id=\"9829579\" data-element_type=\"section\" data-e-type=\"section\">\n\t\t\t\t\t\t<div class=\"elementor-container elementor-column-gap-default\">\n\t\t\t\t\t<div class=\"elementor-column elementor-col-100 elementor-top-column elementor-element elementor-element-5eb0a7d\" data-id=\"5eb0a7d\" data-element_type=\"column\" data-e-type=\"column\">\n\t\t\t<div class=\"elementor-widget-wrap elementor-element-populated\">\n\t\t\t\t\t\t<div class=\"elementor-element elementor-element-eabbc5f elementor-widget elementor-widget-text-editor\" data-id=\"eabbc5f\" data-element_type=\"widget\" data-e-type=\"widget\" data-widget_type=\"text-editor.default\">\n\t\t\t\t<div class=\"elementor-widget-container\">\n\t\t\t\t\t\t\t\t\t<h5><span style=\"font-weight: 400;\">After twenty-three memorable films representing a truly captivating chapter in the history of Spanish cinema, Pedro Almod\u00f3var (who recently celebrated his seventy-fifth birthday) presents his first English-language feature. With this elegantly contemplative film, he once proves again that a finely polished style and colorfully composed scenes are not at all incompatible with an emotionally profound exploration of the \u201cthings of life.\u201d Such is the story of writer Ingrid (Julianne Moore) and war correspondent Martha (Tilda Swinton), old colleagues whose friendship is rekindled after many years thanks to a curious wish by the seriously ill Martha. The film was awarded the Golden Lion at this year\u2019s Venice Film Festival.<\/span><\/h5>\n&nbsp;\n\n&nbsp;\t\t\t\t\t\t\t\t<\/div>\n\t\t\t\t<\/div>\n\t\t\t\t\t<\/div>\n\t\t<\/div>\n\t\t\t\t\t<\/div>\n\t\t<\/section>\n\t\t\t\t<section class=\"elementor-section elementor-top-section elementor-element elementor-element-e99a1df elementor-hidden-desktop elementor-hidden-tablet elementor-hidden-mobile elementor-section-boxed elementor-section-height-default elementor-section-height-default\" data-id=\"e99a1df\" data-element_type=\"section\" data-e-type=\"section\">\n\t\t\t\t\t\t<div class=\"elementor-container elementor-column-gap-default\">\n\t\t\t\t\t<div class=\"elementor-column elementor-col-100 elementor-top-column elementor-element elementor-element-d47f81d\" data-id=\"d47f81d\" data-element_type=\"column\" data-e-type=\"column\">\n\t\t\t<div class=\"elementor-widget-wrap elementor-element-populated\">\n\t\t\t\t\t\t<div class=\"elementor-element elementor-element-62b9904 elementor-widget elementor-widget-text-editor\" data-id=\"62b9904\" data-element_type=\"widget\" data-e-type=\"widget\" data-widget_type=\"text-editor.default\">\n\t\t\t\t<div class=\"elementor-widget-container\">\n\t\t\t\t\t\t\t\t\t<span class=\"h2-small\" style=\"font-weight: 400;\">Trailer <\/span>\t\t\t\t\t\t\t\t<\/div>\n\t\t\t\t<\/div>\n\t\t\t\t<div class=\"elementor-element elementor-element-d0c6a5d elementor-widget elementor-widget-text-editor\" data-id=\"d0c6a5d\" data-element_type=\"widget\" data-e-type=\"widget\" data-widget_type=\"text-editor.default\">\n\t\t\t\t<div class=\"elementor-widget-container\">\n\t\t\t\t\t\t\t\t\t<div style=\"height:0;display:block;overflow:hidden;position:relative;padding-bottom:56.25%\"><iframe frameborder=\"0\" allowfullscreen style=\"top:0;left:0;border:0;bottom:0;width:100%;height:100%;position:absolute\" src=\"https:\/\/kviff.tv\/embed\/video\/1718-armageddon-time-trailer\/cs\"><\/iframe><\/div>\t\t\t\t\t\t\t\t<\/div>\n\t\t\t\t<\/div>\n\t\t\t\t\t<\/div>\n\t\t<\/div>\n\t\t\t\t\t<\/div>\n\t\t<\/section>\n\t\t\t\t<section class=\"elementor-section elementor-top-section elementor-element elementor-element-c1f38de elementor-section-boxed elementor-section-height-default elementor-section-height-default\" data-id=\"c1f38de\" data-element_type=\"section\" data-e-type=\"section\">\n\t\t\t\t\t\t<div class=\"elementor-container elementor-column-gap-default\">\n\t\t\t\t\t<div class=\"elementor-column elementor-col-100 elementor-top-column elementor-element elementor-element-d9b8fc5\" data-id=\"d9b8fc5\" data-element_type=\"column\" data-e-type=\"column\">\n\t\t\t<div class=\"elementor-widget-wrap elementor-element-populated\">\n\t\t\t\t\t\t<div class=\"elementor-element elementor-element-d5c13d0 elementor-widget elementor-widget-text-editor\" data-id=\"d5c13d0\" data-element_type=\"widget\" data-e-type=\"widget\" data-widget_type=\"text-editor.default\">\n\t\t\t\t<div class=\"elementor-widget-container\">\n\t\t\t\t\t\t\t\t\t<h6>Technical details:<\/h6>\n<h5>Spain, USA 2024 \/ 110 min<\/h5>\n<h6>Language:<\/h6>\n<h5>English with Czech subtitles<\/h5>\n<h6>Directed by:<\/h6>\n<h5>Pedro Almod\u00f3var<\/h5>\n<h6>With:<\/h6>\n<h5>Tilda Swinton, Julianne Moore, John Turturro, Alessandro Nivola, Juan Diego Botto, Melina Matthews, Ra\u00fal Ar\u00e9valo, Sarah Demeestere, Alex H\u00f8gh Andersen<\/h5>\t\t\t\t\t\t\t\t<\/div>\n\t\t\t\t<\/div>\n\t\t\t\t\t<\/div>\n\t\t<\/div>\n\t\t\t\t\t<\/div>\n\t\t<\/section>\n\t\t\t\t<section class=\"elementor-section elementor-top-section elementor-element elementor-element-dd5712c elementor-section-boxed elementor-section-height-default elementor-section-height-default\" data-id=\"dd5712c\" data-element_type=\"section\" data-e-type=\"section\">\n\t\t\t\t\t\t<div class=\"elementor-container elementor-column-gap-default\">\n\t\t\t\t\t<div class=\"elementor-column elementor-col-100 elementor-top-column elementor-element elementor-element-b5f4952\" data-id=\"b5f4952\" data-element_type=\"column\" data-e-type=\"column\">\n\t\t\t<div class=\"elementor-widget-wrap elementor-element-populated\">\n\t\t\t\t\t\t<div class=\"elementor-element elementor-element-96f3b61 elementor-widget elementor-widget-image\" data-id=\"96f3b61\" data-element_type=\"widget\" data-e-type=\"widget\" data-widget_type=\"image.default\">\n\t\t\t\t<div class=\"elementor-widget-container\">\n\t\t\t\t\t\t\t\t\t\t\t\t\t\t\t<img decoding=\"async\" width=\"1600\" height=\"900\" src=\"https:\/\/variace.kviff.com\/wp-content\/uploads\/2024\/10\/variace-detail-almodovar.jpg\" class=\"attachment-full size-full wp-image-6525\" alt=\"\" srcset=\"https:\/\/variace.kviff.com\/wp-content\/uploads\/2024\/10\/variace-detail-almodovar.jpg 1600w, https:\/\/variace.kviff.com\/wp-content\/uploads\/2024\/10\/variace-detail-almodovar-300x169.jpg 300w, https:\/\/variace.kviff.com\/wp-content\/uploads\/2024\/10\/variace-detail-almodovar-1024x576.jpg 1024w, https:\/\/variace.kviff.com\/wp-content\/uploads\/2024\/10\/variace-detail-almodovar-768x432.jpg 768w, https:\/\/variace.kviff.com\/wp-content\/uploads\/2024\/10\/variace-detail-almodovar-1536x864.jpg 1536w\" sizes=\"(max-width: 1600px) 100vw, 1600px\" \/>\t\t\t\t\t\t\t\t\t\t\t\t\t\t\t<\/div>\n\t\t\t\t<\/div>\n\t\t\t\t<div class=\"elementor-element elementor-element-bfc73ba elementor-widget elementor-widget-text-editor\" data-id=\"bfc73ba\" data-element_type=\"widget\" data-e-type=\"widget\" data-widget_type=\"text-editor.default\">\n\t\t\t\t<div class=\"elementor-widget-container\">\n\t\t\t\t\t\t\t\t\t<span class=\"h2-small\" style=\"font-weight: 400;\">Pedro Almod\u00f3var <\/span>\n<h4 style=\"text-transform: uppercase;\">(1949, Spain)<\/h4>\n<h5 style=\"font-weight: 400;\">Selected filmography: Matador (1986), Women on the Verge of a Nervous Breakdown (1988), Tie Me Up! Tie Me Down! (1989), High Heels (1991), All About My Mother (1999), Talk to Her (2002), Bad Education (2004), Volver (2006), The Skin I Live In (2011), Parallel Mothers (2021), The Room Next Door (2024)<\/h5>\n&nbsp;\t\t\t\t\t\t\t\t<\/div>\n\t\t\t\t<\/div>\n\t\t\t\t\t<\/div>\n\t\t<\/div>\n\t\t\t\t\t<\/div>\n\t\t<\/section>\n\t\t\t\t<section class=\"elementor-section elementor-top-section elementor-element elementor-element-8401f75 elementor-section-boxed elementor-section-height-default elementor-section-height-default\" data-id=\"8401f75\" data-element_type=\"section\" data-e-type=\"section\">\n\t\t\t\t\t\t<div class=\"elementor-container elementor-column-gap-default\">\n\t\t\t\t\t<div class=\"elementor-column elementor-col-100 elementor-top-column elementor-element elementor-element-6c7a76f\" data-id=\"6c7a76f\" data-element_type=\"column\" data-e-type=\"column\">\n\t\t\t<div class=\"elementor-widget-wrap elementor-element-populated\">\n\t\t\t\t\t\t<div class=\"elementor-element elementor-element-fa29e53 elementor-widget elementor-widget-button\" data-id=\"fa29e53\" data-element_type=\"widget\" data-e-type=\"widget\" data-widget_type=\"button.default\">\n\t\t\t\t<div class=\"elementor-widget-container\">\n\t\t\t\t\t\t\t\t\t<div class=\"elementor-button-wrapper\">\n\t\t\t\t\t<a class=\"elementor-button elementor-button-link elementor-size-md\" href=\"https:\/\/variace.kviff.com\/en\/en-2024\/#program\">\n\t\t\t\t\t\t<span class=\"elementor-button-content-wrapper\">\n\t\t\t\t\t\t\t\t\t<span class=\"elementor-button-text\">Back to program<\/span>\n\t\t\t\t\t<\/span>\n\t\t\t\t\t<\/a>\n\t\t\t\t<\/div>\n\t\t\t\t\t\t\t\t<\/div>\n\t\t\t\t<\/div>\n\t\t\t\t\t<\/div>\n\t\t<\/div>\n\t\t\t\t\t<\/div>\n\t\t<\/section>\n\t\t\t\t<\/div>","protected":false},"excerpt":{"rendered":"<p>The Room Next Door Saturday, November 23, 3pm, Imperial Baths Tickets After twenty-three memorable films representing a truly captivating chapter in the history of Spanish cinema, Pedro Almod\u00f3var (who recently celebrated his seventy-fifth birthday) presents his first English-language feature. With this elegantly contemplative film, he once proves again that a finely polished style and colorfully [&hellip;]<\/p>\n","protected":false},"author":1,"featured_media":6518,"parent":0,"menu_order":0,"comment_status":"closed","ping_status":"closed","template":"","meta":{"_seopress_robots_primary_cat":"","_seopress_titles_title":"The Room Next Door \/ Variations 2024 \/ Karlovy Vary","_seopress_titles_desc":"Saturday, November 23, 3pm, Imperial Baths","_seopress_robots_index":"","footnotes":""},"class_list":["post-6538","page","type-page","status-publish","has-post-thumbnail","hentry"],"_links":{"self":[{"href":"https:\/\/variace.kviff.com\/en\/wp-json\/wp\/v2\/pages\/6538","targetHints":{"allow":["GET"]}}],"collection":[{"href":"https:\/\/variace.kviff.com\/en\/wp-json\/wp\/v2\/pages"}],"about":[{"href":"https:\/\/variace.kviff.com\/en\/wp-json\/wp\/v2\/types\/page"}],"author":[{"embeddable":true,"href":"https:\/\/variace.kviff.com\/en\/wp-json\/wp\/v2\/users\/1"}],"replies":[{"embeddable":true,"href":"https:\/\/variace.kviff.com\/en\/wp-json\/wp\/v2\/comments?post=6538"}],"version-history":[{"count":41,"href":"https:\/\/variace.kviff.com\/en\/wp-json\/wp\/v2\/pages\/6538\/revisions"}],"predecessor-version":[{"id":6876,"href":"https:\/\/variace.kviff.com\/en\/wp-json\/wp\/v2\/pages\/6538\/revisions\/6876"}],"wp:featuredmedia":[{"embeddable":true,"href":"https:\/\/variace.kviff.com\/en\/wp-json\/wp\/v2\/media\/6518"}],"wp:attachment":[{"href":"https:\/\/variace.kviff.com\/en\/wp-json\/wp\/v2\/media?parent=6538"}],"curies":[{"name":"wp","href":"https:\/\/api.w.org\/{rel}","templated":true}]}}