{"id":7300,"date":"2025-10-01T07:42:42","date_gmt":"2025-10-01T07:42:42","guid":{"rendered":"https:\/\/variace.kviff.com\/?page_id=7300"},"modified":"2025-10-29T16:03:07","modified_gmt":"2025-10-29T16:03:07","slug":"variace-mezi-filmem-a-hudbou","status":"publish","type":"page","link":"https:\/\/variace.kviff.com\/en\/variace-mezi-filmem-a-hudbou\/","title":{"rendered":"Variations Between Film and Music"},"content":{"rendered":"<div data-elementor-type=\"wp-page\" data-elementor-id=\"7300\" class=\"elementor elementor-7300\" data-elementor-post-type=\"page\">\n\t\t\t\t\t\t<section class=\"elementor-section elementor-top-section elementor-element elementor-element-0f5b2e3 elementor-section-full_width elementor-hidden-tablet elementor-hidden-mobile elementor-section-height-default elementor-section-height-default\" data-id=\"0f5b2e3\" data-element_type=\"section\" data-e-type=\"section\">\n\t\t\t\t\t\t<div class=\"elementor-container elementor-column-gap-no\">\n\t\t\t\t\t<div class=\"elementor-column elementor-col-100 elementor-top-column elementor-element elementor-element-fe034cc\" data-id=\"fe034cc\" data-element_type=\"column\" data-e-type=\"column\">\n\t\t\t<div class=\"elementor-widget-wrap elementor-element-populated\">\n\t\t\t\t\t\t<div class=\"elementor-element elementor-element-0a0297f elementor-widget elementor-widget-image\" data-id=\"0a0297f\" data-element_type=\"widget\" data-e-type=\"widget\" data-widget_type=\"image.default\">\n\t\t\t\t<div class=\"elementor-widget-container\">\n\t\t\t\t\t\t\t\t\t\t\t\t\t\t\t<img fetchpriority=\"high\" decoding=\"async\" width=\"1920\" height=\"750\" src=\"https:\/\/variace.kviff.com\/wp-content\/uploads\/2025\/10\/variace-kviff-fotky-detail-2025-variace-mezi-filmem-a-hudbou.jpg\" class=\"attachment-full size-full wp-image-7304\" alt=\"\" srcset=\"https:\/\/variace.kviff.com\/wp-content\/uploads\/2025\/10\/variace-kviff-fotky-detail-2025-variace-mezi-filmem-a-hudbou.jpg 1920w, https:\/\/variace.kviff.com\/wp-content\/uploads\/2025\/10\/variace-kviff-fotky-detail-2025-variace-mezi-filmem-a-hudbou-300x117.jpg 300w, https:\/\/variace.kviff.com\/wp-content\/uploads\/2025\/10\/variace-kviff-fotky-detail-2025-variace-mezi-filmem-a-hudbou-1024x400.jpg 1024w, https:\/\/variace.kviff.com\/wp-content\/uploads\/2025\/10\/variace-kviff-fotky-detail-2025-variace-mezi-filmem-a-hudbou-768x300.jpg 768w, https:\/\/variace.kviff.com\/wp-content\/uploads\/2025\/10\/variace-kviff-fotky-detail-2025-variace-mezi-filmem-a-hudbou-1536x600.jpg 1536w\" sizes=\"(max-width: 1920px) 100vw, 1920px\" \/>\t\t\t\t\t\t\t\t\t\t\t\t\t\t\t<\/div>\n\t\t\t\t<\/div>\n\t\t\t\t\t<\/div>\n\t\t<\/div>\n\t\t\t\t\t<\/div>\n\t\t<\/section>\n\t\t\t\t<section class=\"elementor-section elementor-top-section elementor-element elementor-element-bd8c347 elementor-section-full_width elementor-hidden-desktop elementor-section-height-default elementor-section-height-default\" data-id=\"bd8c347\" data-element_type=\"section\" data-e-type=\"section\">\n\t\t\t\t\t\t<div class=\"elementor-container elementor-column-gap-no\">\n\t\t\t\t\t<div class=\"elementor-column elementor-col-100 elementor-top-column elementor-element elementor-element-9bfccd1\" data-id=\"9bfccd1\" data-element_type=\"column\" data-e-type=\"column\">\n\t\t\t<div class=\"elementor-widget-wrap elementor-element-populated\">\n\t\t\t\t\t\t<div class=\"elementor-element elementor-element-7eb5f4b elementor-widget elementor-widget-image\" data-id=\"7eb5f4b\" data-element_type=\"widget\" data-e-type=\"widget\" data-widget_type=\"image.default\">\n\t\t\t\t<div class=\"elementor-widget-container\">\n\t\t\t\t\t\t\t\t\t\t\t\t\t\t\t<img decoding=\"async\" width=\"1920\" height=\"1080\" src=\"https:\/\/variace.kviff.com\/wp-content\/uploads\/2025\/10\/variace-kviff-fotky-detail-full-2025-variace-mezi-filmem-a-hudbou.jpg\" class=\"attachment-full size-full wp-image-7302\" alt=\"\" srcset=\"https:\/\/variace.kviff.com\/wp-content\/uploads\/2025\/10\/variace-kviff-fotky-detail-full-2025-variace-mezi-filmem-a-hudbou.jpg 1920w, https:\/\/variace.kviff.com\/wp-content\/uploads\/2025\/10\/variace-kviff-fotky-detail-full-2025-variace-mezi-filmem-a-hudbou-300x169.jpg 300w, https:\/\/variace.kviff.com\/wp-content\/uploads\/2025\/10\/variace-kviff-fotky-detail-full-2025-variace-mezi-filmem-a-hudbou-1024x576.jpg 1024w, https:\/\/variace.kviff.com\/wp-content\/uploads\/2025\/10\/variace-kviff-fotky-detail-full-2025-variace-mezi-filmem-a-hudbou-768x432.jpg 768w, https:\/\/variace.kviff.com\/wp-content\/uploads\/2025\/10\/variace-kviff-fotky-detail-full-2025-variace-mezi-filmem-a-hudbou-1536x864.jpg 1536w\" sizes=\"(max-width: 1920px) 100vw, 1920px\" \/>\t\t\t\t\t\t\t\t\t\t\t\t\t\t\t<\/div>\n\t\t\t\t<\/div>\n\t\t\t\t\t<\/div>\n\t\t<\/div>\n\t\t\t\t\t<\/div>\n\t\t<\/section>\n\t\t\t\t<section class=\"elementor-section elementor-top-section elementor-element elementor-element-7976097 elementor-section-boxed elementor-section-height-default elementor-section-height-default\" data-id=\"7976097\" data-element_type=\"section\" data-e-type=\"section\">\n\t\t\t\t\t\t<div class=\"elementor-container elementor-column-gap-default\">\n\t\t\t\t\t<div class=\"elementor-column elementor-col-100 elementor-top-column elementor-element elementor-element-c9f0559\" data-id=\"c9f0559\" data-element_type=\"column\" data-e-type=\"column\">\n\t\t\t<div class=\"elementor-widget-wrap elementor-element-populated\">\n\t\t\t\t\t\t<div class=\"elementor-element elementor-element-f237748 elementor-widget elementor-widget-text-editor\" data-id=\"f237748\" data-element_type=\"widget\" data-e-type=\"widget\" data-widget_type=\"text-editor.default\">\n\t\t\t\t<div class=\"elementor-widget-container\">\n\t\t\t\t\t\t\t\t\t<h1><span style=\"font-weight: 400;\">Variations Between Film and Music <\/span><\/h1>\t\t\t\t\t\t\t\t<\/div>\n\t\t\t\t<\/div>\n\t\t\t\t<div class=\"elementor-element elementor-element-c23792d elementor-widget elementor-widget-text-editor\" data-id=\"c23792d\" data-element_type=\"widget\" data-e-type=\"widget\" data-widget_type=\"text-editor.default\">\n\t\t\t\t<div class=\"elementor-widget-container\">\n\t\t\t\t\t\t\t\t\t<p><span style=\"font-weight: 400;\"><span class=\"TextRun SCXW149367171 BCX0\" lang=\"CS-CZ\" xml:lang=\"CS-CZ\" data-contrast=\"auto\"><span class=\"NormalTextRun SCXW149367171 BCX0\">Fri 21 November 2025<\/span><\/span><span class=\"TextRun SCXW149367171 BCX0\" lang=\"CS-CZ\" xml:lang=\"CS-CZ\" data-contrast=\"auto\"> \/ <span class=\"NormalTextRun SCXW149367171 BCX0\">8 pm \/ Karlovy Vary Municipal Theatre<\/span><\/span><\/span><\/p>\t\t\t\t\t\t\t\t<\/div>\n\t\t\t\t<\/div>\n\t\t\t\t<div class=\"elementor-element elementor-element-b198324 elementor-widget elementor-widget-button\" data-id=\"b198324\" data-element_type=\"widget\" data-e-type=\"widget\" data-widget_type=\"button.default\">\n\t\t\t\t<div class=\"elementor-widget-container\">\n\t\t\t\t\t\t\t\t\t<div class=\"elementor-button-wrapper\">\n\t\t\t\t\t<a class=\"elementor-button elementor-button-link elementor-size-md\" href=\"https:\/\/tickets.colosseum.eu\/kmd\/standard\/Hall\/Index\/3840052\/P2HasCM8ZDv9pRmdQxxfsQ_rov__rov__xcodex_AGA1gFbU4whuNwAY2RVWt8_com_eGrH2ZQav7PU9_com_Q__?\" target=\"_blank\">\n\t\t\t\t\t\t<span class=\"elementor-button-content-wrapper\">\n\t\t\t\t\t\t\t\t\t<span class=\"elementor-button-text\">Tickets<\/span>\n\t\t\t\t\t<\/span>\n\t\t\t\t\t<\/a>\n\t\t\t\t<\/div>\n\t\t\t\t\t\t\t\t<\/div>\n\t\t\t\t<\/div>\n\t\t\t\t\t<\/div>\n\t\t<\/div>\n\t\t\t\t\t<\/div>\n\t\t<\/section>\n\t\t\t\t<section class=\"elementor-section elementor-top-section elementor-element elementor-element-9829579 elementor-section-boxed elementor-section-height-default elementor-section-height-default\" data-id=\"9829579\" data-element_type=\"section\" data-e-type=\"section\">\n\t\t\t\t\t\t<div class=\"elementor-container elementor-column-gap-default\">\n\t\t\t\t\t<div class=\"elementor-column elementor-col-100 elementor-top-column elementor-element elementor-element-5eb0a7d\" data-id=\"5eb0a7d\" data-element_type=\"column\" data-e-type=\"column\">\n\t\t\t<div class=\"elementor-widget-wrap elementor-element-populated\">\n\t\t\t\t\t\t<div class=\"elementor-element elementor-element-eabbc5f elementor-widget elementor-widget-text-editor\" data-id=\"eabbc5f\" data-element_type=\"widget\" data-e-type=\"widget\" data-widget_type=\"text-editor.default\">\n\t\t\t\t<div class=\"elementor-widget-container\">\n\t\t\t\t\t\t\t\t\t<p><span class=\"h3-small\" style=\"font-weight: 400;\">An exclusive selection of music, performed by the Czech Philharmonic under the direction of American star conductor Keith Lockhart. Besides Korngold\u2019s Violin Concerto in D Major featuring concertmaster Ji\u0159\u00ed Vodi\u010dka, audiences will also hear Mozart\u2019s Symphony No. 25 in G Minor, the Adagio from Jan\u00e1\u010dek\u2019s Idyll for Strings, and a cinematic orchestral suite by William Walton.  <\/span> \u00a0 \u00a0<\/p>\t\t\t\t\t\t\t\t<\/div>\n\t\t\t\t<\/div>\n\t\t\t\t\t<\/div>\n\t\t<\/div>\n\t\t\t\t\t<\/div>\n\t\t<\/section>\n\t\t\t\t<section class=\"elementor-section elementor-top-section elementor-element elementor-element-c1f38de elementor-section-boxed elementor-section-height-default elementor-section-height-default\" data-id=\"c1f38de\" data-element_type=\"section\" data-e-type=\"section\">\n\t\t\t\t\t\t<div class=\"elementor-container elementor-column-gap-default\">\n\t\t\t\t\t<div class=\"elementor-column elementor-col-100 elementor-top-column elementor-element elementor-element-d9b8fc5\" data-id=\"d9b8fc5\" data-element_type=\"column\" data-e-type=\"column\">\n\t\t\t<div class=\"elementor-widget-wrap elementor-element-populated\">\n\t\t\t\t\t\t<div class=\"elementor-element elementor-element-d5c13d0 elementor-widget elementor-widget-text-editor\" data-id=\"d5c13d0\" data-element_type=\"widget\" data-e-type=\"widget\" data-widget_type=\"text-editor.default\">\n\t\t\t\t<div class=\"elementor-widget-container\">\n\t\t\t\t\t\t\t\t\t<h6>Program:<\/h6><h5>Wolfgang Amadeus Mozart: Symphony No. 25 in G Minor, K\u202f183<br \/>Erich Wolfgang Korngold: Violin Concerto in D Major,\u202fOp.\u202f35<br \/>Josef Myslive\u010dek: Ezio, overture to the opera <br \/>Leo\u0161 Jan\u00e1\u010dek: Idyll for Strings: Adagio <br \/>William Walton (arr. Muir Mathieson): Orchestral suite<\/h5><h6>Performed by:<\/h6><h5>Czech Philharmonic<br \/>Ji\u0159\u00ed Vodi\u010dka - violin <br \/>Keith Lockhart - conductor<\/h5>\t\t\t\t\t\t\t\t<\/div>\n\t\t\t\t<\/div>\n\t\t\t\t\t<\/div>\n\t\t<\/div>\n\t\t\t\t\t<\/div>\n\t\t<\/section>\n\t\t\t\t<section class=\"elementor-section elementor-top-section elementor-element elementor-element-65c6d37 elementor-section-boxed elementor-section-height-default elementor-section-height-default\" data-id=\"65c6d37\" data-element_type=\"section\" data-e-type=\"section\">\n\t\t\t\t\t\t<div class=\"elementor-container elementor-column-gap-default\">\n\t\t\t\t\t<div class=\"elementor-column elementor-col-100 elementor-top-column elementor-element elementor-element-8263b14\" data-id=\"8263b14\" data-element_type=\"column\" data-e-type=\"column\">\n\t\t\t<div class=\"elementor-widget-wrap elementor-element-populated\">\n\t\t\t\t\t\t<div class=\"elementor-element elementor-element-fd14483 elementor-widget elementor-widget-text-editor\" data-id=\"fd14483\" data-element_type=\"widget\" data-e-type=\"widget\" data-widget_type=\"text-editor.default\">\n\t\t\t\t<div class=\"elementor-widget-container\">\n\t\t\t\t\t\t\t\t\t<p><span class=\"h2-small\" style=\"font-weight: 400;\">About program <\/span><\/p>\n<h5><span style=\"font-weight: 400;\">This November, the Karlovy Vary International Film Festival and the Czech Philharmonic join forces for the fifth time to enrich Karlovy Vary\u2019s autumn cultural season with an exclusive program of events. Classical music fans will have the unique opportunity to enjoy a concert by the country\u2019s leading orchestra in the intimate setting of the Karlovy Vary Municipal Theater. The program features works by renowned composers presented under the direction of American star conductor Keith Lockhart, with solo violin performed by the Czech Philharmonic\u2019s concertmaster Ji\u0159\u00ed Vodi\u010dka. <\/span><\/h5>\t\t\t\t\t\t\t\t<\/div>\n\t\t\t\t<\/div>\n\t\t\t\t\t<\/div>\n\t\t<\/div>\n\t\t\t\t\t<\/div>\n\t\t<\/section>\n\t\t\t\t<section class=\"elementor-section elementor-top-section elementor-element elementor-element-dd5712c elementor-hidden-desktop elementor-hidden-tablet elementor-hidden-mobile elementor-section-boxed elementor-section-height-default elementor-section-height-default\" data-id=\"dd5712c\" data-element_type=\"section\" data-e-type=\"section\">\n\t\t\t\t\t\t<div class=\"elementor-container elementor-column-gap-default\">\n\t\t\t\t\t<div class=\"elementor-column elementor-col-100 elementor-top-column elementor-element elementor-element-b5f4952\" data-id=\"b5f4952\" data-element_type=\"column\" data-e-type=\"column\">\n\t\t\t<div class=\"elementor-widget-wrap elementor-element-populated\">\n\t\t\t\t\t\t<div class=\"elementor-element elementor-element-4474e1f elementor-widget elementor-widget-image\" data-id=\"4474e1f\" data-element_type=\"widget\" data-e-type=\"widget\" data-widget_type=\"image.default\">\n\t\t\t\t<div class=\"elementor-widget-container\">\n\t\t\t\t\t\t\t\t\t\t\t\t\t\t\t<img decoding=\"async\" width=\"1600\" height=\"900\" src=\"https:\/\/variace.kviff.com\/wp-content\/uploads\/2024\/10\/variace-detail-portret-irena-jakubcova.jpg\" class=\"attachment-full size-full wp-image-5417\" alt=\"\" srcset=\"https:\/\/variace.kviff.com\/wp-content\/uploads\/2024\/10\/variace-detail-portret-irena-jakubcova.jpg 1600w, https:\/\/variace.kviff.com\/wp-content\/uploads\/2024\/10\/variace-detail-portret-irena-jakubcova-300x169.jpg 300w, https:\/\/variace.kviff.com\/wp-content\/uploads\/2024\/10\/variace-detail-portret-irena-jakubcova-1024x576.jpg 1024w, https:\/\/variace.kviff.com\/wp-content\/uploads\/2024\/10\/variace-detail-portret-irena-jakubcova-768x432.jpg 768w, https:\/\/variace.kviff.com\/wp-content\/uploads\/2024\/10\/variace-detail-portret-irena-jakubcova-1536x864.jpg 1536w\" sizes=\"(max-width: 1600px) 100vw, 1600px\" \/>\t\t\t\t\t\t\t\t\t\t\t\t\t\t\t<\/div>\n\t\t\t\t<\/div>\n\t\t\t\t<div class=\"elementor-element elementor-element-bfc73ba elementor-widget elementor-widget-text-editor\" data-id=\"bfc73ba\" data-element_type=\"widget\" data-e-type=\"widget\" data-widget_type=\"text-editor.default\">\n\t\t\t\t<div class=\"elementor-widget-container\">\n\t\t\t\t\t\t\t\t\t<span class=\"h2-small\">Irena Jakubcov\u00e1<\/span>\n<h5><span style=\"font-weight: 400;\">Irena Jakubcov\u00e1 je od roku 2012 \u010dlenkou \u010cesk\u00e9 filharmonie, kde zast\u00e1v\u00e1 post z\u00e1stupce koncertn\u00edho mistra. Poch\u00e1z\u00ed z muzikantsk\u00e9 rodiny s v\u00edce ne\u017e stoletou tradic\u00ed \u2013 na housle za\u010dala hr\u00e1t ji\u017e v p\u011bti letech.\nAbsolvovala Konzervato\u0159 v Plzni a na Akademii m\u00fazick\u00fdch um\u011bn\u00ed v Praze studovala bakal\u00e1\u0159sk\u00fd a magistersk\u00fd stupe\u0148 ve t\u0159\u00edd\u011b profesora Ivana \u0160trause. Vystoupila n\u011bkolikr\u00e1t jako s\u00f3listka s Plze\u0148skou filharmoni\u00ed, s \u010ceskou filharmoni\u00ed vystoupila s\u00f3lov\u011b pod taktovkou Jakuba Hr\u016f\u0161i ke 100. v\u00fdro\u010d\u00ed narozen\u00ed skladatelky V\u00edt\u011bzslavy Kapr\u00e1lov\u00e9. V roce 2003 byla \u010dlenkou Pra\u017esk\u00e9 komorn\u00ed filharmonie, kde m\u011bla mo\u017enost tak\u00e9 vystupovat s\u00f3lov\u011b. V letech 2007 a\u017e 2010 byla \u010dlenkou Kvarteta Martin\u016f, v sou\u010dasnosti je \u010dlenkou Jan\u00e1\u010dkova tria a Sexteta \u010desk\u00fdch filharmonik\u016f.\n<\/span><\/h5>\t\t\t\t\t\t\t\t<\/div>\n\t\t\t\t<\/div>\n\t\t\t\t\t<\/div>\n\t\t<\/div>\n\t\t\t\t\t<\/div>\n\t\t<\/section>\n\t\t\t\t<section class=\"elementor-section elementor-top-section elementor-element elementor-element-726650c elementor-hidden-desktop elementor-hidden-tablet elementor-hidden-mobile elementor-section-boxed elementor-section-height-default elementor-section-height-default\" data-id=\"726650c\" data-element_type=\"section\" data-e-type=\"section\">\n\t\t\t\t\t\t<div class=\"elementor-container elementor-column-gap-default\">\n\t\t\t\t\t<div class=\"elementor-column elementor-col-100 elementor-top-column elementor-element elementor-element-b0fee17\" data-id=\"b0fee17\" data-element_type=\"column\" data-e-type=\"column\">\n\t\t\t<div class=\"elementor-widget-wrap elementor-element-populated\">\n\t\t\t\t\t\t<div class=\"elementor-element elementor-element-75a0bd6 elementor-widget elementor-widget-image\" data-id=\"75a0bd6\" data-element_type=\"widget\" data-e-type=\"widget\" data-widget_type=\"image.default\">\n\t\t\t\t<div class=\"elementor-widget-container\">\n\t\t\t\t\t\t\t\t\t\t\t\t\t\t\t<img loading=\"lazy\" decoding=\"async\" width=\"1600\" height=\"900\" src=\"https:\/\/variace.kviff.com\/wp-content\/uploads\/2024\/10\/variace-detail-portret-stanislav-masaryk.jpg\" class=\"attachment-full size-full wp-image-5415\" alt=\"\" srcset=\"https:\/\/variace.kviff.com\/wp-content\/uploads\/2024\/10\/variace-detail-portret-stanislav-masaryk.jpg 1600w, https:\/\/variace.kviff.com\/wp-content\/uploads\/2024\/10\/variace-detail-portret-stanislav-masaryk-300x169.jpg 300w, https:\/\/variace.kviff.com\/wp-content\/uploads\/2024\/10\/variace-detail-portret-stanislav-masaryk-1024x576.jpg 1024w, https:\/\/variace.kviff.com\/wp-content\/uploads\/2024\/10\/variace-detail-portret-stanislav-masaryk-768x432.jpg 768w, https:\/\/variace.kviff.com\/wp-content\/uploads\/2024\/10\/variace-detail-portret-stanislav-masaryk-1536x864.jpg 1536w\" sizes=\"(max-width: 1600px) 100vw, 1600px\" \/>\t\t\t\t\t\t\t\t\t\t\t\t\t\t\t<\/div>\n\t\t\t\t<\/div>\n\t\t\t\t<div class=\"elementor-element elementor-element-49d3711 elementor-widget elementor-widget-text-editor\" data-id=\"49d3711\" data-element_type=\"widget\" data-e-type=\"widget\" data-widget_type=\"text-editor.default\">\n\t\t\t\t<div class=\"elementor-widget-container\">\n\t\t\t\t\t\t\t\t\t<p><span class=\"h2-small\">Stanislav Masaryk<\/span><\/p><h5><span style=\"font-weight: 400;\">Since September 2020 he has been a member of the Czech Philharmonic, where he holds the position of first trumpeter. He has also performed as a soloist with the Czech Philharmonic under the baton of principal guest conductor Tom\u00e1\u0161 Netopil and chief conductor Semyon Bychkov. As an exceptional student aged 13, he joined the class of JUDr. Michal Jano\u0161 at the Bratislava Conservatory and was enrolled there in the following year. He later continued at the Academy of Performing Arts in Bratislava. He was awarded the 1st prize and the title of the overall winner at the International Competition for Wind Instruments Brno 2017 among more than 60 trumpet players from the Visegrad Four countries. From 2009 to 2020 he was a member of the Bratislava Hot Serenaders hot-jazz orchestra, in 2012\u20132015, he was a member of the Slovak Radio Symphony Orchestra. From 2012 to 2019, he was the principal trumpeter of the Slovak National Theatre Opera Orchestra, with small breaks. In 2017 and 2018 he was the first trumpeter in the orchestra of the National Theatre Prague. During that time, he started regularly collaborating with the Czech Philharmonic.<\/span><\/h5><p>\u00a0<\/p><p>\u00a0<\/p>\t\t\t\t\t\t\t\t<\/div>\n\t\t\t\t<\/div>\n\t\t\t\t\t<\/div>\n\t\t<\/div>\n\t\t\t\t\t<\/div>\n\t\t<\/section>\n\t\t\t\t<section class=\"elementor-section elementor-top-section elementor-element elementor-element-bf1a853 elementor-section-boxed elementor-section-height-default elementor-section-height-default\" data-id=\"bf1a853\" data-element_type=\"section\" data-e-type=\"section\">\n\t\t\t\t\t\t<div class=\"elementor-container elementor-column-gap-default\">\n\t\t\t\t\t<div class=\"elementor-column elementor-col-100 elementor-top-column elementor-element elementor-element-88f70f9\" data-id=\"88f70f9\" data-element_type=\"column\" data-e-type=\"column\">\n\t\t\t<div class=\"elementor-widget-wrap elementor-element-populated\">\n\t\t\t\t\t\t<div class=\"elementor-element elementor-element-446e1f4 elementor-widget elementor-widget-button\" data-id=\"446e1f4\" data-element_type=\"widget\" data-e-type=\"widget\" data-widget_type=\"button.default\">\n\t\t\t\t<div class=\"elementor-widget-container\">\n\t\t\t\t\t\t\t\t\t<div class=\"elementor-button-wrapper\">\n\t\t\t\t\t<a class=\"elementor-button elementor-button-link elementor-size-md\" href=\"https:\/\/variace.kviff.com\/en\/#program\">\n\t\t\t\t\t\t<span class=\"elementor-button-content-wrapper\">\n\t\t\t\t\t\t\t\t\t<span class=\"elementor-button-text\">Back to program<\/span>\n\t\t\t\t\t<\/span>\n\t\t\t\t\t<\/a>\n\t\t\t\t<\/div>\n\t\t\t\t\t\t\t\t<\/div>\n\t\t\t\t<\/div>\n\t\t\t\t\t<\/div>\n\t\t<\/div>\n\t\t\t\t\t<\/div>\n\t\t<\/section>\n\t\t\t\t<\/div>","protected":false},"excerpt":{"rendered":"<p>Sobota 23. listopadu \/ 14:30 \/ V\u0159\u00eddeln\u00ed kolon\u00e1da \/ Vstup zdarma<\/p>","protected":false},"author":1,"featured_media":5367,"parent":0,"menu_order":0,"comment_status":"closed","ping_status":"closed","template":"","meta":{"_seopress_robots_primary_cat":"","_seopress_titles_title":"Albinoni, Dvo\u0159\u00e1k ve V\u0159\u00eddeln\u00ed kolon\u00e1d\u011b","_seopress_titles_desc":"Sobota 23. listopadu \/ 14:30 \/ V\u0159\u00eddeln\u00ed kolon\u00e1da \/ Vstup zdarma","_seopress_robots_index":"","footnotes":""},"class_list":["post-7300","page","type-page","status-publish","has-post-thumbnail","hentry"],"_links":{"self":[{"href":"https:\/\/variace.kviff.com\/en\/wp-json\/wp\/v2\/pages\/7300","targetHints":{"allow":["GET"]}}],"collection":[{"href":"https:\/\/variace.kviff.com\/en\/wp-json\/wp\/v2\/pages"}],"about":[{"href":"https:\/\/variace.kviff.com\/en\/wp-json\/wp\/v2\/types\/page"}],"author":[{"embeddable":true,"href":"https:\/\/variace.kviff.com\/en\/wp-json\/wp\/v2\/users\/1"}],"replies":[{"embeddable":true,"href":"https:\/\/variace.kviff.com\/en\/wp-json\/wp\/v2\/comments?post=7300"}],"version-history":[{"count":49,"href":"https:\/\/variace.kviff.com\/en\/wp-json\/wp\/v2\/pages\/7300\/revisions"}],"predecessor-version":[{"id":7969,"href":"https:\/\/variace.kviff.com\/en\/wp-json\/wp\/v2\/pages\/7300\/revisions\/7969"}],"wp:featuredmedia":[{"embeddable":true,"href":"https:\/\/variace.kviff.com\/en\/wp-json\/wp\/v2\/media\/5367"}],"wp:attachment":[{"href":"https:\/\/variace.kviff.com\/en\/wp-json\/wp\/v2\/media?parent=7300"}],"curies":[{"name":"wp","href":"https:\/\/api.w.org\/{rel}","templated":true}]}}