{"id":811,"date":"2021-10-29T20:30:48","date_gmt":"2021-10-29T20:30:48","guid":{"rendered":"https:\/\/variace.kviff.com\/?page_id=811"},"modified":"2021-11-01T19:11:21","modified_gmt":"2021-11-01T19:11:21","slug":"vivaldiho-ctvero-rocnich-dob","status":"publish","type":"page","link":"https:\/\/variace.kviff.com\/en\/vivaldiho-ctvero-rocnich-dob\/","title":{"rendered":"Vivaldi\u2019s The Four Seasons"},"content":{"rendered":"<div data-elementor-type=\"wp-page\" data-elementor-id=\"811\" class=\"elementor elementor-811\" data-elementor-post-type=\"page\">\n\t\t\t\t\t\t<section class=\"elementor-section elementor-top-section elementor-element elementor-element-0f5b2e3 elementor-section-full_width elementor-hidden-tablet elementor-hidden-mobile elementor-section-height-default elementor-section-height-default\" data-id=\"0f5b2e3\" data-element_type=\"section\" data-e-type=\"section\">\n\t\t\t\t\t\t<div class=\"elementor-container elementor-column-gap-no\">\n\t\t\t\t\t<div class=\"elementor-column elementor-col-100 elementor-top-column elementor-element elementor-element-fe034cc\" data-id=\"fe034cc\" data-element_type=\"column\" data-e-type=\"column\">\n\t\t\t<div class=\"elementor-widget-wrap elementor-element-populated\">\n\t\t\t\t\t\t<div class=\"elementor-element elementor-element-0a0297f elementor-widget elementor-widget-image\" data-id=\"0a0297f\" data-element_type=\"widget\" data-e-type=\"widget\" data-widget_type=\"image.default\">\n\t\t\t\t<div class=\"elementor-widget-container\">\n\t\t\t\t\t\t\t\t\t\t\t\t\t\t\t<img fetchpriority=\"high\" decoding=\"async\" width=\"1920\" height=\"750\" src=\"https:\/\/variace.kviff.com\/wp-content\/uploads\/2021\/11\/variace-kviff-fotky-detail-1920x750-vodicka-1.jpg\" class=\"attachment-full size-full wp-image-1680\" alt=\"\" srcset=\"https:\/\/variace.kviff.com\/wp-content\/uploads\/2021\/11\/variace-kviff-fotky-detail-1920x750-vodicka-1.jpg 1920w, https:\/\/variace.kviff.com\/wp-content\/uploads\/2021\/11\/variace-kviff-fotky-detail-1920x750-vodicka-1-300x117.jpg 300w, https:\/\/variace.kviff.com\/wp-content\/uploads\/2021\/11\/variace-kviff-fotky-detail-1920x750-vodicka-1-1024x400.jpg 1024w, https:\/\/variace.kviff.com\/wp-content\/uploads\/2021\/11\/variace-kviff-fotky-detail-1920x750-vodicka-1-768x300.jpg 768w, https:\/\/variace.kviff.com\/wp-content\/uploads\/2021\/11\/variace-kviff-fotky-detail-1920x750-vodicka-1-1536x600.jpg 1536w\" sizes=\"(max-width: 1920px) 100vw, 1920px\" \/>\t\t\t\t\t\t\t\t\t\t\t\t\t\t\t<\/div>\n\t\t\t\t<\/div>\n\t\t\t\t\t<\/div>\n\t\t<\/div>\n\t\t\t\t\t<\/div>\n\t\t<\/section>\n\t\t\t\t<section class=\"elementor-section elementor-top-section elementor-element elementor-element-bd8c347 elementor-section-full_width elementor-hidden-desktop elementor-section-height-default elementor-section-height-default\" data-id=\"bd8c347\" data-element_type=\"section\" data-e-type=\"section\">\n\t\t\t\t\t\t<div class=\"elementor-container elementor-column-gap-no\">\n\t\t\t\t\t<div class=\"elementor-column elementor-col-100 elementor-top-column elementor-element elementor-element-9bfccd1\" data-id=\"9bfccd1\" data-element_type=\"column\" data-e-type=\"column\">\n\t\t\t<div class=\"elementor-widget-wrap elementor-element-populated\">\n\t\t\t\t\t\t<div class=\"elementor-element elementor-element-7eb5f4b elementor-widget elementor-widget-image\" data-id=\"7eb5f4b\" data-element_type=\"widget\" data-e-type=\"widget\" data-widget_type=\"image.default\">\n\t\t\t\t<div class=\"elementor-widget-container\">\n\t\t\t\t\t\t\t\t\t\t\t\t\t\t\t<img decoding=\"async\" width=\"1920\" height=\"1280\" src=\"https:\/\/variace.kviff.com\/wp-content\/uploads\/2021\/11\/variace-kviff-fotky-detail-1920x1280-vodicka.jpg\" class=\"attachment-full size-full wp-image-1675\" alt=\"\" srcset=\"https:\/\/variace.kviff.com\/wp-content\/uploads\/2021\/11\/variace-kviff-fotky-detail-1920x1280-vodicka.jpg 1920w, https:\/\/variace.kviff.com\/wp-content\/uploads\/2021\/11\/variace-kviff-fotky-detail-1920x1280-vodicka-300x200.jpg 300w, https:\/\/variace.kviff.com\/wp-content\/uploads\/2021\/11\/variace-kviff-fotky-detail-1920x1280-vodicka-1024x683.jpg 1024w, https:\/\/variace.kviff.com\/wp-content\/uploads\/2021\/11\/variace-kviff-fotky-detail-1920x1280-vodicka-768x512.jpg 768w, https:\/\/variace.kviff.com\/wp-content\/uploads\/2021\/11\/variace-kviff-fotky-detail-1920x1280-vodicka-1536x1024.jpg 1536w\" sizes=\"(max-width: 1920px) 100vw, 1920px\" \/>\t\t\t\t\t\t\t\t\t\t\t\t\t\t\t<\/div>\n\t\t\t\t<\/div>\n\t\t\t\t\t<\/div>\n\t\t<\/div>\n\t\t\t\t\t<\/div>\n\t\t<\/section>\n\t\t\t\t<section class=\"elementor-section elementor-top-section elementor-element elementor-element-7976097 elementor-section-boxed elementor-section-height-default elementor-section-height-default\" data-id=\"7976097\" data-element_type=\"section\" data-e-type=\"section\">\n\t\t\t\t\t\t<div class=\"elementor-container elementor-column-gap-default\">\n\t\t\t\t\t<div class=\"elementor-column elementor-col-100 elementor-top-column elementor-element elementor-element-c9f0559\" data-id=\"c9f0559\" data-element_type=\"column\" data-e-type=\"column\">\n\t\t\t<div class=\"elementor-widget-wrap elementor-element-populated\">\n\t\t\t\t\t\t<div class=\"elementor-element elementor-element-f237748 elementor-widget elementor-widget-text-editor\" data-id=\"f237748\" data-element_type=\"widget\" data-e-type=\"widget\" data-widget_type=\"text-editor.default\">\n\t\t\t\t<div class=\"elementor-widget-container\">\n\t\t\t\t\t\t\t\t\t<h1><span style=\"font-weight: 400;\">Vivaldi\u2019s The Four Seasons<\/span><\/h1>\t\t\t\t\t\t\t\t<\/div>\n\t\t\t\t<\/div>\n\t\t\t\t<div class=\"elementor-element elementor-element-c23792d elementor-widget elementor-widget-text-editor\" data-id=\"c23792d\" data-element_type=\"widget\" data-e-type=\"widget\" data-widget_type=\"text-editor.default\">\n\t\t\t\t<div class=\"elementor-widget-container\">\n\t\t\t\t\t\t\t\t\t<p><span style=\"font-weight: 400;\">Sat. 20 Nov. 2021 \/ 2 pm \/ Thermal Spring Colonnade<\/span><\/p><p><span style=\"font-weight: 400;\">Admission free<\/span><\/p>\t\t\t\t\t\t\t\t<\/div>\n\t\t\t\t<\/div>\n\t\t\t\t\t<\/div>\n\t\t<\/div>\n\t\t\t\t\t<\/div>\n\t\t<\/section>\n\t\t\t\t<section class=\"elementor-section elementor-top-section elementor-element elementor-element-9829579 elementor-section-boxed elementor-section-height-default elementor-section-height-default\" data-id=\"9829579\" data-element_type=\"section\" data-e-type=\"section\">\n\t\t\t\t\t\t<div class=\"elementor-container elementor-column-gap-default\">\n\t\t\t\t\t<div class=\"elementor-column elementor-col-100 elementor-top-column elementor-element elementor-element-5eb0a7d\" data-id=\"5eb0a7d\" data-element_type=\"column\" data-e-type=\"column\">\n\t\t\t<div class=\"elementor-widget-wrap elementor-element-populated\">\n\t\t\t\t\t\t<div class=\"elementor-element elementor-element-eabbc5f elementor-widget elementor-widget-text-editor\" data-id=\"eabbc5f\" data-element_type=\"widget\" data-e-type=\"widget\" data-widget_type=\"text-editor.default\">\n\t\t\t\t<div class=\"elementor-widget-container\">\n\t\t\t\t\t\t\t\t\t<span class=\"h3-small\" style=\"font-weight: 400;\">A chamber concert by members of the Czech Philharmonic and the Karlovy Vary Symphony Orchestra. Violin solo performed by Ji\u0159\u00ed Vodi\u010dka, concert master of the Czech Philharmonic. <\/span>\n\t\t\t\t\t\t\t\t<\/div>\n\t\t\t\t<\/div>\n\t\t\t\t\t<\/div>\n\t\t<\/div>\n\t\t\t\t\t<\/div>\n\t\t<\/section>\n\t\t\t\t<section class=\"elementor-section elementor-top-section elementor-element elementor-element-c1f38de elementor-section-boxed elementor-section-height-default elementor-section-height-default\" data-id=\"c1f38de\" data-element_type=\"section\" data-e-type=\"section\">\n\t\t\t\t\t\t<div class=\"elementor-container elementor-column-gap-default\">\n\t\t\t\t\t<div class=\"elementor-column elementor-col-100 elementor-top-column elementor-element elementor-element-d9b8fc5\" data-id=\"d9b8fc5\" data-element_type=\"column\" data-e-type=\"column\">\n\t\t\t<div class=\"elementor-widget-wrap elementor-element-populated\">\n\t\t\t\t\t\t<div class=\"elementor-element elementor-element-d5c13d0 elementor-widget elementor-widget-text-editor\" data-id=\"d5c13d0\" data-element_type=\"widget\" data-e-type=\"widget\" data-widget_type=\"text-editor.default\">\n\t\t\t\t<div class=\"elementor-widget-container\">\n\t\t\t\t\t\t\t\t\t<h6>Program:<\/h6>\n<h5>ANTONIO VIVALDI: THE FOUR SEASONS, FOUR CONCERTOS FOR VIOLIN AND STRING ORCHESTRA, OP. 8<\/h5>\n<h6>Hraje:<\/h6>\n<h5>A chamber orchestra composed of members of the Czech Philharmonic and the Karlovy Vary Symphony Orchestra<\/h5>\n<h6>Artistic director of the Czech Philharmonic:<\/h6>\n<h5>Ji\u0159\u00ed Vodi\u010dka<\/h5>\n<h6>Artistic director of the Karlovy Vary Symphony Orchestra:<\/h6>\n<h5>Jakub Sedl\u00e1\u010dek<\/h5>\n<h6>Solo violinist:<\/h6>\n<h5>Ji\u0159\u00ed Vodi\u010dka<\/h5>\n\t\t\t\t\t\t\t\t<\/div>\n\t\t\t\t<\/div>\n\t\t\t\t\t<\/div>\n\t\t<\/div>\n\t\t\t\t\t<\/div>\n\t\t<\/section>\n\t\t\t\t<section class=\"elementor-section elementor-top-section elementor-element elementor-element-1b770a2 elementor-section-boxed elementor-section-height-default elementor-section-height-default\" data-id=\"1b770a2\" data-element_type=\"section\" data-e-type=\"section\">\n\t\t\t\t\t\t<div class=\"elementor-container elementor-column-gap-default\">\n\t\t\t\t\t<div class=\"elementor-column elementor-col-100 elementor-top-column elementor-element elementor-element-a52ce1e\" data-id=\"a52ce1e\" data-element_type=\"column\" data-e-type=\"column\">\n\t\t\t<div class=\"elementor-widget-wrap elementor-element-populated\">\n\t\t\t\t\t\t<div class=\"elementor-element elementor-element-bb1a200 elementor-widget elementor-widget-text-editor\" data-id=\"bb1a200\" data-element_type=\"widget\" data-e-type=\"widget\" data-widget_type=\"text-editor.default\">\n\t\t\t\t<div class=\"elementor-widget-container\">\n\t\t\t\t\t\t\t\t\t<span class=\"h2-small\" style=\"font-weight: 400;\">Antonio Vivaldi: The Four Seasons <\/span>\n<h5><span style=\"font-weight: 400;\">Antonio Vivaldi\u2019s The Four Seasons is a groundbreaking composition that introduced an entirely new musical concept: Using the abstract language of instrumental music to depict a story and narrative in the form of bubbling streams, singing birds, a shepherd and his barking dog, the buzzing of flies, a storm, or a frozen landscape. The story of The Four Seasons is also described in a unique set of sonnets by an unknown author, although it is possible that the poems were written by Vivaldi himself.\u00a0<\/span><\/h5>\t\t\t\t\t\t\t\t<\/div>\n\t\t\t\t<\/div>\n\t\t\t\t\t<\/div>\n\t\t<\/div>\n\t\t\t\t\t<\/div>\n\t\t<\/section>\n\t\t\t\t<section class=\"elementor-section elementor-top-section elementor-element elementor-element-26ecc4c elementor-section-boxed elementor-section-height-default elementor-section-height-default\" data-id=\"26ecc4c\" data-element_type=\"section\" data-e-type=\"section\">\n\t\t\t\t\t\t<div class=\"elementor-container elementor-column-gap-default\">\n\t\t\t\t\t<div class=\"elementor-column elementor-col-100 elementor-top-column elementor-element elementor-element-c67a523\" data-id=\"c67a523\" data-element_type=\"column\" data-e-type=\"column\">\n\t\t\t<div class=\"elementor-widget-wrap elementor-element-populated\">\n\t\t\t\t\t\t<div class=\"elementor-element elementor-element-12d815e elementor-widget elementor-widget-image\" data-id=\"12d815e\" data-element_type=\"widget\" data-e-type=\"widget\" data-widget_type=\"image.default\">\n\t\t\t\t<div class=\"elementor-widget-container\">\n\t\t\t\t\t\t\t\t\t\t\t\t\t\t\t<img decoding=\"async\" width=\"1600\" height=\"900\" src=\"https:\/\/variace.kviff.com\/wp-content\/uploads\/2021\/11\/variace-kviff-fotky-detail-1600x900-vodicka-2.jpg\" class=\"attachment-full size-full wp-image-1673\" alt=\"\" srcset=\"https:\/\/variace.kviff.com\/wp-content\/uploads\/2021\/11\/variace-kviff-fotky-detail-1600x900-vodicka-2.jpg 1600w, https:\/\/variace.kviff.com\/wp-content\/uploads\/2021\/11\/variace-kviff-fotky-detail-1600x900-vodicka-2-300x169.jpg 300w, https:\/\/variace.kviff.com\/wp-content\/uploads\/2021\/11\/variace-kviff-fotky-detail-1600x900-vodicka-2-1024x576.jpg 1024w, https:\/\/variace.kviff.com\/wp-content\/uploads\/2021\/11\/variace-kviff-fotky-detail-1600x900-vodicka-2-768x432.jpg 768w, https:\/\/variace.kviff.com\/wp-content\/uploads\/2021\/11\/variace-kviff-fotky-detail-1600x900-vodicka-2-1536x864.jpg 1536w\" sizes=\"(max-width: 1600px) 100vw, 1600px\" \/>\t\t\t\t\t\t\t\t\t\t\t\t\t\t\t<\/div>\n\t\t\t\t<\/div>\n\t\t\t\t<div class=\"elementor-element elementor-element-a096c0e elementor-widget elementor-widget-text-editor\" data-id=\"a096c0e\" data-element_type=\"widget\" data-e-type=\"widget\" data-widget_type=\"text-editor.default\">\n\t\t\t\t<div class=\"elementor-widget-container\">\n\t\t\t\t\t\t\t\t\t<span class=\"h2-small\" style=\"font-weight: 400;\">Ji\u0159\u00ed Vodi\u010dka, violinist <\/span>\n<h5><span style=\"font-weight: 400;\">Soloist, chamber musician, and concert master of the Czech Philharmonic Ji\u0159\u00ed Vodi\u010dka is one of the most distinguished and sought-out Czech violinists today. Vodi\u010dka called attention to himself at a young age with several successful performances at Czech and foreign competitions. He was accepted to university at age 14, when he went to study under the renowned professor Zden\u011bk Gola at Ostrava\u2019s Institute for Artistic Studies, from which he graduated in 2007 with a master\u2019s degree. Ji\u0159\u00ed Vodi\u010dka is a regular soloist for many outstanding Czech and foreign orchestras and has been the Czech Philharmonic\u2019s concert master since 2015. He teaches at the Prague conservatory and at Ostrava University. He plays on a 1767 Joseph Gagliano violin. <\/span><\/h5>\t\t\t\t\t\t\t\t<\/div>\n\t\t\t\t<\/div>\n\t\t\t\t\t<\/div>\n\t\t<\/div>\n\t\t\t\t\t<\/div>\n\t\t<\/section>\n\t\t\t\t<section class=\"elementor-section elementor-top-section elementor-element elementor-element-1c2a411 elementor-section-boxed elementor-section-height-default elementor-section-height-default\" data-id=\"1c2a411\" data-element_type=\"section\" data-e-type=\"section\">\n\t\t\t\t\t\t<div class=\"elementor-container elementor-column-gap-default\">\n\t\t\t\t\t<div class=\"elementor-column elementor-col-100 elementor-top-column elementor-element elementor-element-d01590c\" data-id=\"d01590c\" data-element_type=\"column\" data-e-type=\"column\">\n\t\t\t<div class=\"elementor-widget-wrap elementor-element-populated\">\n\t\t\t\t\t\t<div class=\"elementor-element elementor-element-2de0503 elementor-widget elementor-widget-button\" data-id=\"2de0503\" data-element_type=\"widget\" data-e-type=\"widget\" data-widget_type=\"button.default\">\n\t\t\t\t<div class=\"elementor-widget-container\">\n\t\t\t\t\t\t\t\t\t<div class=\"elementor-button-wrapper\">\n\t\t\t\t\t<a class=\"elementor-button elementor-button-link elementor-size-md\" href=\"https:\/\/variace.kviff.com\/en\/#program\">\n\t\t\t\t\t\t<span class=\"elementor-button-content-wrapper\">\n\t\t\t\t\t\t\t\t\t<span class=\"elementor-button-text\">Back to program<\/span>\n\t\t\t\t\t<\/span>\n\t\t\t\t\t<\/a>\n\t\t\t\t<\/div>\n\t\t\t\t\t\t\t\t<\/div>\n\t\t\t\t<\/div>\n\t\t\t\t\t<\/div>\n\t\t<\/div>\n\t\t\t\t\t<\/div>\n\t\t<\/section>\n\t\t\t\t<\/div>","protected":false},"excerpt":{"rendered":"<p>Vivaldiho \u010ctvero ro\u010dn\u00edch dob Sobota 20. 11. 2021 \/ 14:00 \/ V\u0159\u00eddeln\u00ed kolon\u00e1da Vstup zdarma Slavnou skladbu zahraje zdarma pro ve\u0159ejnost Komorn\u00ed orchestr \u010dlen\u016f \u010cesk\u00e9 filharmonie a Karlovarsk\u00e9ho symfonick\u00e9ho orchestru se s\u00f3listou Ji\u0159\u00edm Vodi\u010dkou, koncertn\u00edm mistrem \u010cesk\u00e9 filharmonie. Program: Antonio Vivaldi: \u010ctvero ro\u010dn\u00edch dob, \u010dty\u0159i koncerty pro housle a smy\u010dcov\u00fd orchestr op. 8 Hraje: Komorn\u00ed [&hellip;]<\/p>\n","protected":false},"author":1,"featured_media":1036,"parent":0,"menu_order":0,"comment_status":"closed","ping_status":"closed","template":"","meta":{"_seopress_robots_primary_cat":"","_seopress_titles_title":"","_seopress_titles_desc":"Sobota 20. 11. 2021 \/ 14:00 \/ V\u0159\u00eddeln\u00ed kolon\u00e1da. Slavnou skladbu zahraje zdarma pro ve\u0159ejnost Komorn\u00ed orchestr \u010dlen\u016f \u010cesk\u00e9 filharmonie a Karlovarsk\u00e9ho symfonick\u00e9ho orchestru se s\u00f3listou Ji\u0159\u00edm Vodi\u010dkou, koncertn\u00edm mistrem \u010cesk\u00e9 filharmonie. \u010ctvero ro\u010dn\u00edch dob Antonia Vivaldiho je p\u0159elomov\u00fdm cyklem, kter\u00fd p\u0159inesl zcela novou koncepci: popis a vypr\u00e1v\u011bn\u00ed\u2026","_seopress_robots_index":"","footnotes":""},"class_list":["post-811","page","type-page","status-publish","has-post-thumbnail","hentry"],"_links":{"self":[{"href":"https:\/\/variace.kviff.com\/en\/wp-json\/wp\/v2\/pages\/811","targetHints":{"allow":["GET"]}}],"collection":[{"href":"https:\/\/variace.kviff.com\/en\/wp-json\/wp\/v2\/pages"}],"about":[{"href":"https:\/\/variace.kviff.com\/en\/wp-json\/wp\/v2\/types\/page"}],"author":[{"embeddable":true,"href":"https:\/\/variace.kviff.com\/en\/wp-json\/wp\/v2\/users\/1"}],"replies":[{"embeddable":true,"href":"https:\/\/variace.kviff.com\/en\/wp-json\/wp\/v2\/comments?post=811"}],"version-history":[{"count":184,"href":"https:\/\/variace.kviff.com\/en\/wp-json\/wp\/v2\/pages\/811\/revisions"}],"predecessor-version":[{"id":1751,"href":"https:\/\/variace.kviff.com\/en\/wp-json\/wp\/v2\/pages\/811\/revisions\/1751"}],"wp:featuredmedia":[{"embeddable":true,"href":"https:\/\/variace.kviff.com\/en\/wp-json\/wp\/v2\/media\/1036"}],"wp:attachment":[{"href":"https:\/\/variace.kviff.com\/en\/wp-json\/wp\/v2\/media?parent=811"}],"curies":[{"name":"wp","href":"https:\/\/api.w.org\/{rel}","templated":true}]}}