{"id":955,"date":"2021-10-29T22:11:16","date_gmt":"2021-10-29T22:11:16","guid":{"rendered":"https:\/\/variace.kviff.com\/?page_id=955"},"modified":"2021-11-01T17:45:53","modified_gmt":"2021-11-01T17:45:53","slug":"ceska-filharmonie-hraje-dvoraka","status":"publish","type":"page","link":"https:\/\/variace.kviff.com\/en\/ceska-filharmonie-hraje-dvoraka\/","title":{"rendered":"Czech Philharmonic performs Dvo\u0159\u00e1k"},"content":{"rendered":"<div data-elementor-type=\"wp-page\" data-elementor-id=\"955\" class=\"elementor elementor-955\" data-elementor-post-type=\"page\">\n\t\t\t\t\t\t<section class=\"elementor-section elementor-top-section elementor-element elementor-element-0f5b2e3 elementor-section-full_width elementor-hidden-tablet elementor-hidden-mobile elementor-section-height-default elementor-section-height-default\" data-id=\"0f5b2e3\" data-element_type=\"section\" data-e-type=\"section\">\n\t\t\t\t\t\t<div class=\"elementor-container elementor-column-gap-no\">\n\t\t\t\t\t<div class=\"elementor-column elementor-col-100 elementor-top-column elementor-element elementor-element-fe034cc\" data-id=\"fe034cc\" data-element_type=\"column\" data-e-type=\"column\">\n\t\t\t<div class=\"elementor-widget-wrap elementor-element-populated\">\n\t\t\t\t\t\t<div class=\"elementor-element elementor-element-0a0297f elementor-widget elementor-widget-image\" data-id=\"0a0297f\" data-element_type=\"widget\" data-e-type=\"widget\" data-widget_type=\"image.default\">\n\t\t\t\t<div class=\"elementor-widget-container\">\n\t\t\t\t\t\t\t\t\t\t\t\t\t\t\t<img fetchpriority=\"high\" decoding=\"async\" width=\"1920\" height=\"750\" src=\"https:\/\/variace.kviff.com\/wp-content\/uploads\/2021\/10\/variace-kviff-fotky-detail-1920x750-filharmonie.jpg\" class=\"attachment-full size-full wp-image-847\" alt=\"\" srcset=\"https:\/\/variace.kviff.com\/wp-content\/uploads\/2021\/10\/variace-kviff-fotky-detail-1920x750-filharmonie.jpg 1920w, https:\/\/variace.kviff.com\/wp-content\/uploads\/2021\/10\/variace-kviff-fotky-detail-1920x750-filharmonie-300x117.jpg 300w, https:\/\/variace.kviff.com\/wp-content\/uploads\/2021\/10\/variace-kviff-fotky-detail-1920x750-filharmonie-1024x400.jpg 1024w, https:\/\/variace.kviff.com\/wp-content\/uploads\/2021\/10\/variace-kviff-fotky-detail-1920x750-filharmonie-768x300.jpg 768w, https:\/\/variace.kviff.com\/wp-content\/uploads\/2021\/10\/variace-kviff-fotky-detail-1920x750-filharmonie-1536x600.jpg 1536w\" sizes=\"(max-width: 1920px) 100vw, 1920px\" \/>\t\t\t\t\t\t\t\t\t\t\t\t\t\t\t<\/div>\n\t\t\t\t<\/div>\n\t\t\t\t\t<\/div>\n\t\t<\/div>\n\t\t\t\t\t<\/div>\n\t\t<\/section>\n\t\t\t\t<section class=\"elementor-section elementor-top-section elementor-element elementor-element-bd8c347 elementor-section-full_width elementor-hidden-desktop elementor-section-height-default elementor-section-height-default\" data-id=\"bd8c347\" data-element_type=\"section\" data-e-type=\"section\">\n\t\t\t\t\t\t<div class=\"elementor-container elementor-column-gap-no\">\n\t\t\t\t\t<div class=\"elementor-column elementor-col-100 elementor-top-column elementor-element elementor-element-9bfccd1\" data-id=\"9bfccd1\" data-element_type=\"column\" data-e-type=\"column\">\n\t\t\t<div class=\"elementor-widget-wrap elementor-element-populated\">\n\t\t\t\t\t\t<div class=\"elementor-element elementor-element-7eb5f4b elementor-widget elementor-widget-image\" data-id=\"7eb5f4b\" data-element_type=\"widget\" data-e-type=\"widget\" data-widget_type=\"image.default\">\n\t\t\t\t<div class=\"elementor-widget-container\">\n\t\t\t\t\t\t\t\t\t\t\t\t\t\t\t<img decoding=\"async\" width=\"1920\" height=\"1280\" src=\"https:\/\/variace.kviff.com\/wp-content\/uploads\/2021\/10\/variace-kviff-fotky-detail-1920x1280-filharmonie.jpg\" class=\"attachment-full size-full wp-image-928\" alt=\"\" srcset=\"https:\/\/variace.kviff.com\/wp-content\/uploads\/2021\/10\/variace-kviff-fotky-detail-1920x1280-filharmonie.jpg 1920w, https:\/\/variace.kviff.com\/wp-content\/uploads\/2021\/10\/variace-kviff-fotky-detail-1920x1280-filharmonie-300x200.jpg 300w, https:\/\/variace.kviff.com\/wp-content\/uploads\/2021\/10\/variace-kviff-fotky-detail-1920x1280-filharmonie-1024x683.jpg 1024w, https:\/\/variace.kviff.com\/wp-content\/uploads\/2021\/10\/variace-kviff-fotky-detail-1920x1280-filharmonie-768x512.jpg 768w, https:\/\/variace.kviff.com\/wp-content\/uploads\/2021\/10\/variace-kviff-fotky-detail-1920x1280-filharmonie-1536x1024.jpg 1536w\" sizes=\"(max-width: 1920px) 100vw, 1920px\" \/>\t\t\t\t\t\t\t\t\t\t\t\t\t\t\t<\/div>\n\t\t\t\t<\/div>\n\t\t\t\t\t<\/div>\n\t\t<\/div>\n\t\t\t\t\t<\/div>\n\t\t<\/section>\n\t\t\t\t<section class=\"elementor-section elementor-top-section elementor-element elementor-element-7976097 elementor-section-boxed elementor-section-height-default elementor-section-height-default\" data-id=\"7976097\" data-element_type=\"section\" data-e-type=\"section\">\n\t\t\t\t\t\t<div class=\"elementor-container elementor-column-gap-default\">\n\t\t\t\t\t<div class=\"elementor-column elementor-col-100 elementor-top-column elementor-element elementor-element-c9f0559\" data-id=\"c9f0559\" data-element_type=\"column\" data-e-type=\"column\">\n\t\t\t<div class=\"elementor-widget-wrap elementor-element-populated\">\n\t\t\t\t\t\t<div class=\"elementor-element elementor-element-f237748 elementor-widget elementor-widget-text-editor\" data-id=\"f237748\" data-element_type=\"widget\" data-e-type=\"widget\" data-widget_type=\"text-editor.default\">\n\t\t\t\t<div class=\"elementor-widget-container\">\n\t\t\t\t\t\t\t\t\t<h1><span style=\"font-weight: 400;\">Czech Philharmonic performs Dvo\u0159\u00e1k<\/span><\/h1>\t\t\t\t\t\t\t\t<\/div>\n\t\t\t\t<\/div>\n\t\t\t\t<div class=\"elementor-element elementor-element-c23792d elementor-widget elementor-widget-text-editor\" data-id=\"c23792d\" data-element_type=\"widget\" data-e-type=\"widget\" data-widget_type=\"text-editor.default\">\n\t\t\t\t<div class=\"elementor-widget-container\">\n\t\t\t\t\t\t\t\t\t<span style=\"font-weight: 400;\">Sat. 20 Nov. 2021 \/ 7:30 pm \/ Karlovy Vary Municipal Theatre<\/span>\t\t\t\t\t\t\t\t<\/div>\n\t\t\t\t<\/div>\n\t\t\t\t\t<\/div>\n\t\t<\/div>\n\t\t\t\t\t<\/div>\n\t\t<\/section>\n\t\t\t\t<section class=\"elementor-section elementor-top-section elementor-element elementor-element-9829579 elementor-section-boxed elementor-section-height-default elementor-section-height-default\" data-id=\"9829579\" data-element_type=\"section\" data-e-type=\"section\">\n\t\t\t\t\t\t<div class=\"elementor-container elementor-column-gap-default\">\n\t\t\t\t\t<div class=\"elementor-column elementor-col-100 elementor-top-column elementor-element elementor-element-5eb0a7d\" data-id=\"5eb0a7d\" data-element_type=\"column\" data-e-type=\"column\">\n\t\t\t<div class=\"elementor-widget-wrap elementor-element-populated\">\n\t\t\t\t\t\t<div class=\"elementor-element elementor-element-eabbc5f elementor-widget elementor-widget-text-editor\" data-id=\"eabbc5f\" data-element_type=\"widget\" data-e-type=\"widget\" data-widget_type=\"text-editor.default\">\n\t\t\t\t<div class=\"elementor-widget-container\">\n\t\t\t\t\t\t\t\t\t<span class=\"h3-small\" style=\"font-weight: 400;\">Two iconic works by Anton\u00edn Dvo\u0159\u00e1k \u2013 his Eighth Symphony and his Cello Concerto in B minor \u2013 performed by the Czech Philharmonic, under the direction of conductor Jakub Hr\u016f\u0161a and featuring star cello soloist Kian Soltani. <\/span>\t\t\t\t\t\t\t\t<\/div>\n\t\t\t\t<\/div>\n\t\t\t\t\t<\/div>\n\t\t<\/div>\n\t\t\t\t\t<\/div>\n\t\t<\/section>\n\t\t\t\t<section class=\"elementor-section elementor-top-section elementor-element elementor-element-c1f38de elementor-section-boxed elementor-section-height-default elementor-section-height-default\" data-id=\"c1f38de\" data-element_type=\"section\" data-e-type=\"section\">\n\t\t\t\t\t\t<div class=\"elementor-container elementor-column-gap-default\">\n\t\t\t\t\t<div class=\"elementor-column elementor-col-100 elementor-top-column elementor-element elementor-element-d9b8fc5\" data-id=\"d9b8fc5\" data-element_type=\"column\" data-e-type=\"column\">\n\t\t\t<div class=\"elementor-widget-wrap elementor-element-populated\">\n\t\t\t\t\t\t<div class=\"elementor-element elementor-element-d5c13d0 elementor-widget elementor-widget-text-editor\" data-id=\"d5c13d0\" data-element_type=\"widget\" data-e-type=\"widget\" data-widget_type=\"text-editor.default\">\n\t\t\t\t<div class=\"elementor-widget-container\">\n\t\t\t\t\t\t\t\t\t<h6>Program:<\/h6>\n<h5>Anton\u00edn Dvo\u0159\u00e1k: Cello Concerto in B minor, op. 104, Anton\u00edn Dvo\u0159\u00e1k: Symphony no. 8 in G major, op. 88 \u201cEnglish\u201d\n<\/h5>\n<h6>Hraje:<\/h6>\n<h5>Czech Philharmonic<\/h5>\n<h6>CONDUCTOR:<\/h6>\n<h5>Jakub Hr\u016f\u0161a<\/h5>\n<h6>Violoncello:<\/h6>\n<h5>Kian Soltani<\/h5>\t\t\t\t\t\t\t\t<\/div>\n\t\t\t\t<\/div>\n\t\t\t\t\t<\/div>\n\t\t<\/div>\n\t\t\t\t\t<\/div>\n\t\t<\/section>\n\t\t\t\t<section class=\"elementor-section elementor-top-section elementor-element elementor-element-65c6d37 elementor-section-boxed elementor-section-height-default elementor-section-height-default\" data-id=\"65c6d37\" data-element_type=\"section\" data-e-type=\"section\">\n\t\t\t\t\t\t<div class=\"elementor-container elementor-column-gap-default\">\n\t\t\t\t\t<div class=\"elementor-column elementor-col-100 elementor-top-column elementor-element elementor-element-8263b14\" data-id=\"8263b14\" data-element_type=\"column\" data-e-type=\"column\">\n\t\t\t<div class=\"elementor-widget-wrap elementor-element-populated\">\n\t\t\t\t\t\t<div class=\"elementor-element elementor-element-fd14483 elementor-widget elementor-widget-text-editor\" data-id=\"fd14483\" data-element_type=\"widget\" data-e-type=\"widget\" data-widget_type=\"text-editor.default\">\n\t\t\t\t<div class=\"elementor-widget-container\">\n\t\t\t\t\t\t\t\t\t<span class=\"h2-small\" style=\"font-weight: 400;\">Anton\u00edn Dvo\u0159\u00e1k: Cello Concerto in B minor, op. 104<\/span>\n<h5><span style=\"font-weight: 400;\">Dvo\u0159\u00e1k\u2019s important instrumental works, including his Cello Concerto in B minor, were created during his time in America. His concerto for cello and orchestra was completed while he was still in New York, but he reworked the final sections after returning home to Bohemia. Its premiere performance on 19 March 1896 in London was conducted by Dvo\u0159\u00e1k himself and featured solo violinist Leo Stern. To this day, Dvo\u0159\u00e1k\u2019s Cello Concerto remains a highly popular part of the repertoire of the world\u2019s greatest cellists.\n<\/span><\/h5>\t\t\t\t\t\t\t\t<\/div>\n\t\t\t\t<\/div>\n\t\t\t\t\t<\/div>\n\t\t<\/div>\n\t\t\t\t\t<\/div>\n\t\t<\/section>\n\t\t\t\t<section class=\"elementor-section elementor-top-section elementor-element elementor-element-dd5712c elementor-section-boxed elementor-section-height-default elementor-section-height-default\" data-id=\"dd5712c\" data-element_type=\"section\" data-e-type=\"section\">\n\t\t\t\t\t\t<div class=\"elementor-container elementor-column-gap-default\">\n\t\t\t\t\t<div class=\"elementor-column elementor-col-100 elementor-top-column elementor-element elementor-element-b5f4952\" data-id=\"b5f4952\" data-element_type=\"column\" data-e-type=\"column\">\n\t\t\t<div class=\"elementor-widget-wrap elementor-element-populated\">\n\t\t\t\t\t\t<div class=\"elementor-element elementor-element-bfc73ba elementor-widget elementor-widget-text-editor\" data-id=\"bfc73ba\" data-element_type=\"widget\" data-e-type=\"widget\" data-widget_type=\"text-editor.default\">\n\t\t\t\t<div class=\"elementor-widget-container\">\n\t\t\t\t\t\t\t\t\t<span class=\"h2-small\">Anton\u00edn Dvo\u0159\u00e1k: Symphony no. 8 in G Major, op. 88<\/span>\n<h5><span style=\"font-weight: 400;\">Anton\u00edn Dvo\u0159\u00e1k composed his Symphony no. 8 in G Major, op. 88, in 1889. One explanation given for why it is called his \u201cEnglish\u201d symphony is that he performed it on the occasion of his being awarded an honorary doctorate from Cambridge University (1891). Much of it was written at Dvo\u0159\u00e1k\u2019s summer residence in Vysok\u00e1 u P\u0159\u00edbram\u011b, where he liked to go so that he could work amidst the quiet natural surroundings. The symphony reflects the Czech love of song, a joyful state of mind, and a full kaleidoscope of moods. It was first performed at the Rudolfinum on 2 February 1890 as part of the 13th popular concert of the Um\u011bleck\u00e1 Beseda, with Dvo\u0159\u00e1k himself conducting the National Theatre orchestra.\n<\/span><\/h5>\t\t\t\t\t\t\t\t<\/div>\n\t\t\t\t<\/div>\n\t\t\t\t\t<\/div>\n\t\t<\/div>\n\t\t\t\t\t<\/div>\n\t\t<\/section>\n\t\t\t\t<section class=\"elementor-section elementor-top-section elementor-element elementor-element-f911d6d elementor-section-boxed elementor-section-height-default elementor-section-height-default\" data-id=\"f911d6d\" data-element_type=\"section\" data-e-type=\"section\">\n\t\t\t\t\t\t<div class=\"elementor-container elementor-column-gap-default\">\n\t\t\t\t\t<div class=\"elementor-column elementor-col-100 elementor-top-column elementor-element elementor-element-545b483\" data-id=\"545b483\" data-element_type=\"column\" data-e-type=\"column\">\n\t\t\t<div class=\"elementor-widget-wrap elementor-element-populated\">\n\t\t\t\t\t\t<div class=\"elementor-element elementor-element-96f3b61 elementor-widget elementor-widget-image\" data-id=\"96f3b61\" data-element_type=\"widget\" data-e-type=\"widget\" data-widget_type=\"image.default\">\n\t\t\t\t<div class=\"elementor-widget-container\">\n\t\t\t\t\t\t\t\t\t\t\t\t\t\t\t<img decoding=\"async\" width=\"1600\" height=\"900\" src=\"https:\/\/variace.kviff.com\/wp-content\/uploads\/2021\/10\/variace-kviff-fotky-detail-1600x900-jakub-hrusa.jpg\" class=\"attachment-full size-full wp-image-989\" alt=\"\" srcset=\"https:\/\/variace.kviff.com\/wp-content\/uploads\/2021\/10\/variace-kviff-fotky-detail-1600x900-jakub-hrusa.jpg 1600w, https:\/\/variace.kviff.com\/wp-content\/uploads\/2021\/10\/variace-kviff-fotky-detail-1600x900-jakub-hrusa-300x169.jpg 300w, https:\/\/variace.kviff.com\/wp-content\/uploads\/2021\/10\/variace-kviff-fotky-detail-1600x900-jakub-hrusa-1024x576.jpg 1024w, https:\/\/variace.kviff.com\/wp-content\/uploads\/2021\/10\/variace-kviff-fotky-detail-1600x900-jakub-hrusa-768x432.jpg 768w, https:\/\/variace.kviff.com\/wp-content\/uploads\/2021\/10\/variace-kviff-fotky-detail-1600x900-jakub-hrusa-1536x864.jpg 1536w\" sizes=\"(max-width: 1600px) 100vw, 1600px\" \/>\t\t\t\t\t\t\t\t\t\t\t\t\t\t\t<\/div>\n\t\t\t\t<\/div>\n\t\t\t\t<div class=\"elementor-element elementor-element-a37e2a1 elementor-widget elementor-widget-text-editor\" data-id=\"a37e2a1\" data-element_type=\"widget\" data-e-type=\"widget\" data-widget_type=\"text-editor.default\">\n\t\t\t\t<div class=\"elementor-widget-container\">\n\t\t\t\t\t\t\t\t\t<span class=\"h2-small\">Jakub Hr\u016f\u0161a, conductor\n<\/span>\n<h5><span style=\"font-weight: 400;\">Jakub Hr\u016f\u0161a is chief conductor of the Bamberg Symphony and the principal guest conductor of the Czech Philharmonic and the Orchestra dell\u2019Accademia Nazionale di Santa Cecilia. He is a frequent guest of the world\u2019s most renowned orchestras.\n<\/span><\/h5>\n<h5><span style=\"font-weight: 400;\">Hr\u016f\u0161a studied conducting at Prague\u2019s Academy of Performing Arts, among others under Ji\u0159\u00ed B\u011blohl\u00e1vek. He is the first person to receive the Sir Charles Mackerras Award. In 2020, the Academy of Classical Music presented him with the Anton\u00edn Dvo\u0159\u00e1k Award and he and the Bamberg Symphony received the Bavarian State Prize for Music.\n<\/span><\/h5>\t\t\t\t\t\t\t\t<\/div>\n\t\t\t\t<\/div>\n\t\t\t\t\t<\/div>\n\t\t<\/div>\n\t\t\t\t\t<\/div>\n\t\t<\/section>\n\t\t\t\t<section class=\"elementor-section elementor-top-section elementor-element elementor-element-ed72eba elementor-section-boxed elementor-section-height-default elementor-section-height-default\" data-id=\"ed72eba\" data-element_type=\"section\" data-e-type=\"section\">\n\t\t\t\t\t\t<div class=\"elementor-container elementor-column-gap-default\">\n\t\t\t\t\t<div class=\"elementor-column elementor-col-100 elementor-top-column elementor-element elementor-element-6d01a40\" data-id=\"6d01a40\" data-element_type=\"column\" data-e-type=\"column\">\n\t\t\t<div class=\"elementor-widget-wrap elementor-element-populated\">\n\t\t\t\t\t\t<div class=\"elementor-element elementor-element-4474e1f elementor-widget elementor-widget-image\" data-id=\"4474e1f\" data-element_type=\"widget\" data-e-type=\"widget\" data-widget_type=\"image.default\">\n\t\t\t\t<div class=\"elementor-widget-container\">\n\t\t\t\t\t\t\t\t\t\t\t\t\t\t\t<img loading=\"lazy\" decoding=\"async\" width=\"1600\" height=\"900\" src=\"https:\/\/variace.kviff.com\/wp-content\/uploads\/2021\/10\/variace-kviff-fotky-detail-1600x900-Kian-Soltani_2017_12_0Q1A2658_credit-Holger-Hage_Deutsche-Grammophon.jpg\" class=\"attachment-full size-full wp-image-990\" alt=\"\" srcset=\"https:\/\/variace.kviff.com\/wp-content\/uploads\/2021\/10\/variace-kviff-fotky-detail-1600x900-Kian-Soltani_2017_12_0Q1A2658_credit-Holger-Hage_Deutsche-Grammophon.jpg 1600w, https:\/\/variace.kviff.com\/wp-content\/uploads\/2021\/10\/variace-kviff-fotky-detail-1600x900-Kian-Soltani_2017_12_0Q1A2658_credit-Holger-Hage_Deutsche-Grammophon-300x169.jpg 300w, https:\/\/variace.kviff.com\/wp-content\/uploads\/2021\/10\/variace-kviff-fotky-detail-1600x900-Kian-Soltani_2017_12_0Q1A2658_credit-Holger-Hage_Deutsche-Grammophon-1024x576.jpg 1024w, https:\/\/variace.kviff.com\/wp-content\/uploads\/2021\/10\/variace-kviff-fotky-detail-1600x900-Kian-Soltani_2017_12_0Q1A2658_credit-Holger-Hage_Deutsche-Grammophon-768x432.jpg 768w, https:\/\/variace.kviff.com\/wp-content\/uploads\/2021\/10\/variace-kviff-fotky-detail-1600x900-Kian-Soltani_2017_12_0Q1A2658_credit-Holger-Hage_Deutsche-Grammophon-1536x864.jpg 1536w\" sizes=\"(max-width: 1600px) 100vw, 1600px\" \/>\t\t\t\t\t\t\t\t\t\t\t\t\t\t\t<\/div>\n\t\t\t\t<\/div>\n\t\t\t\t<div class=\"elementor-element elementor-element-1cd82d3 elementor-widget elementor-widget-text-editor\" data-id=\"1cd82d3\" data-element_type=\"widget\" data-e-type=\"widget\" data-widget_type=\"text-editor.default\">\n\t\t\t\t<div class=\"elementor-widget-container\">\n\t\t\t\t\t\t\t\t\t<span class=\"h2-small\">Kian Soltani, cellist\n<\/span>\n<h5><span style=\"font-weight: 400;\">Kian Soltani is one of the most respected cello soloists today. Born in Austria into a family of Persian musicians, he has been playing the cello since the age of four. Right at the start of his artistic career at the age of nineteen, he called attention to himself by his extraordinary talent and earned a number of prestigious awards at international competitions. In 2017, he signed an exclusive recording contract with Deutsche Grammophon. He has performed with leading orchestras from around the world, including the Vienna Philharmonic and the Munich Philharmonic, and has also performed several times in the Czech Republic.\n<\/span><\/h5>\t\t\t\t\t\t\t\t<\/div>\n\t\t\t\t<\/div>\n\t\t\t\t\t<\/div>\n\t\t<\/div>\n\t\t\t\t\t<\/div>\n\t\t<\/section>\n\t\t\t\t<section class=\"elementor-section elementor-top-section elementor-element elementor-element-bf1a853 elementor-section-boxed elementor-section-height-default elementor-section-height-default\" data-id=\"bf1a853\" data-element_type=\"section\" data-e-type=\"section\">\n\t\t\t\t\t\t<div class=\"elementor-container elementor-column-gap-default\">\n\t\t\t\t\t<div class=\"elementor-column elementor-col-100 elementor-top-column elementor-element elementor-element-88f70f9\" data-id=\"88f70f9\" data-element_type=\"column\" data-e-type=\"column\">\n\t\t\t<div class=\"elementor-widget-wrap elementor-element-populated\">\n\t\t\t\t\t\t<div class=\"elementor-element elementor-element-446e1f4 elementor-widget elementor-widget-button\" data-id=\"446e1f4\" data-element_type=\"widget\" data-e-type=\"widget\" data-widget_type=\"button.default\">\n\t\t\t\t<div class=\"elementor-widget-container\">\n\t\t\t\t\t\t\t\t\t<div class=\"elementor-button-wrapper\">\n\t\t\t\t\t<a class=\"elementor-button elementor-button-link elementor-size-md\" href=\"https:\/\/variace.kviff.com\/en\/#program\">\n\t\t\t\t\t\t<span class=\"elementor-button-content-wrapper\">\n\t\t\t\t\t\t\t\t\t<span class=\"elementor-button-text\">Back to program<\/span>\n\t\t\t\t\t<\/span>\n\t\t\t\t\t<\/a>\n\t\t\t\t<\/div>\n\t\t\t\t\t\t\t\t<\/div>\n\t\t\t\t<\/div>\n\t\t\t\t\t<\/div>\n\t\t<\/div>\n\t\t\t\t\t<\/div>\n\t\t<\/section>\n\t\t\t\t<\/div>","protected":false},"excerpt":{"rendered":"<p>\u010cesk\u00e1 filharmonie hraje Dvo\u0159\u00e1ka Sobota 20. 11. 2021 \/ 19:30 \/ Karlovarsk\u00e9 m\u011bstsk\u00e9 divadloDv\u011b ikonick\u00e1 d\u00edla Anton\u00edna Dvo\u0159\u00e1ka &#8211; Osmou symfoni\u00ed a Koncert pro violoncello a orchestr h moll &#8211; zahraje \u010cesk\u00e1 filharmonie pod veden\u00edm dirigenta Jakuba Hr\u016f\u0161i. Jako s\u00f3lista vystoup\u00ed hv\u011bzdn\u00fd violoncellista Kian Soltani. Program: Anton\u00edn Dvo\u0159\u00e1k: Koncert pro violoncello a orchestr h moll, [&hellip;]<\/p>\n","protected":false},"author":1,"featured_media":0,"parent":0,"menu_order":0,"comment_status":"closed","ping_status":"closed","template":"","meta":{"_seopress_robots_primary_cat":"","_seopress_titles_title":"\u010cesk\u00e1 filharmonie hraje Dvo\u0159\u00e1ka \/ Variace 2021 \/ 19.-20. 11. 2021 \/ Karlovy Vary","_seopress_titles_desc":"Dv\u011b ikonick\u00e1 d\u00edla Anton\u00edna Dvo\u0159\u00e1ka - Osmou symfoni\u00ed a Koncert pro violoncello a orchestr h moll - zahraje \u010cesk\u00e1 filharmonie pod veden\u00edm dirigenta Jakuba Hr\u016f\u0161i. Jako s\u00f3lista vystoup\u00ed hv\u011bzdn\u00fd violoncellista Kian Soltani. ","_seopress_robots_index":"","footnotes":""},"class_list":["post-955","page","type-page","status-publish","hentry"],"_links":{"self":[{"href":"https:\/\/variace.kviff.com\/en\/wp-json\/wp\/v2\/pages\/955","targetHints":{"allow":["GET"]}}],"collection":[{"href":"https:\/\/variace.kviff.com\/en\/wp-json\/wp\/v2\/pages"}],"about":[{"href":"https:\/\/variace.kviff.com\/en\/wp-json\/wp\/v2\/types\/page"}],"author":[{"embeddable":true,"href":"https:\/\/variace.kviff.com\/en\/wp-json\/wp\/v2\/users\/1"}],"replies":[{"embeddable":true,"href":"https:\/\/variace.kviff.com\/en\/wp-json\/wp\/v2\/comments?post=955"}],"version-history":[{"count":116,"href":"https:\/\/variace.kviff.com\/en\/wp-json\/wp\/v2\/pages\/955\/revisions"}],"predecessor-version":[{"id":1664,"href":"https:\/\/variace.kviff.com\/en\/wp-json\/wp\/v2\/pages\/955\/revisions\/1664"}],"wp:attachment":[{"href":"https:\/\/variace.kviff.com\/en\/wp-json\/wp\/v2\/media?parent=955"}],"curies":[{"name":"wp","href":"https:\/\/api.w.org\/{rel}","templated":true}]}}